{"id":96,"date":"2015-03-22T11:13:04","date_gmt":"2015-03-22T11:13:04","guid":{"rendered":"http:\/\/trotest.megaflex.cz\/?page_id=96"},"modified":"2023-05-02T11:52:10","modified_gmt":"2023-05-02T11:52:10","slug":"materialy-pro-popis-a-rezani-laserem","status":"publish","type":"page","link":"https:\/\/www.megaflex.cz\/lasery\/materialy-pro-popis-a-rezani-laserem\/","title":{"rendered":"Materi\u00e1ly pro popis a \u0159ez\u00e1n\u00ed laserem"},"content":{"rendered":"\t\t<div data-elementor-type=\"wp-page\" data-elementor-id=\"96\" class=\"elementor elementor-96\" data-elementor-post-type=\"page\">\n\t\t\t\t\t\t\t\t\t<section class=\"elementor-section elementor-top-section elementor-element elementor-element-745b2e72 elementor-section-boxed elementor-section-height-default elementor-section-height-default\" data-id=\"745b2e72\" data-element_type=\"section\">\n\t\t\t\t\t\t<div class=\"elementor-container elementor-column-gap-default\">\n\t\t\t\t\t<div class=\"elementor-column elementor-col-100 elementor-top-column elementor-element elementor-element-da4f756\" data-id=\"da4f756\" data-element_type=\"column\">\n\t\t\t<div class=\"elementor-widget-wrap elementor-element-populated\">\n\t\t\t\t\t\t\t\t<div class=\"elementor-element elementor-element-b1cdfff elementor-posts__hover-none elementor-grid-3 elementor-grid-tablet-2 elementor-grid-mobile-1 elementor-posts--thumbnail-top elementor-card-shadow-yes elementor-widget elementor-widget-posts\" data-id=\"b1cdfff\" data-element_type=\"widget\" data-settings=\"{&quot;pagination_type&quot;:&quot;load_more_infinite_scroll&quot;,&quot;cards_row_gap&quot;:{&quot;unit&quot;:&quot;px&quot;,&quot;size&quot;:20,&quot;sizes&quot;:[]},&quot;cards_columns&quot;:&quot;3&quot;,&quot;cards_columns_tablet&quot;:&quot;2&quot;,&quot;cards_columns_mobile&quot;:&quot;1&quot;,&quot;cards_row_gap_tablet&quot;:{&quot;unit&quot;:&quot;px&quot;,&quot;size&quot;:&quot;&quot;,&quot;sizes&quot;:[]},&quot;cards_row_gap_mobile&quot;:{&quot;unit&quot;:&quot;px&quot;,&quot;size&quot;:&quot;&quot;,&quot;sizes&quot;:[]},&quot;load_more_spinner&quot;:{&quot;value&quot;:&quot;fas fa-spinner&quot;,&quot;library&quot;:&quot;fa-solid&quot;}}\" data-widget_type=\"posts.cards\">\n\t\t\t\t<div class=\"elementor-widget-container\">\n\t\t\t<link rel=\"stylesheet\" href=\"https:\/\/www.megaflex.cz\/lasery\/wp-content\/plugins\/elementor-pro\/assets\/css\/widget-posts.min.css\">\t\t<div class=\"elementor-posts-container elementor-posts elementor-posts--skin-cards elementor-grid\">\n\t\t\t\t<article class=\"elementor-post elementor-grid-item post-319 material type-material status-publish has-post-thumbnail hentry\">\n\t\t\t<div class=\"elementor-post__card\">\n\t\t\t\t<a class=\"elementor-post__thumbnail__link\" href=\"https:\/\/www.megaflex.cz\/lasery\/material\/gravirovani-vrstvenych-plastu\/\" tabindex=\"-1\"><div class=\"elementor-post__thumbnail\"><img loading=\"lazy\" decoding=\"async\" width=\"584\" height=\"399\" src=\"https:\/\/www.megaflex.cz\/lasery\/files\/2015\/04\/material-9.jpg\" class=\"attachment-large size-large wp-image-15831\" alt=\"\" srcset=\"https:\/\/www.megaflex.cz\/lasery\/files\/2015\/04\/material-9.jpg 584w, https:\/\/www.megaflex.cz\/lasery\/files\/2015\/04\/material-9-300x205.jpg 300w\" sizes=\"(max-width: 584px) 100vw, 584px\" \/><\/div><\/a>\n\t\t\t\t<div class=\"elementor-post__text\">\n\t\t\t\t<h3 class=\"elementor-post__title\">\n\t\t\t<a href=\"https:\/\/www.megaflex.cz\/lasery\/material\/gravirovani-vrstvenych-plastu\/\">\n\t\t\t\tGrav\u00edrov\u00e1n\u00ed vrstven\u00fdch plast\u016f\t\t\t<\/a>\n\t\t<\/h3>\n\t\t\t\t<div class=\"elementor-post__excerpt\">\n\t\t\t<p>&nbsp; Co je vrstven\u00fd plast? Vrstven\u00e9 plasty\u00a0jsou obvykle dvouvrstv\u00e9, n\u011bkdy i t\u0159\u00edvrstv\u00e9 plasty. J\u00e1dro\u00a0je\u00a0obvykle z akryl\u00e1tu. Toto j\u00e1dro je pota\u017eeno tenkou vrchn\u00ed vrstvou. Kdy\u017e je<\/p>\n\t\t<\/div>\n\t\t\t\t<\/div>\n\t\t\t\t\t<\/div>\n\t\t<\/article>\n\t\t\t\t<article class=\"elementor-post elementor-grid-item post-336 material type-material status-publish has-post-thumbnail hentry\">\n\t\t\t<div class=\"elementor-post__card\">\n\t\t\t\t<a class=\"elementor-post__thumbnail__link\" href=\"https:\/\/www.megaflex.cz\/lasery\/material\/rezani-a-gravirovani-dreva\/\" tabindex=\"-1\"><div class=\"elementor-post__thumbnail\"><img loading=\"lazy\" decoding=\"async\" width=\"584\" height=\"399\" src=\"https:\/\/www.megaflex.cz\/lasery\/files\/2015\/04\/material-1.jpg\" class=\"attachment-large size-large wp-image-15801\" alt=\"\" srcset=\"https:\/\/www.megaflex.cz\/lasery\/files\/2015\/04\/material-1.jpg 584w, https:\/\/www.megaflex.cz\/lasery\/files\/2015\/04\/material-1-300x205.jpg 300w\" sizes=\"(max-width: 584px) 100vw, 584px\" \/><\/div><\/a>\n\t\t\t\t<div class=\"elementor-post__text\">\n\t\t\t\t<h3 class=\"elementor-post__title\">\n\t\t\t<a href=\"https:\/\/www.megaflex.cz\/lasery\/material\/rezani-a-gravirovani-dreva\/\">\n\t\t\t\t\u0158ez\u00e1n\u00ed a grav\u00edrov\u00e1n\u00ed d\u0159eva\t\t\t<\/a>\n\t\t<\/h3>\n\t\t\t\t<div class=\"elementor-post__excerpt\">\n\t\t\t<p>Jak funguje \u0159ez\u00e1n\u00ed a grav\u00edrov\u00e1n\u00ed d\u0159eva laserem? P\u0159i \u0159ez\u00e1n\u00ed a grav\u00edrov\u00e1n\u00ed d\u0159eva laserem\u00a0jsou zvl\u00e1\u0161t\u011b d\u016fle\u017eit\u00e9 vysok\u00e1 rychlost zpracov\u00e1n\u00ed a \u010dist\u00e9 hrany. Lasery Trotec\u00a0vytv\u00e1\u0159ej\u00ed \u010dist\u00fd \u0159ez<\/p>\n\t\t<\/div>\n\t\t\t\t<\/div>\n\t\t\t\t\t<\/div>\n\t\t<\/article>\n\t\t\t\t<article class=\"elementor-post elementor-grid-item post-311 material type-material status-publish has-post-thumbnail hentry\">\n\t\t\t<div class=\"elementor-post__card\">\n\t\t\t\t<a class=\"elementor-post__thumbnail__link\" href=\"https:\/\/www.megaflex.cz\/lasery\/material\/rezani-akrylatu\/\" tabindex=\"-1\"><div class=\"elementor-post__thumbnail\"><img loading=\"lazy\" decoding=\"async\" width=\"584\" height=\"399\" src=\"https:\/\/www.megaflex.cz\/lasery\/files\/2015\/04\/material-14.jpg\" class=\"attachment-large size-large wp-image-15849\" alt=\"\" srcset=\"https:\/\/www.megaflex.cz\/lasery\/files\/2015\/04\/material-14.jpg 584w, https:\/\/www.megaflex.cz\/lasery\/files\/2015\/04\/material-14-300x205.jpg 300w\" sizes=\"(max-width: 584px) 100vw, 584px\" \/><\/div><\/a>\n\t\t\t\t<div class=\"elementor-post__text\">\n\t\t\t\t<h3 class=\"elementor-post__title\">\n\t\t\t<a href=\"https:\/\/www.megaflex.cz\/lasery\/material\/rezani-akrylatu\/\">\n\t\t\t\t\u0158ez\u00e1n\u00ed akryl\u00e1tu\t\t\t<\/a>\n\t\t<\/h3>\n\t\t\t\t<div class=\"elementor-post__excerpt\">\n\t\t\t<p>Jak funguje \u0159ez\u00e1n\u00ed a grav\u00edrov\u00e1n\u00ed akryl\u00e1tu laserem? \u0158ez\u00e1n\u00ed laserem vytv\u00e1\u0159\u00ed k\u0159i\u0161\u0165\u00e1lov\u011b \u010dist\u00e9 \u0159ezn\u00e9 hrany a vnit\u0159n\u00ed kontury a \u017e\u00e1dn\u00e9 dodate\u010dn\u00e9 o\u0161et\u0159en\u00ed materi\u00e1lu nen\u00ed pot\u0159eba. Lit\u00e9<\/p>\n\t\t<\/div>\n\t\t\t\t<\/div>\n\t\t\t\t\t<\/div>\n\t\t<\/article>\n\t\t\t\t<article class=\"elementor-post elementor-grid-item post-325 material type-material status-publish has-post-thumbnail hentry\">\n\t\t\t<div class=\"elementor-post__card\">\n\t\t\t\t<a class=\"elementor-post__thumbnail__link\" href=\"https:\/\/www.megaflex.cz\/lasery\/material\/rezani-papiru-a-kartonu\/\" tabindex=\"-1\"><div class=\"elementor-post__thumbnail\"><img loading=\"lazy\" decoding=\"async\" width=\"584\" height=\"399\" src=\"https:\/\/www.megaflex.cz\/lasery\/files\/2015\/04\/material-6.jpg\" class=\"attachment-large size-large wp-image-15819\" alt=\"\" srcset=\"https:\/\/www.megaflex.cz\/lasery\/files\/2015\/04\/material-6.jpg 584w, https:\/\/www.megaflex.cz\/lasery\/files\/2015\/04\/material-6-300x205.jpg 300w\" sizes=\"(max-width: 584px) 100vw, 584px\" \/><\/div><\/a>\n\t\t\t\t<div class=\"elementor-post__text\">\n\t\t\t\t<h3 class=\"elementor-post__title\">\n\t\t\t<a href=\"https:\/\/www.megaflex.cz\/lasery\/material\/rezani-papiru-a-kartonu\/\">\n\t\t\t\t\u0158ez\u00e1n\u00ed pap\u00edru a kart\u00f3nu\t\t\t<\/a>\n\t\t<\/h3>\n\t\t\t\t<div class=\"elementor-post__excerpt\">\n\t\t\t<p>Jak funguje \u0159ez\u00e1n\u00ed a grav\u00edrov\u00e1n\u00ed pap\u00edru laserem? Lasery se zvl\u00e1\u0161\u0165 dob\u0159e hod\u00ed pro realizaci i t\u011bch nejjemn\u011bj\u0161\u00edch geometri\u00ed s maxim\u00e1ln\u00ed p\u0159esnost\u00ed a kvalitou. \u0158ezac\u00ed plotr<\/p>\n\t\t<\/div>\n\t\t\t\t<\/div>\n\t\t\t\t\t<\/div>\n\t\t<\/article>\n\t\t\t\t<article class=\"elementor-post elementor-grid-item post-335 material type-material status-publish has-post-thumbnail hentry\">\n\t\t\t<div class=\"elementor-post__card\">\n\t\t\t\t<a class=\"elementor-post__thumbnail__link\" href=\"https:\/\/www.megaflex.cz\/lasery\/material\/rezani-textilu\/\" tabindex=\"-1\"><div class=\"elementor-post__thumbnail\"><img loading=\"lazy\" decoding=\"async\" width=\"584\" height=\"399\" src=\"https:\/\/www.megaflex.cz\/lasery\/files\/2015\/04\/material-2.jpg\" class=\"attachment-large size-large wp-image-15804\" alt=\"\" srcset=\"https:\/\/www.megaflex.cz\/lasery\/files\/2015\/04\/material-2.jpg 584w, https:\/\/www.megaflex.cz\/lasery\/files\/2015\/04\/material-2-300x205.jpg 300w\" sizes=\"(max-width: 584px) 100vw, 584px\" \/><\/div><\/a>\n\t\t\t\t<div class=\"elementor-post__text\">\n\t\t\t\t<h3 class=\"elementor-post__title\">\n\t\t\t<a href=\"https:\/\/www.megaflex.cz\/lasery\/material\/rezani-textilu\/\">\n\t\t\t\t\u0158ez\u00e1n\u00ed textilu\t\t\t<\/a>\n\t\t<\/h3>\n\t\t\t\t<div class=\"elementor-post__excerpt\">\n\t\t\t<p>\u00a0 Jak funguje \u0159ez\u00e1n\u00ed a grav\u00edrov\u00e1n\u00ed textilu laserem? Laserov\u00e9 grav\u00edrov\u00e1n\u00ed zjemn\u00ed povrch materi\u00e1lu, \u010d\u00edm\u017e se zvy\u0161uje kvalita tkaniny. Na rozd\u00edl od tisku, laserov\u00e9 grav\u00edrov\u00e1n\u00ed nav\u00edc<\/p>\n\t\t<\/div>\n\t\t\t\t<\/div>\n\t\t\t\t\t<\/div>\n\t\t<\/article>\n\t\t\t\t<article class=\"elementor-post elementor-grid-item post-331 material type-material status-publish has-post-thumbnail hentry\">\n\t\t\t<div class=\"elementor-post__card\">\n\t\t\t\t<a class=\"elementor-post__thumbnail__link\" href=\"https:\/\/www.megaflex.cz\/lasery\/material\/gravirovani-kamene\/\" tabindex=\"-1\"><div class=\"elementor-post__thumbnail\"><img loading=\"lazy\" decoding=\"async\" width=\"584\" height=\"399\" src=\"https:\/\/www.megaflex.cz\/lasery\/files\/2015\/04\/material-3.jpg\" class=\"attachment-large size-large wp-image-15807\" alt=\"\" srcset=\"https:\/\/www.megaflex.cz\/lasery\/files\/2015\/04\/material-3.jpg 584w, https:\/\/www.megaflex.cz\/lasery\/files\/2015\/04\/material-3-300x205.jpg 300w\" sizes=\"(max-width: 584px) 100vw, 584px\" \/><\/div><\/a>\n\t\t\t\t<div class=\"elementor-post__text\">\n\t\t\t\t<h3 class=\"elementor-post__title\">\n\t\t\t<a href=\"https:\/\/www.megaflex.cz\/lasery\/material\/gravirovani-kamene\/\">\n\t\t\t\tGrav\u00edrov\u00e1n\u00ed kamene\t\t\t<\/a>\n\t\t<\/h3>\n\t\t\t\t<div class=\"elementor-post__excerpt\">\n\t\t\t<p>&nbsp; Jak funguje grav\u00edrov\u00e1n\u00ed kamene laserem? Laserov\u00e9 grav\u00edrov\u00e1n\u00ed roztav\u00ed povrch kamene a p\u016fsob\u00ed tak p\u0159\u00edmo na materi\u00e1lu. V d\u016fsledku toho nen\u00ed t\u0159eba vyr\u00e1b\u011bt \u017e\u00e1dnou\u00a0\u0161ablonu jako<\/p>\n\t\t<\/div>\n\t\t\t\t<\/div>\n\t\t\t\t\t<\/div>\n\t\t<\/article>\n\t\t\t\t<article class=\"elementor-post elementor-grid-item post-330 material type-material status-publish has-post-thumbnail hentry\">\n\t\t\t<div class=\"elementor-post__card\">\n\t\t\t\t<a class=\"elementor-post__thumbnail__link\" href=\"https:\/\/www.megaflex.cz\/lasery\/material\/gravirovani-laserove-gumy\/\" tabindex=\"-1\"><div class=\"elementor-post__thumbnail\"><img loading=\"lazy\" decoding=\"async\" width=\"584\" height=\"399\" src=\"https:\/\/www.megaflex.cz\/lasery\/files\/2015\/04\/material-4.jpg\" class=\"attachment-large size-large wp-image-15811\" alt=\"\" srcset=\"https:\/\/www.megaflex.cz\/lasery\/files\/2015\/04\/material-4.jpg 584w, https:\/\/www.megaflex.cz\/lasery\/files\/2015\/04\/material-4-300x205.jpg 300w\" sizes=\"(max-width: 584px) 100vw, 584px\" \/><\/div><\/a>\n\t\t\t\t<div class=\"elementor-post__text\">\n\t\t\t\t<h3 class=\"elementor-post__title\">\n\t\t\t<a href=\"https:\/\/www.megaflex.cz\/lasery\/material\/gravirovani-laserove-gumy\/\">\n\t\t\t\tGrav\u00edrov\u00e1n\u00ed laserov\u00e9 gumy\t\t\t<\/a>\n\t\t<\/h3>\n\t\t\t\t<div class=\"elementor-post__excerpt\">\n\t\t\t<p>&nbsp; Jak funguje grav\u00edrov\u00e1n\u00ed gumy laserem? Pro laserov\u00e9 grav\u00edrov\u00e1n\u00ed raz\u00edtkov\u00fdch \u0161to\u010dk\u016f mus\u00ed b\u00fdt text zrcadlen\u00fd a p\u0159evr\u00e1cen\u00fd. To prov\u00e1d\u00ed automaticky program Trotec JobControl. A pomoc\u00ed<\/p>\n\t\t<\/div>\n\t\t\t\t<\/div>\n\t\t\t\t\t<\/div>\n\t\t<\/article>\n\t\t\t\t<article class=\"elementor-post elementor-grid-item post-329 material type-material status-publish has-post-thumbnail hentry\">\n\t\t\t<div class=\"elementor-post__card\">\n\t\t\t\t<a class=\"elementor-post__thumbnail__link\" href=\"https:\/\/www.megaflex.cz\/lasery\/material\/gravirovani-a-rezani-plastu\/\" tabindex=\"-1\"><div class=\"elementor-post__thumbnail\"><img loading=\"lazy\" decoding=\"async\" width=\"584\" height=\"399\" src=\"https:\/\/www.megaflex.cz\/lasery\/files\/2015\/04\/material-5.jpg\" class=\"attachment-large size-large wp-image-15815\" alt=\"\" srcset=\"https:\/\/www.megaflex.cz\/lasery\/files\/2015\/04\/material-5.jpg 584w, https:\/\/www.megaflex.cz\/lasery\/files\/2015\/04\/material-5-300x205.jpg 300w\" sizes=\"(max-width: 584px) 100vw, 584px\" \/><\/div><\/a>\n\t\t\t\t<div class=\"elementor-post__text\">\n\t\t\t\t<h3 class=\"elementor-post__title\">\n\t\t\t<a href=\"https:\/\/www.megaflex.cz\/lasery\/material\/gravirovani-a-rezani-plastu\/\">\n\t\t\t\tGrav\u00edrov\u00e1n\u00ed a \u0159ez\u00e1n\u00ed plast\u016f\t\t\t<\/a>\n\t\t<\/h3>\n\t\t\t\t<div class=\"elementor-post__excerpt\">\n\t\t\t<p>&nbsp; Jak funguje \u0159ez\u00e1n\u00ed plast\u016f laserem? \u0158ez\u00e1n\u00ed akryl\u00e1tu je jednou z nej\u010dast\u011bj\u0161\u00edch laserov\u00fdch aplikac\u00ed. Av\u0161ak i jin\u00e9 plasty, jako je nap\u0159\u00edklad polykarbon\u00e1t, polypropylen a polyethylen<\/p>\n\t\t<\/div>\n\t\t\t\t<\/div>\n\t\t\t\t\t<\/div>\n\t\t<\/article>\n\t\t\t\t<article class=\"elementor-post elementor-grid-item post-324 material type-material status-publish has-post-thumbnail hentry\">\n\t\t\t<div class=\"elementor-post__card\">\n\t\t\t\t<a class=\"elementor-post__thumbnail__link\" href=\"https:\/\/www.megaflex.cz\/lasery\/material\/znaceni-a-gravirovani-kovu\/\" tabindex=\"-1\"><div class=\"elementor-post__thumbnail\"><img loading=\"lazy\" decoding=\"async\" width=\"584\" height=\"399\" src=\"https:\/\/www.megaflex.cz\/lasery\/files\/2015\/04\/material-7.jpg\" class=\"attachment-large size-large wp-image-15823\" alt=\"\" srcset=\"https:\/\/www.megaflex.cz\/lasery\/files\/2015\/04\/material-7.jpg 584w, https:\/\/www.megaflex.cz\/lasery\/files\/2015\/04\/material-7-300x205.jpg 300w\" sizes=\"(max-width: 584px) 100vw, 584px\" \/><\/div><\/a>\n\t\t\t\t<div class=\"elementor-post__text\">\n\t\t\t\t<h3 class=\"elementor-post__title\">\n\t\t\t<a href=\"https:\/\/www.megaflex.cz\/lasery\/material\/znaceni-a-gravirovani-kovu\/\">\n\t\t\t\tZna\u010den\u00ed a grav\u00edrov\u00e1n\u00ed kov\u016f\t\t\t<\/a>\n\t\t<\/h3>\n\t\t\t\t<div class=\"elementor-post__excerpt\">\n\t\t\t<p>&nbsp; Jak\u00e9 jsou v\u00fdhody laserov\u00e9ho zna\u010den\u00ed kov\u016f? Zna\u010den\u00ed kov\u016f laserem je extr\u00e9mn\u011b p\u0159esn\u00fd a \u010dist\u00fd zp\u016fsob, jak pracovat s kovv. Zna\u010den\u00ed, jako jsou s\u00e9riov\u00e1 \u010d\u00edsla,<\/p>\n\t\t<\/div>\n\t\t\t\t<\/div>\n\t\t\t\t\t<\/div>\n\t\t<\/article>\n\t\t\t\t<article class=\"elementor-post elementor-grid-item post-323 material type-material status-publish has-post-thumbnail hentry\">\n\t\t\t<div class=\"elementor-post__card\">\n\t\t\t\t<a class=\"elementor-post__thumbnail__link\" href=\"https:\/\/www.megaflex.cz\/lasery\/material\/gravirovani-a-rezani-kuze\/\" tabindex=\"-1\"><div class=\"elementor-post__thumbnail\"><img loading=\"lazy\" decoding=\"async\" width=\"584\" height=\"399\" src=\"https:\/\/www.megaflex.cz\/lasery\/files\/2015\/04\/material-8.jpg\" class=\"attachment-large size-large wp-image-15827\" alt=\"\" srcset=\"https:\/\/www.megaflex.cz\/lasery\/files\/2015\/04\/material-8.jpg 584w, https:\/\/www.megaflex.cz\/lasery\/files\/2015\/04\/material-8-300x205.jpg 300w\" sizes=\"(max-width: 584px) 100vw, 584px\" \/><\/div><\/a>\n\t\t\t\t<div class=\"elementor-post__text\">\n\t\t\t\t<h3 class=\"elementor-post__title\">\n\t\t\t<a href=\"https:\/\/www.megaflex.cz\/lasery\/material\/gravirovani-a-rezani-kuze\/\">\n\t\t\t\tGrav\u00edrov\u00e1n\u00ed a \u0159ez\u00e1n\u00ed k\u016f\u017ee\t\t\t<\/a>\n\t\t<\/h3>\n\t\t\t\t<div class=\"elementor-post__excerpt\">\n\t\t\t<p>&nbsp; Jak funguje grav\u00edrov\u00e1n\u00ed k\u016f\u017ee laserem? Laser sublimuje povrch k\u016f\u017ee, co\u017e znamen\u00e1, \u017ee k\u016f\u017ee p\u0159ech\u00e1z\u00ed do plynn\u00e9 f\u00e1ze (\u201evypa\u0159uje se\u201c). Se zvy\u0161uj\u00edc\u00edm se v\u00fdkonem laseru<\/p>\n\t\t<\/div>\n\t\t\t\t<\/div>\n\t\t\t\t\t<\/div>\n\t\t<\/article>\n\t\t\t\t<article class=\"elementor-post elementor-grid-item post-318 material type-material status-publish has-post-thumbnail hentry\">\n\t\t\t<div class=\"elementor-post__card\">\n\t\t\t\t<a class=\"elementor-post__thumbnail__link\" href=\"https:\/\/www.megaflex.cz\/lasery\/material\/gravirovani-skla-a-kristalu\/\" tabindex=\"-1\"><div class=\"elementor-post__thumbnail\"><img loading=\"lazy\" decoding=\"async\" width=\"394\" height=\"394\" src=\"https:\/\/www.megaflex.cz\/lasery\/files\/2015\/04\/Laser-engraved-wine-glass-1.jpg\" class=\"attachment-large size-large wp-image-15835\" alt=\"\" srcset=\"https:\/\/www.megaflex.cz\/lasery\/files\/2015\/04\/Laser-engraved-wine-glass-1.jpg 394w, https:\/\/www.megaflex.cz\/lasery\/files\/2015\/04\/Laser-engraved-wine-glass-1-300x300.jpg 300w, https:\/\/www.megaflex.cz\/lasery\/files\/2015\/04\/Laser-engraved-wine-glass-1-150x150.jpg 150w, https:\/\/www.megaflex.cz\/lasery\/files\/2015\/04\/Laser-engraved-wine-glass-1-100x100.jpg 100w\" sizes=\"(max-width: 394px) 100vw, 394px\" \/><\/div><\/a>\n\t\t\t\t<div class=\"elementor-post__text\">\n\t\t\t\t<h3 class=\"elementor-post__title\">\n\t\t\t<a href=\"https:\/\/www.megaflex.cz\/lasery\/material\/gravirovani-skla-a-kristalu\/\">\n\t\t\t\tGrav\u00edrov\u00e1n\u00ed skla a k\u0159i\u0161\u0165\u00e1lu\t\t\t<\/a>\n\t\t<\/h3>\n\t\t\t\t<div class=\"elementor-post__excerpt\">\n\t\t\t<p>Jak funguje grav\u00edrov\u00e1n\u00ed skla laserem? Laserov\u00e9 grav\u00edrov\u00e1n\u00ed skla je velmi snadn\u00e9. V pr\u016fb\u011bhu grav\u00edrov\u00e1n\u00ed laserem je materi\u00e1l p\u0159\u00edmo &#8222;lept\u00e1n&#8220;. Nemus\u00ed b\u00fdt vytvo\u0159eny \u017e\u00e1dn\u00e9 \u0161ablony (jak<\/p>\n\t\t<\/div>\n\t\t\t\t<\/div>\n\t\t\t\t\t<\/div>\n\t\t<\/article>\n\t\t\t\t<article class=\"elementor-post elementor-grid-item post-317 material type-material status-publish has-post-thumbnail hentry\">\n\t\t\t<div class=\"elementor-post__card\">\n\t\t\t\t<a class=\"elementor-post__thumbnail__link\" href=\"https:\/\/www.megaflex.cz\/lasery\/material\/rezani-peny-a-filtracnich-materialu\/\" tabindex=\"-1\"><div class=\"elementor-post__thumbnail\"><img loading=\"lazy\" decoding=\"async\" width=\"584\" height=\"399\" src=\"https:\/\/www.megaflex.cz\/lasery\/files\/2015\/04\/material-11.jpg\" class=\"attachment-large size-large wp-image-15838\" alt=\"\" srcset=\"https:\/\/www.megaflex.cz\/lasery\/files\/2015\/04\/material-11.jpg 584w, https:\/\/www.megaflex.cz\/lasery\/files\/2015\/04\/material-11-300x205.jpg 300w\" sizes=\"(max-width: 584px) 100vw, 584px\" \/><\/div><\/a>\n\t\t\t\t<div class=\"elementor-post__text\">\n\t\t\t\t<h3 class=\"elementor-post__title\">\n\t\t\t<a href=\"https:\/\/www.megaflex.cz\/lasery\/material\/rezani-peny-a-filtracnich-materialu\/\">\n\t\t\t\t\u0158ez\u00e1n\u00ed p\u011bny a filtra\u010dn\u00edch materi\u00e1l\u016f\t\t\t<\/a>\n\t\t<\/h3>\n\t\t\t\t<div class=\"elementor-post__excerpt\">\n\t\t\t<p>&nbsp; Co je zvl\u00e1\u0161tn\u00edho na \u0159ez\u00e1n\u00ed p\u011bny laserem? Laser je vysoce flexibiln\u00ed n\u00e1stroj: V\u0161echno je mo\u017en\u00e9, od prototyp\u016f a\u017e po s\u00e9riovou v\u00fdrobu. Lze pracovat p\u0159\u00edmo<\/p>\n\t\t<\/div>\n\t\t\t\t<\/div>\n\t\t\t\t\t<\/div>\n\t\t<\/article>\n\t\t\t\t<article class=\"elementor-post elementor-grid-item post-315 material type-material status-publish has-post-thumbnail hentry\">\n\t\t\t<div class=\"elementor-post__card\">\n\t\t\t\t<a class=\"elementor-post__thumbnail__link\" href=\"https:\/\/www.megaflex.cz\/lasery\/material\/rezani-plastovych-folii-a-filmu\/\" tabindex=\"-1\"><div class=\"elementor-post__thumbnail\"><img loading=\"lazy\" decoding=\"async\" width=\"584\" height=\"399\" src=\"https:\/\/www.megaflex.cz\/lasery\/files\/2015\/04\/material-12.jpg\" class=\"attachment-large size-large wp-image-15845\" alt=\"\" srcset=\"https:\/\/www.megaflex.cz\/lasery\/files\/2015\/04\/material-12.jpg 584w, https:\/\/www.megaflex.cz\/lasery\/files\/2015\/04\/material-12-300x205.jpg 300w\" sizes=\"(max-width: 584px) 100vw, 584px\" \/><\/div><\/a>\n\t\t\t\t<div class=\"elementor-post__text\">\n\t\t\t\t<h3 class=\"elementor-post__title\">\n\t\t\t<a href=\"https:\/\/www.megaflex.cz\/lasery\/material\/rezani-plastovych-folii-a-filmu\/\">\n\t\t\t\t\u0158ez\u00e1n\u00ed plastov\u00fdch f\u00f3li\u00ed a film\u016f\t\t\t<\/a>\n\t\t<\/h3>\n\t\t\t\t<div class=\"elementor-post__excerpt\">\n\t\t\t<p>&nbsp; Jak funguje \u0159ez\u00e1n\u00ed f\u00f3li\u00ed a film\u016f laserem? \u0158\u00edzen\u00e9\u00a0taven\u00ed materi\u00e1lu zaji\u0161\u0165uje \u010dist\u00e9 \u0159ezn\u00e9 hrany bez zne\u010di\u0161t\u011bn\u00ed. Laser nab\u00edz\u00ed mnoho v\u00fdhod p\u0159i pr\u00e1ci s v\u00edcevrstv\u00fdmi filmy:<\/p>\n\t\t<\/div>\n\t\t\t\t<\/div>\n\t\t\t\t\t<\/div>\n\t\t<\/article>\n\t\t\t\t<article class=\"elementor-post elementor-grid-item post-313 material type-material status-publish has-post-thumbnail hentry\">\n\t\t\t<div class=\"elementor-post__card\">\n\t\t\t\t<a class=\"elementor-post__thumbnail__link\" href=\"https:\/\/www.megaflex.cz\/lasery\/material\/gravirovani-delrinu-pro-reliefni-razitka\/\" tabindex=\"-1\"><div class=\"elementor-post__thumbnail\"><img loading=\"lazy\" decoding=\"async\" width=\"584\" height=\"399\" src=\"https:\/\/www.megaflex.cz\/lasery\/files\/2015\/04\/material-13.jpg\" class=\"attachment-large size-large wp-image-15853\" alt=\"\" srcset=\"https:\/\/www.megaflex.cz\/lasery\/files\/2015\/04\/material-13.jpg 584w, https:\/\/www.megaflex.cz\/lasery\/files\/2015\/04\/material-13-300x205.jpg 300w\" sizes=\"(max-width: 584px) 100vw, 584px\" \/><\/div><\/a>\n\t\t\t\t<div class=\"elementor-post__text\">\n\t\t\t\t<h3 class=\"elementor-post__title\">\n\t\t\t<a href=\"https:\/\/www.megaflex.cz\/lasery\/material\/gravirovani-delrinu-pro-reliefni-razitka\/\">\n\t\t\t\tGrav\u00edrov\u00e1n\u00ed Delrinu pro reli\u00e9fn\u00ed raz\u00edtka\t\t\t<\/a>\n\t\t<\/h3>\n\t\t\t\t<div class=\"elementor-post__excerpt\">\n\t\t\t<p>Jak funguje grav\u00edrov\u00e1n\u00ed Delrinu pro reli\u00e9fn\u00ed raz\u00edtka laserem? Pozitivn\u00ed \u010diteln\u00e1 \u010d\u00e1st (patrice) jsou b\u00edl\u00e1 p\u00edsmena na \u010dern\u00e9m pozad\u00ed, zat\u00edmco negativn\u00ed \u010d\u00e1st (matrice) je p\u0159evr\u00e1cen\u00e1 a<\/p>\n\t\t<\/div>\n\t\t\t\t<\/div>\n\t\t\t\t\t<\/div>\n\t\t<\/article>\n\t\t\t\t<\/div>\n\t\t\t\t\t<span class=\"e-load-more-spinner\">\n\t\t\t\t<i aria-hidden=\"true\" class=\"fas fa-spinner\"><\/i>\t\t\t<\/span>\n\t\t\n\t\t\t\t<\/div>\n\t\t\t\t<\/div>\n\t\t\t\t\t<\/div>\n\t\t<\/div>\n\t\t\t\t\t\t\t<\/div>\n\t\t<\/section>\n\t\t\t\t<section class=\"elementor-section elementor-top-section elementor-element elementor-element-a811e15 elementor-section-boxed elementor-section-height-default elementor-section-height-default\" data-id=\"a811e15\" data-element_type=\"section\">\n\t\t\t\t\t\t<div class=\"elementor-container elementor-column-gap-default\">\n\t\t\t\t\t<div class=\"elementor-column elementor-col-100 elementor-top-column elementor-element elementor-element-d5bc9b5\" data-id=\"d5bc9b5\" data-element_type=\"column\">\n\t\t\t<div class=\"elementor-widget-wrap\">\n\t\t\t\t\t\t\t\t\t<\/div>\n\t\t<\/div>\n\t\t\t\t\t\t\t<\/div>\n\t\t<\/section>\n\t\t\t\t\t\t\t<\/div>\n\t\t","protected":false},"excerpt":{"rendered":"","protected":false},"author":1,"featured_media":0,"parent":0,"menu_order":0,"comment_status":"closed","ping_status":"closed","template":"","meta":{"inline_featured_image":false,"_lmt_disableupdate":"","_lmt_disable":"","footnotes":""},"acf":[],"_links":{"self":[{"href":"https:\/\/www.megaflex.cz\/lasery\/wp-json\/wp\/v2\/pages\/96"}],"collection":[{"href":"https:\/\/www.megaflex.cz\/lasery\/wp-json\/wp\/v2\/pages"}],"about":[{"href":"https:\/\/www.megaflex.cz\/lasery\/wp-json\/wp\/v2\/types\/page"}],"author":[{"embeddable":true,"href":"https:\/\/www.megaflex.cz\/lasery\/wp-json\/wp\/v2\/users\/1"}],"replies":[{"embeddable":true,"href":"https:\/\/www.megaflex.cz\/lasery\/wp-json\/wp\/v2\/comments?post=96"}],"version-history":[{"count":24,"href":"https:\/\/www.megaflex.cz\/lasery\/wp-json\/wp\/v2\/pages\/96\/revisions"}],"predecessor-version":[{"id":14430,"href":"https:\/\/www.megaflex.cz\/lasery\/wp-json\/wp\/v2\/pages\/96\/revisions\/14430"}],"wp:attachment":[{"href":"https:\/\/www.megaflex.cz\/lasery\/wp-json\/wp\/v2\/media?parent=96"}],"curies":[{"name":"wp","href":"https:\/\/api.w.org\/{rel}","templated":true}]}}