{"id":3070,"date":"2015-08-05T05:53:45","date_gmt":"2015-08-05T05:53:45","guid":{"rendered":"http:\/\/www.megaflex.cz\/lasery\/?page_id=3070"},"modified":"2025-12-11T18:21:58","modified_gmt":"2025-12-11T16:21:58","slug":"skoleni-laserove-bezpecnosti","status":"publish","type":"page","link":"https:\/\/www.megaflex.cz\/lasery\/skoleni-laserove-bezpecnosti\/","title":{"rendered":"\u0160kolen\u00ed laserov\u00e9 bezpe\u010dnosti"},"content":{"rendered":"\t\t<div data-elementor-type=\"wp-page\" data-elementor-id=\"3070\" class=\"elementor elementor-3070\" data-elementor-post-type=\"page\">\n\t\t\t\t\t\t\t\t\t<section class=\"elementor-section elementor-top-section elementor-element elementor-element-205fac5 elementor-section-boxed elementor-section-height-default elementor-section-height-default\" data-id=\"205fac5\" data-element_type=\"section\">\n\t\t\t\t\t\t<div class=\"elementor-container elementor-column-gap-default\">\n\t\t\t\t\t<div class=\"elementor-column elementor-col-100 elementor-top-column elementor-element elementor-element-eda3df7\" data-id=\"eda3df7\" data-element_type=\"column\">\n\t\t\t<div class=\"elementor-widget-wrap elementor-element-populated\">\n\t\t\t\t\t\t\t\t<div class=\"elementor-element elementor-element-9c7dde8 elementor-widget elementor-widget-heading\" data-id=\"9c7dde8\" data-element_type=\"widget\" data-widget_type=\"heading.default\">\n\t\t\t\t<div class=\"elementor-widget-container\">\n\t\t\t<style>\/*! elementor - v3.17.0 - 25-10-2023 *\/\n.elementor-heading-title{padding:0;margin:0;line-height:1}.elementor-widget-heading .elementor-heading-title[class*=elementor-size-]>a{color:inherit;font-size:inherit;line-height:inherit}.elementor-widget-heading .elementor-heading-title.elementor-size-small{font-size:15px}.elementor-widget-heading .elementor-heading-title.elementor-size-medium{font-size:19px}.elementor-widget-heading .elementor-heading-title.elementor-size-large{font-size:29px}.elementor-widget-heading .elementor-heading-title.elementor-size-xl{font-size:39px}.elementor-widget-heading .elementor-heading-title.elementor-size-xxl{font-size:59px}<\/style><h1 class=\"elementor-heading-title elementor-size-default\">\u0160kolen\u00ed laserov\u00e9 bezpe\u010dnosti<\/h1>\t\t<\/div>\n\t\t\t\t<\/div>\n\t\t\t\t<div class=\"elementor-element elementor-element-4ce49c1 elementor-widget elementor-widget-text-editor\" data-id=\"4ce49c1\" data-element_type=\"widget\" data-widget_type=\"text-editor.default\">\n\t\t\t\t<div class=\"elementor-widget-container\">\n\t\t\t<style>\/*! elementor - v3.17.0 - 25-10-2023 *\/\n.elementor-widget-text-editor.elementor-drop-cap-view-stacked .elementor-drop-cap{background-color:#69727d;color:#fff}.elementor-widget-text-editor.elementor-drop-cap-view-framed .elementor-drop-cap{color:#69727d;border:3px solid;background-color:transparent}.elementor-widget-text-editor:not(.elementor-drop-cap-view-default) .elementor-drop-cap{margin-top:8px}.elementor-widget-text-editor:not(.elementor-drop-cap-view-default) .elementor-drop-cap-letter{width:1em;height:1em}.elementor-widget-text-editor .elementor-drop-cap{float:left;text-align:center;line-height:1;font-size:50px}.elementor-widget-text-editor .elementor-drop-cap-letter{display:inline-block}<\/style>\t\t\t\t<p>Poskytujeme \u0161kolen\u00ed laserov\u00e9 bezpe\u010dnosti pro oper\u00e1tory laserov\u00fdch zna\u010dic\u00edch , grav\u00edrovac\u00edch a \u0159ezac\u00edch za\u0159\u00edzen\u00ed a pracovn\u00edky \u00fadr\u017eby. \u0160kolen\u00ed by m\u011blo prob\u011bhnout periodicky ka\u017ed\u00e9 1 \u2013 2 roky. \u0160kolen\u00ed prob\u00edh\u00e1 v souladu s evropsk\u00fdmi normami \u010cSN EN 60825, Vyhl. 107\/2013 Sb, Vyhl. 106\/2010 Sb.<\/p>\t\t\t\t\t\t<\/div>\n\t\t\t\t<\/div>\n\t\t\t\t\t<\/div>\n\t\t<\/div>\n\t\t\t\t\t\t\t<\/div>\n\t\t<\/section>\n\t\t\t\t<section class=\"elementor-section elementor-top-section elementor-element elementor-element-67931e4 elementor-section-boxed elementor-section-height-default elementor-section-height-default\" data-id=\"67931e4\" data-element_type=\"section\">\n\t\t\t\t\t\t<div class=\"elementor-container elementor-column-gap-default\">\n\t\t\t\t\t<div class=\"elementor-column elementor-col-50 elementor-top-column elementor-element elementor-element-80547da\" data-id=\"80547da\" data-element_type=\"column\">\n\t\t\t<div class=\"elementor-widget-wrap elementor-element-populated\">\n\t\t\t\t\t\t\t\t<div class=\"elementor-element elementor-element-93a2880 elementor-widget elementor-widget-image\" data-id=\"93a2880\" data-element_type=\"widget\" data-widget_type=\"image.default\">\n\t\t\t\t<div class=\"elementor-widget-container\">\n\t\t\t<style>\/*! elementor - v3.17.0 - 25-10-2023 *\/\n.elementor-widget-image{text-align:center}.elementor-widget-image a{display:inline-block}.elementor-widget-image a img[src$=\".svg\"]{width:48px}.elementor-widget-image img{vertical-align:middle;display:inline-block}<\/style>\t\t\t\t\t\t\t\t\t\t\t\t<img loading=\"lazy\" decoding=\"async\" width=\"800\" height=\"424\" src=\"https:\/\/www.megaflex.cz\/lasery\/files\/2015\/08\/Megaflex-skoleni-laserove-bezpecnosti-1024x543.jpg\" class=\"attachment-large size-large wp-image-3696\" alt=\"\" srcset=\"https:\/\/www.megaflex.cz\/lasery\/files\/2015\/08\/Megaflex-skoleni-laserove-bezpecnosti-1024x543.jpg 1024w, https:\/\/www.megaflex.cz\/lasery\/files\/2015\/08\/Megaflex-skoleni-laserove-bezpecnosti-300x159.jpg 300w, https:\/\/www.megaflex.cz\/lasery\/files\/2015\/08\/Megaflex-skoleni-laserove-bezpecnosti.jpg 1300w\" sizes=\"(max-width: 800px) 100vw, 800px\" \/>\t\t\t\t\t\t\t\t\t\t\t\t\t\t\t<\/div>\n\t\t\t\t<\/div>\n\t\t\t\t\t<\/div>\n\t\t<\/div>\n\t\t\t\t<div class=\"elementor-column elementor-col-50 elementor-top-column elementor-element elementor-element-07f48e4\" data-id=\"07f48e4\" data-element_type=\"column\">\n\t\t\t<div class=\"elementor-widget-wrap elementor-element-populated\">\n\t\t\t\t\t\t\t\t<div class=\"elementor-element elementor-element-3b6633b8 elementor-widget elementor-widget-text-editor\" data-id=\"3b6633b8\" data-element_type=\"widget\" data-widget_type=\"text-editor.default\">\n\t\t\t\t<div class=\"elementor-widget-container\">\n\t\t\t\t\t\t\t<h3>Obsah \u0161kolen\u00ed:<\/h3><ol><li>Norma \u010cSN EN 60825-1 Bezpe\u010dnost laserov\u00fdch za\u0159\u00edzen\u00ed, \u010d\u00e1st 1 \u2013 Klasifikace za\u0159\u00edzen\u00ed a po\u017eadavky, \u010d\u00e1st 4 \u2013 Ochrann\u00e9 kryty laser\u016f<\/li><li>Princip laseru<\/li><li>Typy laser\u016f<\/li><li>Vlastnosti laserov\u00e9ho paprsku<ol><li>koherentn\u00ed, n\u00edzk\u00e1 divergence<\/li><li>monochromatick\u00fd<\/li><\/ol><\/li><li>P\u016fsoben\u00ed laseru na lidsk\u00fd organismus<\/li><li>Pojmy AEL, MPL, HOHA, HOHD, ochrann\u00e1 sk\u0159\u00ed\u0148, servis, blokovac\u00ed syst\u00e9m<\/li><li>Klasifikace laser\u016f do bezpe\u010dnostn\u00edch t\u0159\u00edd<\/li><li>Vyu\u017eit\u00ed laser\u016f<\/li><li>Ochrann\u00e9 kryty laser\u016f<\/li><li>V\u00fdstra\u017en\u00e9 \u0161t\u00edtky<\/li><li>Z\u00e1sady bezpe\u010dn\u00e9 pr\u00e1ce p\u0159i oprav\u00e1ch a \u00fadr\u017eb\u011b laserov\u00fdch za\u0159\u00edzen\u00ed<\/li><\/ol><div>\u00a0<\/div>\t\t\t\t\t\t<\/div>\n\t\t\t\t<\/div>\n\t\t\t\t<div class=\"elementor-element elementor-element-05abe4e elementor-widget elementor-widget-button\" data-id=\"05abe4e\" data-element_type=\"widget\" data-widget_type=\"button.default\">\n\t\t\t\t<div class=\"elementor-widget-container\">\n\t\t\t\t\t<div class=\"elementor-button-wrapper\">\n\t\t\t<a class=\"elementor-button elementor-button-link elementor-size-sm\" href=\"https:\/\/www.megaflex.cz\/lasery\/kontakt\/\">\n\t\t\t\t\t\t<span class=\"elementor-button-content-wrapper\">\n\t\t\t\t\t\t<span class=\"elementor-button-text\">Vy\u017e\u00e1dejte si podrobn\u00e9 informace o \u0161kolen\u00ed nebo si napi\u0161te o nab\u00eddku<\/span>\n\t\t<\/span>\n\t\t\t\t\t<\/a>\n\t\t<\/div>\n\t\t\t\t<\/div>\n\t\t\t\t<\/div>\n\t\t\t\t\t<\/div>\n\t\t<\/div>\n\t\t\t\t\t\t\t<\/div>\n\t\t<\/section>\n\t\t\t\t\t\t\t<\/div>\n\t\t","protected":false},"excerpt":{"rendered":"<p>Poskytujeme \u0161kolen\u00ed laserov\u00e9 bezpe\u010dnosti pro oper\u00e1tory laserov\u00fdch zna\u010dic\u00edch , grav\u00edrovac\u00edch a \u0159ezac\u00edch za\u0159\u00edzen\u00ed a pracovn\u00edky \u00fadr\u017eby. \u0160kolen\u00ed by m\u011blo prob\u011bhnout periodicky ka\u017ed\u00e9 1 \u2013 2 roky. \u0160kolen\u00ed prob\u00edh\u00e1 v souladu s evropsk\u00fdmi normami \u010cSN EN 60825, Vyhl. 107\/2013 Sb, Vyhl. 106\/2010 Sb. Obsah \u0161kolen\u00ed: Norma \u010cSN EN 60825-1 Bezpe\u010dnost laserov\u00fdch za\u0159\u00edzen\u00ed, \u010d\u00e1st 1 \u2013 Klasifikace [&hellip;]<\/p>\n","protected":false},"author":8,"featured_media":3696,"parent":0,"menu_order":0,"comment_status":"closed","ping_status":"closed","template":"","meta":{"inline_featured_image":false,"_lmt_disableupdate":"","_lmt_disable":"","footnotes":""},"acf":[],"_links":{"self":[{"href":"https:\/\/www.megaflex.cz\/lasery\/wp-json\/wp\/v2\/pages\/3070"}],"collection":[{"href":"https:\/\/www.megaflex.cz\/lasery\/wp-json\/wp\/v2\/pages"}],"about":[{"href":"https:\/\/www.megaflex.cz\/lasery\/wp-json\/wp\/v2\/types\/page"}],"author":[{"embeddable":true,"href":"https:\/\/www.megaflex.cz\/lasery\/wp-json\/wp\/v2\/users\/8"}],"replies":[{"embeddable":true,"href":"https:\/\/www.megaflex.cz\/lasery\/wp-json\/wp\/v2\/comments?post=3070"}],"version-history":[{"count":26,"href":"https:\/\/www.megaflex.cz\/lasery\/wp-json\/wp\/v2\/pages\/3070\/revisions"}],"predecessor-version":[{"id":25425,"href":"https:\/\/www.megaflex.cz\/lasery\/wp-json\/wp\/v2\/pages\/3070\/revisions\/25425"}],"wp:featuredmedia":[{"embeddable":true,"href":"https:\/\/www.megaflex.cz\/lasery\/wp-json\/wp\/v2\/media\/3696"}],"wp:attachment":[{"href":"https:\/\/www.megaflex.cz\/lasery\/wp-json\/wp\/v2\/media?parent=3070"}],"curies":[{"name":"wp","href":"https:\/\/api.w.org\/{rel}","templated":true}]}}