{"id":2555,"date":"2015-07-01T14:28:29","date_gmt":"2015-07-01T14:28:29","guid":{"rendered":"http:\/\/trotest.megaflex.cz\/?page_id=2555"},"modified":"2025-12-15T15:41:20","modified_gmt":"2025-12-15T13:41:20","slug":"vedomosti","status":"publish","type":"page","link":"https:\/\/www.megaflex.cz\/lasery\/vedomosti\/","title":{"rendered":"V\u011bdomosti"},"content":{"rendered":"\t\t<div data-elementor-type=\"wp-page\" data-elementor-id=\"2555\" class=\"elementor elementor-2555\" data-elementor-post-type=\"page\">\n\t\t\t\t\t\t\t\t\t<section class=\"elementor-section elementor-top-section elementor-element elementor-element-6bacd83 elementor-section-boxed elementor-section-height-default elementor-section-height-default\" data-id=\"6bacd83\" data-element_type=\"section\">\n\t\t\t\t\t\t<div class=\"elementor-container elementor-column-gap-default\">\n\t\t\t\t\t<div class=\"elementor-column elementor-col-100 elementor-top-column elementor-element elementor-element-d5a8a2d\" data-id=\"d5a8a2d\" data-element_type=\"column\">\n\t\t\t<div class=\"elementor-widget-wrap elementor-element-populated\">\n\t\t\t\t\t\t\t\t<div class=\"elementor-element elementor-element-ee0de0a elementor-widget elementor-widget-heading\" data-id=\"ee0de0a\" data-element_type=\"widget\" data-widget_type=\"heading.default\">\n\t\t\t\t<div class=\"elementor-widget-container\">\n\t\t\t<style>\/*! elementor - v3.17.0 - 25-10-2023 *\/\n.elementor-heading-title{padding:0;margin:0;line-height:1}.elementor-widget-heading .elementor-heading-title[class*=elementor-size-]>a{color:inherit;font-size:inherit;line-height:inherit}.elementor-widget-heading .elementor-heading-title.elementor-size-small{font-size:15px}.elementor-widget-heading .elementor-heading-title.elementor-size-medium{font-size:19px}.elementor-widget-heading .elementor-heading-title.elementor-size-large{font-size:29px}.elementor-widget-heading .elementor-heading-title.elementor-size-xl{font-size:39px}.elementor-widget-heading .elementor-heading-title.elementor-size-xxl{font-size:59px}<\/style><h1 class=\"elementor-heading-title elementor-size-default\">V\u011bdomosti<\/h1>\t\t<\/div>\n\t\t\t\t<\/div>\n\t\t\t\t\t<\/div>\n\t\t<\/div>\n\t\t\t\t\t\t\t<\/div>\n\t\t<\/section>\n\t\t\t\t<section class=\"elementor-section elementor-top-section elementor-element elementor-element-ae6fc05 elementor-section-boxed elementor-section-height-default elementor-section-height-default\" data-id=\"ae6fc05\" data-element_type=\"section\" data-settings=\"{&quot;background_background&quot;:&quot;classic&quot;}\">\n\t\t\t\t\t\t<div class=\"elementor-container elementor-column-gap-default\">\n\t\t\t\t\t<div class=\"elementor-column elementor-col-25 elementor-top-column elementor-element elementor-element-50a4459\" data-id=\"50a4459\" data-element_type=\"column\" data-settings=\"{&quot;background_background&quot;:&quot;classic&quot;}\">\n\t\t\t<div class=\"elementor-widget-wrap elementor-element-populated\">\n\t\t\t\t\t\t\t\t<div class=\"elementor-element elementor-element-7740995 elementor-position-top elementor-widget elementor-widget-image-box\" data-id=\"7740995\" data-element_type=\"widget\" data-widget_type=\"image-box.default\">\n\t\t\t\t<div class=\"elementor-widget-container\">\n\t\t\t<style>\/*! elementor - v3.17.0 - 25-10-2023 *\/\n.elementor-widget-image-box .elementor-image-box-content{width:100%}@media (min-width:768px){.elementor-widget-image-box.elementor-position-left .elementor-image-box-wrapper,.elementor-widget-image-box.elementor-position-right .elementor-image-box-wrapper{display:flex}.elementor-widget-image-box.elementor-position-right .elementor-image-box-wrapper{text-align:right;flex-direction:row-reverse}.elementor-widget-image-box.elementor-position-left .elementor-image-box-wrapper{text-align:left;flex-direction:row}.elementor-widget-image-box.elementor-position-top .elementor-image-box-img{margin:auto}.elementor-widget-image-box.elementor-vertical-align-top .elementor-image-box-wrapper{align-items:flex-start}.elementor-widget-image-box.elementor-vertical-align-middle .elementor-image-box-wrapper{align-items:center}.elementor-widget-image-box.elementor-vertical-align-bottom .elementor-image-box-wrapper{align-items:flex-end}}@media (max-width:767px){.elementor-widget-image-box .elementor-image-box-img{margin-left:auto!important;margin-right:auto!important;margin-bottom:15px}}.elementor-widget-image-box .elementor-image-box-img{display:inline-block}.elementor-widget-image-box .elementor-image-box-title a{color:inherit}.elementor-widget-image-box .elementor-image-box-wrapper{text-align:center}.elementor-widget-image-box .elementor-image-box-description{margin:0}<\/style><div class=\"elementor-image-box-wrapper\"><figure class=\"elementor-image-box-img\"><a href=\"https:\/\/www.megaflex.cz\/lasery\/vedomosti\/porovnani-dostupnych-typu-laseru\/\" tabindex=\"-1\"><img loading=\"lazy\" decoding=\"async\" width=\"600\" height=\"600\" src=\"https:\/\/www.megaflex.cz\/lasery\/files\/2015\/06\/laser-types-sq.jpg\" class=\"attachment-full size-full wp-image-3018\" alt=\"\" srcset=\"https:\/\/www.megaflex.cz\/lasery\/files\/2015\/06\/laser-types-sq.jpg 600w, https:\/\/www.megaflex.cz\/lasery\/files\/2015\/06\/laser-types-sq-150x150.jpg 150w, https:\/\/www.megaflex.cz\/lasery\/files\/2015\/06\/laser-types-sq-300x300.jpg 300w, https:\/\/www.megaflex.cz\/lasery\/files\/2015\/06\/laser-types-sq-75x75.jpg 75w\" sizes=\"(max-width: 600px) 100vw, 600px\" \/><\/a><\/figure><div class=\"elementor-image-box-content\"><h3 class=\"elementor-image-box-title\"><a href=\"https:\/\/www.megaflex.cz\/lasery\/vedomosti\/porovnani-dostupnych-typu-laseru\/\">Porovn\u00e1n\u00ed dostupn\u00fdch laser\u016f<\/a><\/h3><\/div><\/div>\t\t<\/div>\n\t\t\t\t<\/div>\n\t\t\t\t\t<\/div>\n\t\t<\/div>\n\t\t\t\t<div class=\"elementor-column elementor-col-25 elementor-top-column elementor-element elementor-element-5bec1ee\" data-id=\"5bec1ee\" data-element_type=\"column\" data-settings=\"{&quot;background_background&quot;:&quot;classic&quot;}\">\n\t\t\t<div class=\"elementor-widget-wrap elementor-element-populated\">\n\t\t\t\t\t\t\t\t<div class=\"elementor-element elementor-element-76d8b1f elementor-position-top elementor-widget elementor-widget-image-box\" data-id=\"76d8b1f\" data-element_type=\"widget\" data-widget_type=\"image-box.default\">\n\t\t\t\t<div class=\"elementor-widget-container\">\n\t\t\t<div class=\"elementor-image-box-wrapper\"><figure class=\"elementor-image-box-img\"><a href=\"https:\/\/www.megaflex.cz\/lasery\/vedomosti\/zaklady-laserovych-technologii\/\" tabindex=\"-1\"><img loading=\"lazy\" decoding=\"async\" width=\"500\" height=\"500\" src=\"https:\/\/www.megaflex.cz\/lasery\/files\/2015\/06\/laser-spectrum-sq.jpg\" class=\"attachment-full size-full wp-image-2964\" alt=\"\" srcset=\"https:\/\/www.megaflex.cz\/lasery\/files\/2015\/06\/laser-spectrum-sq.jpg 500w, https:\/\/www.megaflex.cz\/lasery\/files\/2015\/06\/laser-spectrum-sq-150x150.jpg 150w, https:\/\/www.megaflex.cz\/lasery\/files\/2015\/06\/laser-spectrum-sq-300x300.jpg 300w, https:\/\/www.megaflex.cz\/lasery\/files\/2015\/06\/laser-spectrum-sq-75x75.jpg 75w\" sizes=\"(max-width: 500px) 100vw, 500px\" \/><\/a><\/figure><div class=\"elementor-image-box-content\"><h3 class=\"elementor-image-box-title\"><a href=\"https:\/\/www.megaflex.cz\/lasery\/vedomosti\/zaklady-laserovych-technologii\/\">Z\u00e1klady laserov\u00fdch technologi\u00ed<\/a><\/h3><\/div><\/div>\t\t<\/div>\n\t\t\t\t<\/div>\n\t\t\t\t\t<\/div>\n\t\t<\/div>\n\t\t\t\t<div class=\"elementor-column elementor-col-25 elementor-top-column elementor-element elementor-element-6dcb67a\" data-id=\"6dcb67a\" data-element_type=\"column\" data-settings=\"{&quot;background_background&quot;:&quot;classic&quot;}\">\n\t\t\t<div class=\"elementor-widget-wrap elementor-element-populated\">\n\t\t\t\t\t\t\t\t<div class=\"elementor-element elementor-element-03f9126 elementor-position-top elementor-widget elementor-widget-image-box\" data-id=\"03f9126\" data-element_type=\"widget\" data-widget_type=\"image-box.default\">\n\t\t\t\t<div class=\"elementor-widget-container\">\n\t\t\t<div class=\"elementor-image-box-wrapper\"><figure class=\"elementor-image-box-img\"><a href=\"https:\/\/www.megaflex.cz\/lasery\/vedomosti\/laserova-bezpecnost\/\" tabindex=\"-1\"><img loading=\"lazy\" decoding=\"async\" width=\"640\" height=\"640\" src=\"https:\/\/www.megaflex.cz\/lasery\/files\/2015\/07\/Laser-Safety-sq.jpg\" class=\"attachment-full size-full wp-image-2953\" alt=\"\" srcset=\"https:\/\/www.megaflex.cz\/lasery\/files\/2015\/07\/Laser-Safety-sq.jpg 640w, https:\/\/www.megaflex.cz\/lasery\/files\/2015\/07\/Laser-Safety-sq-150x150.jpg 150w, https:\/\/www.megaflex.cz\/lasery\/files\/2015\/07\/Laser-Safety-sq-300x300.jpg 300w, https:\/\/www.megaflex.cz\/lasery\/files\/2015\/07\/Laser-Safety-sq-75x75.jpg 75w\" sizes=\"(max-width: 640px) 100vw, 640px\" \/><\/a><\/figure><div class=\"elementor-image-box-content\"><h3 class=\"elementor-image-box-title\"><a href=\"https:\/\/www.megaflex.cz\/lasery\/vedomosti\/laserova-bezpecnost\/\">Laserov\u00e1 bezpe\u010dnost<\/a><\/h3><\/div><\/div>\t\t<\/div>\n\t\t\t\t<\/div>\n\t\t\t\t\t<\/div>\n\t\t<\/div>\n\t\t\t\t<div class=\"elementor-column elementor-col-25 elementor-top-column elementor-element elementor-element-72bc73c\" data-id=\"72bc73c\" data-element_type=\"column\" data-settings=\"{&quot;background_background&quot;:&quot;classic&quot;}\">\n\t\t\t<div class=\"elementor-widget-wrap elementor-element-populated\">\n\t\t\t\t\t\t\t\t<div class=\"elementor-element elementor-element-97bedc8 elementor-position-top elementor-widget elementor-widget-image-box\" data-id=\"97bedc8\" data-element_type=\"widget\" data-widget_type=\"image-box.default\">\n\t\t\t\t<div class=\"elementor-widget-container\">\n\t\t\t<div class=\"elementor-image-box-wrapper\"><figure class=\"elementor-image-box-img\"><a href=\"https:\/\/www.megaflex.cz\/lasery\/vedomosti\/laserove-gravirovani\/\" tabindex=\"-1\"><img loading=\"lazy\" decoding=\"async\" width=\"600\" height=\"600\" src=\"https:\/\/www.megaflex.cz\/lasery\/files\/2015\/06\/laser-engraving-sq.jpg\" class=\"attachment-full size-full wp-image-2961\" alt=\"\" srcset=\"https:\/\/www.megaflex.cz\/lasery\/files\/2015\/06\/laser-engraving-sq.jpg 600w, https:\/\/www.megaflex.cz\/lasery\/files\/2015\/06\/laser-engraving-sq-150x150.jpg 150w, https:\/\/www.megaflex.cz\/lasery\/files\/2015\/06\/laser-engraving-sq-300x300.jpg 300w, https:\/\/www.megaflex.cz\/lasery\/files\/2015\/06\/laser-engraving-sq-75x75.jpg 75w\" sizes=\"(max-width: 600px) 100vw, 600px\" \/><\/a><\/figure><div class=\"elementor-image-box-content\"><h3 class=\"elementor-image-box-title\"><a href=\"https:\/\/www.megaflex.cz\/lasery\/vedomosti\/laserove-gravirovani\/\">Laserov\u00e9 grav\u00edrov\u00e1n\u00ed<\/a><\/h3><\/div><\/div>\t\t<\/div>\n\t\t\t\t<\/div>\n\t\t\t\t\t<\/div>\n\t\t<\/div>\n\t\t\t\t\t\t\t<\/div>\n\t\t<\/section>\n\t\t\t\t<section class=\"elementor-section elementor-top-section elementor-element elementor-element-4765666 elementor-section-boxed elementor-section-height-default elementor-section-height-default\" data-id=\"4765666\" data-element_type=\"section\">\n\t\t\t\t\t\t<div class=\"elementor-container elementor-column-gap-default\">\n\t\t\t\t\t<div class=\"elementor-column elementor-col-25 elementor-top-column elementor-element elementor-element-7bf6415\" data-id=\"7bf6415\" data-element_type=\"column\" data-settings=\"{&quot;background_background&quot;:&quot;classic&quot;}\">\n\t\t\t<div class=\"elementor-widget-wrap elementor-element-populated\">\n\t\t\t\t\t\t\t\t<div class=\"elementor-element elementor-element-68a20e5 elementor-position-top elementor-widget elementor-widget-image-box\" data-id=\"68a20e5\" data-element_type=\"widget\" data-widget_type=\"image-box.default\">\n\t\t\t\t<div class=\"elementor-widget-container\">\n\t\t\t<div class=\"elementor-image-box-wrapper\"><figure class=\"elementor-image-box-img\"><a href=\"https:\/\/www.megaflex.cz\/lasery\/vedomosti\/laserove-znaceni\/\" tabindex=\"-1\"><img loading=\"lazy\" decoding=\"async\" width=\"600\" height=\"600\" src=\"https:\/\/www.megaflex.cz\/lasery\/files\/2015\/06\/laser-marking-sq.jpg\" class=\"attachment-full size-full wp-image-3013\" alt=\"\" srcset=\"https:\/\/www.megaflex.cz\/lasery\/files\/2015\/06\/laser-marking-sq.jpg 600w, https:\/\/www.megaflex.cz\/lasery\/files\/2015\/06\/laser-marking-sq-150x150.jpg 150w, https:\/\/www.megaflex.cz\/lasery\/files\/2015\/06\/laser-marking-sq-300x300.jpg 300w, https:\/\/www.megaflex.cz\/lasery\/files\/2015\/06\/laser-marking-sq-75x75.jpg 75w\" sizes=\"(max-width: 600px) 100vw, 600px\" \/><\/a><\/figure><div class=\"elementor-image-box-content\"><h3 class=\"elementor-image-box-title\"><a href=\"https:\/\/www.megaflex.cz\/lasery\/vedomosti\/laserove-znaceni\/\">Laserov\u00e9 zna\u010den\u00ed<\/a><\/h3><\/div><\/div>\t\t<\/div>\n\t\t\t\t<\/div>\n\t\t\t\t\t<\/div>\n\t\t<\/div>\n\t\t\t\t<div class=\"elementor-column elementor-col-25 elementor-top-column elementor-element elementor-element-1247d01\" data-id=\"1247d01\" data-element_type=\"column\" data-settings=\"{&quot;background_background&quot;:&quot;classic&quot;}\">\n\t\t\t<div class=\"elementor-widget-wrap elementor-element-populated\">\n\t\t\t\t\t\t\t\t<div class=\"elementor-element elementor-element-9df1e12 elementor-position-top elementor-widget elementor-widget-image-box\" data-id=\"9df1e12\" data-element_type=\"widget\" data-widget_type=\"image-box.default\">\n\t\t\t\t<div class=\"elementor-widget-container\">\n\t\t\t<div class=\"elementor-image-box-wrapper\"><figure class=\"elementor-image-box-img\"><a href=\"https:\/\/www.megaflex.cz\/lasery\/vedomosti\/zaklady-laseroveho-rezani\/\" tabindex=\"-1\"><img loading=\"lazy\" decoding=\"async\" width=\"600\" height=\"600\" src=\"https:\/\/www.megaflex.cz\/lasery\/files\/2015\/06\/laser-cutting-sq.jpg\" class=\"attachment-full size-full wp-image-2957\" alt=\"\" srcset=\"https:\/\/www.megaflex.cz\/lasery\/files\/2015\/06\/laser-cutting-sq.jpg 600w, https:\/\/www.megaflex.cz\/lasery\/files\/2015\/06\/laser-cutting-sq-150x150.jpg 150w, https:\/\/www.megaflex.cz\/lasery\/files\/2015\/06\/laser-cutting-sq-300x300.jpg 300w, https:\/\/www.megaflex.cz\/lasery\/files\/2015\/06\/laser-cutting-sq-75x75.jpg 75w\" sizes=\"(max-width: 600px) 100vw, 600px\" \/><\/a><\/figure><div class=\"elementor-image-box-content\"><h3 class=\"elementor-image-box-title\"><a href=\"https:\/\/www.megaflex.cz\/lasery\/vedomosti\/zaklady-laseroveho-rezani\/\">Z\u00e1klady laserov\u00e9ho \u0159ez\u00e1n\u00ed<\/a><\/h3><\/div><\/div>\t\t<\/div>\n\t\t\t\t<\/div>\n\t\t\t\t\t<\/div>\n\t\t<\/div>\n\t\t\t\t<div class=\"elementor-column elementor-col-25 elementor-top-column elementor-element elementor-element-e98c063\" data-id=\"e98c063\" data-element_type=\"column\" data-settings=\"{&quot;background_background&quot;:&quot;classic&quot;}\">\n\t\t\t<div class=\"elementor-widget-wrap\">\n\t\t\t\t\t\t\t\t\t<\/div>\n\t\t<\/div>\n\t\t\t\t<div class=\"elementor-column elementor-col-25 elementor-top-column elementor-element elementor-element-fff5183\" data-id=\"fff5183\" data-element_type=\"column\" data-settings=\"{&quot;background_background&quot;:&quot;classic&quot;}\">\n\t\t\t<div class=\"elementor-widget-wrap\">\n\t\t\t\t\t\t\t\t\t<\/div>\n\t\t<\/div>\n\t\t\t\t\t\t\t<\/div>\n\t\t<\/section>\n\t\t\t\t\t\t\t<\/div>\n\t\t","protected":false},"excerpt":{"rendered":"<p>Porovn\u00e1n\u00ed dostupn\u00fdch laser\u016f Z\u00e1klady laserov\u00fdch technologi\u00ed Laserov\u00e1 bezpe\u010dnost Laserov\u00e9 grav\u00edrov\u00e1n\u00ed Laserov\u00e9 zna\u010den\u00ed Z\u00e1klady laserov\u00e9ho \u0159ez\u00e1n\u00ed<\/p>\n","protected":false},"author":1,"featured_media":0,"parent":0,"menu_order":0,"comment_status":"closed","ping_status":"closed","template":"","meta":{"inline_featured_image":false,"_lmt_disableupdate":"","_lmt_disable":"","footnotes":""},"acf":[],"_links":{"self":[{"href":"https:\/\/www.megaflex.cz\/lasery\/wp-json\/wp\/v2\/pages\/2555"}],"collection":[{"href":"https:\/\/www.megaflex.cz\/lasery\/wp-json\/wp\/v2\/pages"}],"about":[{"href":"https:\/\/www.megaflex.cz\/lasery\/wp-json\/wp\/v2\/types\/page"}],"author":[{"embeddable":true,"href":"https:\/\/www.megaflex.cz\/lasery\/wp-json\/wp\/v2\/users\/1"}],"replies":[{"embeddable":true,"href":"https:\/\/www.megaflex.cz\/lasery\/wp-json\/wp\/v2\/comments?post=2555"}],"version-history":[{"count":288,"href":"https:\/\/www.megaflex.cz\/lasery\/wp-json\/wp\/v2\/pages\/2555\/revisions"}],"predecessor-version":[{"id":25664,"href":"https:\/\/www.megaflex.cz\/lasery\/wp-json\/wp\/v2\/pages\/2555\/revisions\/25664"}],"wp:attachment":[{"href":"https:\/\/www.megaflex.cz\/lasery\/wp-json\/wp\/v2\/media?parent=2555"}],"curies":[{"name":"wp","href":"https:\/\/api.w.org\/{rel}","templated":true}]}}