{"id":1688,"date":"2015-06-04T09:54:42","date_gmt":"2015-06-04T09:54:42","guid":{"rendered":"http:\/\/trotest.megaflex.cz\/?page_id=1688"},"modified":"2023-08-08T14:11:56","modified_gmt":"2023-08-08T12:11:56","slug":"trotec-production-und-vertriebs-gmbh","status":"publish","type":"page","link":"https:\/\/www.megaflex.cz\/lasery\/trotec-production-und-vertriebs-gmbh\/","title":{"rendered":"Trotec Production und Vertriebs, GmbH"},"content":{"rendered":"\t\t<div data-elementor-type=\"wp-page\" data-elementor-id=\"1688\" class=\"elementor elementor-1688\" data-elementor-post-type=\"page\">\n\t\t\t\t\t\t\t\t\t<section class=\"elementor-section elementor-top-section elementor-element elementor-element-7289f90e elementor-section-boxed elementor-section-height-default elementor-section-height-default\" data-id=\"7289f90e\" data-element_type=\"section\">\n\t\t\t\t\t\t<div class=\"elementor-container elementor-column-gap-default\">\n\t\t\t\t\t<div class=\"elementor-column elementor-col-100 elementor-top-column elementor-element elementor-element-32e70638\" data-id=\"32e70638\" data-element_type=\"column\">\n\t\t\t<div class=\"elementor-widget-wrap elementor-element-populated\">\n\t\t\t\t\t\t\t\t<div class=\"elementor-element elementor-element-d2b301c elementor-widget elementor-widget-heading\" data-id=\"d2b301c\" data-element_type=\"widget\" data-widget_type=\"heading.default\">\n\t\t\t\t<div class=\"elementor-widget-container\">\n\t\t\t<style>\/*! elementor - v3.17.0 - 25-10-2023 *\/\n.elementor-heading-title{padding:0;margin:0;line-height:1}.elementor-widget-heading .elementor-heading-title[class*=elementor-size-]>a{color:inherit;font-size:inherit;line-height:inherit}.elementor-widget-heading .elementor-heading-title.elementor-size-small{font-size:15px}.elementor-widget-heading .elementor-heading-title.elementor-size-medium{font-size:19px}.elementor-widget-heading .elementor-heading-title.elementor-size-large{font-size:29px}.elementor-widget-heading .elementor-heading-title.elementor-size-xl{font-size:39px}.elementor-widget-heading .elementor-heading-title.elementor-size-xxl{font-size:59px}<\/style><h1 class=\"elementor-heading-title elementor-size-default\"> Trotec Production und Vertriebs, GmbH<\/h1>\t\t<\/div>\n\t\t\t\t<\/div>\n\t\t\t\t<div class=\"elementor-element elementor-element-6cbadc0 elementor-widget elementor-widget-text-editor\" data-id=\"6cbadc0\" data-element_type=\"widget\" data-widget_type=\"text-editor.default\">\n\t\t\t\t<div class=\"elementor-widget-container\">\n\t\t\t<style>\/*! elementor - v3.17.0 - 25-10-2023 *\/\n.elementor-widget-text-editor.elementor-drop-cap-view-stacked .elementor-drop-cap{background-color:#69727d;color:#fff}.elementor-widget-text-editor.elementor-drop-cap-view-framed .elementor-drop-cap{color:#69727d;border:3px solid;background-color:transparent}.elementor-widget-text-editor:not(.elementor-drop-cap-view-default) .elementor-drop-cap{margin-top:8px}.elementor-widget-text-editor:not(.elementor-drop-cap-view-default) .elementor-drop-cap-letter{width:1em;height:1em}.elementor-widget-text-editor .elementor-drop-cap{float:left;text-align:center;line-height:1;font-size:50px}.elementor-widget-text-editor .elementor-drop-cap-letter{display:inline-block}<\/style>\t\t\t\tRakousk\u00e1 spole\u010dnost <a href=\"http:\/\/www.trotec-laser.net\" target=\"_blank\" rel=\"noopener\">Trotec<\/a>\u00a0vznikla v roce 1997 z odd\u011blen\u00ed v\u00fdvoje a v\u00fdzkumu mate\u0159sk\u00e9 firmy,\u00a0spole\u010dnosti Trodat, kter\u00e1 je sv\u011btovou jedni\u010dkou ve v\u00fdrob\u011b samobarvic\u00edch raz\u00edtek.\u00a0V roce 2012 oslavila ji\u017e\u00a0100. v\u00fdro\u010d\u00ed sv\u00e9 \u00fasp\u011b\u0161n\u00e9 existence.\nV pr\u016fb\u011bhu let Trotec organicky rostl a dnes je jist\u011b inovativn\u00edm l\u00eddrem sv\u011btov\u00e9ho trhu plo\u0161n\u00fdch laser\u016f\u00a0&#8211; samoz\u0159ejm\u011b tak\u00e9 d\u00edky rozs\u00e1hl\u00e9 sv\u011btov\u00e9 obchodn\u00ed s\u00edti Trodat Group a jej\u00ed stabilit\u011b.\n\nCel\u00e1 skupina dnes generuje\u00a0obrat p\u0159es \u00a0154 mili\u00f3n\u016f euro a zam\u011bstn\u00e1v\u00e1 po cel\u00e9m sv\u011bt\u011b okolo 1,150 lid\u00ed ve 30 pobo\u010dk\u00e1ch. V mnoha dal\u0161\u00edch zem\u00edch je Trotec zastoupen samostatnou firmou, jako pr\u00e1v\u011b Megaflexem\u00a0na \u010desk\u00e9m a slovensk\u00e9m trhu.\u00a0Trotec exportuje v\u00edce ne\u017e 98% sv\u00e9 v\u00fdroby.\n<h2>Andreas Penz (CEO)<\/h2>\nOd roku 2001\u00a0je \u0159editelem Trotecu pan Andreas Penz\u00a0a je zodpov\u011bdn\u00fd za \u0159\u00edzen\u00ed a strategick\u00fd rozvoj spole\u010dnosti.\n<h2>Oliver Kronawittleithner (Vice President Sales)<\/h2>\nOliver Kronawittleithner odpov\u00edd\u00e1 za glob\u00e1ln\u00ed prodejn\u00ed s\u00ed\u0165 spole\u010dnosti.\n<h2>The Trodat Trotec Holding<\/h2>\nSkupina firem, zn\u00e1m\u00e1 jako\u00a0Trodat Trotec Holding GmbH, operuje jako jedni\u010dka na raz\u00edtkov\u00e9m trhu pod jm\u00e9nem Trodat a v laserov\u00e9m businesu je\u00a0sv\u011btov\u011b zn\u00e1m\u00e1 pod\u00a0zna\u010dkou Trotec jako v\u00fdrobce \u0161pi\u010dkov\u00fdch za\u0159\u00edzen\u00ed pro laserov\u00e9 zna\u010den\u00ed, popis a \u0159ez\u00e1n\u00ed.\n\nTrodat Trotec Holding GmbH je soukrom\u00e1 spole\u010dnost,\u00a0stoprocentn\u011b vlastn\u011bn\u00e1 rodinou nadac\u00ed.\t\t\t\t\t\t<\/div>\n\t\t\t\t<\/div>\n\t\t\t\t\t<\/div>\n\t\t<\/div>\n\t\t\t\t\t\t\t<\/div>\n\t\t<\/section>\n\t\t\t\t\t\t\t<\/div>\n\t\t","protected":false},"excerpt":{"rendered":"<p>Trotec Production und Vertriebs, GmbH Rakousk\u00e1 spole\u010dnost Trotec\u00a0vznikla v roce 1997 z odd\u011blen\u00ed v\u00fdvoje a v\u00fdzkumu mate\u0159sk\u00e9 firmy,\u00a0spole\u010dnosti Trodat, kter\u00e1 je sv\u011btovou jedni\u010dkou ve v\u00fdrob\u011b samobarvic\u00edch raz\u00edtek.\u00a0V roce 2012 oslavila ji\u017e\u00a0100. v\u00fdro\u010d\u00ed sv\u00e9 \u00fasp\u011b\u0161n\u00e9 existence. V pr\u016fb\u011bhu let Trotec organicky rostl a dnes je jist\u011b inovativn\u00edm l\u00eddrem sv\u011btov\u00e9ho trhu plo\u0161n\u00fdch laser\u016f\u00a0&#8211; samoz\u0159ejm\u011b tak\u00e9 d\u00edky rozs\u00e1hl\u00e9 [&hellip;]<\/p>\n","protected":false},"author":1,"featured_media":0,"parent":0,"menu_order":0,"comment_status":"open","ping_status":"closed","template":"","meta":{"inline_featured_image":false,"_lmt_disableupdate":"","_lmt_disable":"","footnotes":""},"acf":[],"_links":{"self":[{"href":"https:\/\/www.megaflex.cz\/lasery\/wp-json\/wp\/v2\/pages\/1688"}],"collection":[{"href":"https:\/\/www.megaflex.cz\/lasery\/wp-json\/wp\/v2\/pages"}],"about":[{"href":"https:\/\/www.megaflex.cz\/lasery\/wp-json\/wp\/v2\/types\/page"}],"author":[{"embeddable":true,"href":"https:\/\/www.megaflex.cz\/lasery\/wp-json\/wp\/v2\/users\/1"}],"replies":[{"embeddable":true,"href":"https:\/\/www.megaflex.cz\/lasery\/wp-json\/wp\/v2\/comments?post=1688"}],"version-history":[{"count":10,"href":"https:\/\/www.megaflex.cz\/lasery\/wp-json\/wp\/v2\/pages\/1688\/revisions"}],"predecessor-version":[{"id":19953,"href":"https:\/\/www.megaflex.cz\/lasery\/wp-json\/wp\/v2\/pages\/1688\/revisions\/19953"}],"wp:attachment":[{"href":"https:\/\/www.megaflex.cz\/lasery\/wp-json\/wp\/v2\/media?parent=1688"}],"curies":[{"name":"wp","href":"https:\/\/api.w.org\/{rel}","templated":true}]}}