{"id":1685,"date":"2015-06-04T09:50:34","date_gmt":"2015-06-04T09:50:34","guid":{"rendered":"http:\/\/trotest.megaflex.cz\/?page_id=1685"},"modified":"2025-12-11T17:24:02","modified_gmt":"2025-12-11T15:24:02","slug":"volna-mista","status":"publish","type":"page","link":"https:\/\/www.megaflex.cz\/lasery\/volna-mista\/","title":{"rendered":"Voln\u00e1 m\u00edsta"},"content":{"rendered":"\t\t<div data-elementor-type=\"wp-page\" data-elementor-id=\"1685\" class=\"elementor elementor-1685\" data-elementor-post-type=\"page\">\n\t\t\t\t\t\t\t\t\t<section class=\"elementor-section elementor-top-section elementor-element elementor-element-4e3c260 elementor-section-boxed elementor-section-height-default elementor-section-height-default\" data-id=\"4e3c260\" data-element_type=\"section\">\n\t\t\t\t\t\t<div class=\"elementor-container elementor-column-gap-default\">\n\t\t\t\t\t<div class=\"elementor-column elementor-col-100 elementor-top-column elementor-element elementor-element-399354f\" data-id=\"399354f\" data-element_type=\"column\">\n\t\t\t<div class=\"elementor-widget-wrap elementor-element-populated\">\n\t\t\t\t\t\t\t\t<div class=\"elementor-element elementor-element-37460bd elementor-widget elementor-widget-heading\" data-id=\"37460bd\" data-element_type=\"widget\" data-widget_type=\"heading.default\">\n\t\t\t\t<div class=\"elementor-widget-container\">\n\t\t\t<style>\/*! elementor - v3.17.0 - 25-10-2023 *\/\n.elementor-heading-title{padding:0;margin:0;line-height:1}.elementor-widget-heading .elementor-heading-title[class*=elementor-size-]>a{color:inherit;font-size:inherit;line-height:inherit}.elementor-widget-heading .elementor-heading-title.elementor-size-small{font-size:15px}.elementor-widget-heading .elementor-heading-title.elementor-size-medium{font-size:19px}.elementor-widget-heading .elementor-heading-title.elementor-size-large{font-size:29px}.elementor-widget-heading .elementor-heading-title.elementor-size-xl{font-size:39px}.elementor-widget-heading .elementor-heading-title.elementor-size-xxl{font-size:59px}<\/style><h1 class=\"elementor-heading-title elementor-size-default\">Voln\u00e1 m\u00edsta<\/h1>\t\t<\/div>\n\t\t\t\t<\/div>\n\t\t\t\t\t<\/div>\n\t\t<\/div>\n\t\t\t\t\t\t\t<\/div>\n\t\t<\/section>\n\t\t\t\t<section class=\"elementor-section elementor-top-section elementor-element elementor-element-53f21dbf elementor-section-boxed elementor-section-height-default elementor-section-height-default\" data-id=\"53f21dbf\" data-element_type=\"section\">\n\t\t\t\t\t\t<div class=\"elementor-container elementor-column-gap-default\">\n\t\t\t\t\t<div class=\"elementor-column elementor-col-100 elementor-top-column elementor-element elementor-element-65216c02\" data-id=\"65216c02\" data-element_type=\"column\">\n\t\t\t<div class=\"elementor-widget-wrap elementor-element-populated\">\n\t\t\t\t\t\t\t\t<div class=\"elementor-element elementor-element-285de2c1 elementor-widget elementor-widget-text-editor\" data-id=\"285de2c1\" data-element_type=\"widget\" data-widget_type=\"text-editor.default\">\n\t\t\t\t<div class=\"elementor-widget-container\">\n\t\t\t<style>\/*! elementor - v3.17.0 - 25-10-2023 *\/\n.elementor-widget-text-editor.elementor-drop-cap-view-stacked .elementor-drop-cap{background-color:#69727d;color:#fff}.elementor-widget-text-editor.elementor-drop-cap-view-framed .elementor-drop-cap{color:#69727d;border:3px solid;background-color:transparent}.elementor-widget-text-editor:not(.elementor-drop-cap-view-default) .elementor-drop-cap{margin-top:8px}.elementor-widget-text-editor:not(.elementor-drop-cap-view-default) .elementor-drop-cap-letter{width:1em;height:1em}.elementor-widget-text-editor .elementor-drop-cap{float:left;text-align:center;line-height:1;font-size:50px}.elementor-widget-text-editor .elementor-drop-cap-letter{display:inline-block}<\/style>\t\t\t\t<p><em>Zaj\u00edm\u00e1te se o pracovn\u00ed pozici ve spole\u010dnosti Megaflex? Pod\u00edvejte se na na\u0161i nab\u00eddku zam\u011bstn\u00e1n\u00ed:<\/em><\/p><ul><li><strong><span style=\"background-color: var( --e-global-color-ce06f30 ); color: var( --e-global-color-secondary ); font-size: 1rem;\">elektrotechnik<\/span><\/strong><ul><li>do na\u0161eho servis<span style=\"background-color: var( --e-global-color-ce06f30 ); color: var( --e-global-color-secondary ); font-size: 1rem;\">n\u00edho t\u00fdmu hled\u00e1me \u0161ikovn\u00e9 elektrotechniky na v\u00fdrobu,\u00a0<\/span><span style=\"background-color: var( --e-global-color-ce06f30 ); color: var( --e-global-color-secondary ); font-size: 1rem;\">instalace, opravy a \u00fadr\u017ebu laserov\u00fdch grav\u00edrovac\u00edch a \u0159eza<\/span><span style=\"background-color: var( --e-global-color-ce06f30 ); color: var( --e-global-color-secondary ); font-size: 1rem;\">c\u00edch za\u0159\u00edzen\u00ed<\/span><\/li><li>p\u0159edpokl\u00e1d\u00e1me:<ul><li>znalost anglick\u00e9ho jazyka<\/li><li>\u0159idi\u010dsk\u00fd pr\u016fkaz skupiny B je v\u00fdhodou<br \/><br \/><\/li><\/ul><\/li><\/ul><\/li><\/ul><p><em>V\u00edce informac\u00ed r\u00e1di poskytneme na telefonu <a href=\"tel:+420724102490\">724 102 490<\/a> nebo na emailu <a href=\"mailto:laser@megaflex.cz\">laser@megaflex.cz<\/a>.<\/em><\/p>\t\t\t\t\t\t<\/div>\n\t\t\t\t<\/div>\n\t\t\t\t\t<\/div>\n\t\t<\/div>\n\t\t\t\t\t\t\t<\/div>\n\t\t<\/section>\n\t\t\t\t\t\t\t<\/div>\n\t\t","protected":false},"excerpt":{"rendered":"<p>Zaj\u00edm\u00e1te se o pracovn\u00ed pozici ve spole\u010dnosti Megaflex? Pod\u00edvejte se na na\u0161i nab\u00eddku zam\u011bstn\u00e1n\u00ed: elektrotechnik do na\u0161eho servisn\u00edho t\u00fdmu hled\u00e1me \u0161ikovn\u00e9 elektrotechniky na v\u00fdrobu,\u00a0instalace, opravy a \u00fadr\u017ebu laserov\u00fdch grav\u00edrovac\u00edch a \u0159ezac\u00edch za\u0159\u00edzen\u00ed p\u0159edpokl\u00e1d\u00e1me: znalost anglick\u00e9ho jazyka \u0159idi\u010dsk\u00fd pr\u016fkaz skupiny B je v\u00fdhodou V\u00edce informac\u00ed r\u00e1di poskytneme na telefonu 724 102 490 nebo na emailu laser@megaflex.cz.<\/p>\n","protected":false},"author":1,"featured_media":0,"parent":0,"menu_order":0,"comment_status":"open","ping_status":"closed","template":"","meta":{"inline_featured_image":false,"_lmt_disableupdate":"","_lmt_disable":"","footnotes":""},"acf":[],"_links":{"self":[{"href":"https:\/\/www.megaflex.cz\/lasery\/wp-json\/wp\/v2\/pages\/1685"}],"collection":[{"href":"https:\/\/www.megaflex.cz\/lasery\/wp-json\/wp\/v2\/pages"}],"about":[{"href":"https:\/\/www.megaflex.cz\/lasery\/wp-json\/wp\/v2\/types\/page"}],"author":[{"embeddable":true,"href":"https:\/\/www.megaflex.cz\/lasery\/wp-json\/wp\/v2\/users\/1"}],"replies":[{"embeddable":true,"href":"https:\/\/www.megaflex.cz\/lasery\/wp-json\/wp\/v2\/comments?post=1685"}],"version-history":[{"count":30,"href":"https:\/\/www.megaflex.cz\/lasery\/wp-json\/wp\/v2\/pages\/1685\/revisions"}],"predecessor-version":[{"id":25386,"href":"https:\/\/www.megaflex.cz\/lasery\/wp-json\/wp\/v2\/pages\/1685\/revisions\/25386"}],"wp:attachment":[{"href":"https:\/\/www.megaflex.cz\/lasery\/wp-json\/wp\/v2\/media?parent=1685"}],"curies":[{"name":"wp","href":"https:\/\/api.w.org\/{rel}","templated":true}]}}