{"id":1589,"date":"2015-06-03T22:38:04","date_gmt":"2015-06-03T22:38:04","guid":{"rendered":"http:\/\/trotest.megaflex.cz\/?page_id=1589"},"modified":"2025-12-11T18:19:10","modified_gmt":"2025-12-11T16:19:10","slug":"zaklady-laseroveho-rezani","status":"publish","type":"page","link":"https:\/\/www.megaflex.cz\/lasery\/vedomosti\/zaklady-laseroveho-rezani\/","title":{"rendered":"Z\u00e1klady laserov\u00e9ho \u0159ez\u00e1n\u00ed"},"content":{"rendered":"\t\t<div data-elementor-type=\"wp-page\" data-elementor-id=\"1589\" class=\"elementor elementor-1589\" data-elementor-post-type=\"page\">\n\t\t\t\t\t\t\t\t\t<section class=\"elementor-section elementor-top-section elementor-element elementor-element-2e70119f elementor-section-boxed elementor-section-height-default elementor-section-height-default\" data-id=\"2e70119f\" data-element_type=\"section\">\n\t\t\t\t\t\t<div class=\"elementor-container elementor-column-gap-default\">\n\t\t\t\t\t<div class=\"elementor-column elementor-col-100 elementor-top-column elementor-element elementor-element-198c2228\" data-id=\"198c2228\" data-element_type=\"column\">\n\t\t\t<div class=\"elementor-widget-wrap elementor-element-populated\">\n\t\t\t\t\t\t\t\t<div class=\"elementor-element elementor-element-35ac6a2 elementor-widget elementor-widget-image\" data-id=\"35ac6a2\" data-element_type=\"widget\" data-widget_type=\"image.default\">\n\t\t\t\t<div class=\"elementor-widget-container\">\n\t\t\t<style>\/*! elementor - v3.17.0 - 25-10-2023 *\/\n.elementor-widget-image{text-align:center}.elementor-widget-image a{display:inline-block}.elementor-widget-image a img[src$=\".svg\"]{width:48px}.elementor-widget-image img{vertical-align:middle;display:inline-block}<\/style>\t\t\t\t\t\t\t\t\t\t\t\t<img loading=\"lazy\" decoding=\"async\" width=\"800\" height=\"320\" src=\"https:\/\/www.megaflex.cz\/lasery\/files\/2015\/06\/laser-cutting-1024x410.jpg\" class=\"attachment-large size-large wp-image-2958\" alt=\"\" srcset=\"https:\/\/www.megaflex.cz\/lasery\/files\/2015\/06\/laser-cutting-1024x410.jpg 1024w, https:\/\/www.megaflex.cz\/lasery\/files\/2015\/06\/laser-cutting-300x120.jpg 300w, https:\/\/www.megaflex.cz\/lasery\/files\/2015\/06\/laser-cutting.jpg 1300w\" sizes=\"(max-width: 800px) 100vw, 800px\" \/>\t\t\t\t\t\t\t\t\t\t\t\t\t\t\t<\/div>\n\t\t\t\t<\/div>\n\t\t\t\t<div class=\"elementor-element elementor-element-7821b6dd h2_style elementor-widget elementor-widget-text-editor\" data-id=\"7821b6dd\" data-element_type=\"widget\" data-widget_type=\"text-editor.default\">\n\t\t\t\t<div class=\"elementor-widget-container\">\n\t\t\t<style>\/*! elementor - v3.17.0 - 25-10-2023 *\/\n.elementor-widget-text-editor.elementor-drop-cap-view-stacked .elementor-drop-cap{background-color:#69727d;color:#fff}.elementor-widget-text-editor.elementor-drop-cap-view-framed .elementor-drop-cap{color:#69727d;border:3px solid;background-color:transparent}.elementor-widget-text-editor:not(.elementor-drop-cap-view-default) .elementor-drop-cap{margin-top:8px}.elementor-widget-text-editor:not(.elementor-drop-cap-view-default) .elementor-drop-cap-letter{width:1em;height:1em}.elementor-widget-text-editor .elementor-drop-cap{float:left;text-align:center;line-height:1;font-size:50px}.elementor-widget-text-editor .elementor-drop-cap-letter{display:inline-block}<\/style>\t\t\t\t<h2>\u00a0<\/h2><h2>Laserov\u00e9 \u0159ez\u00e1n\u00ed je rychl\u00e9 a produktivn\u00ed<\/h2><p>\u0158ez\u00e1n\u00ed laserov\u00fdm paprskem se za\u0159\u00edzen\u00edmi\u00a0Trotec p\u0159ekon\u00e1v\u00e1 konven\u010dn\u00ed \u0159ezac\u00ed syst\u00e9my pokud jde o rychlost, v\u00fdkonnost a produktivitu. V sou\u010dasn\u00e9 dob\u011b m\u016f\u017ee b\u00fdt \u0159ez\u00e1n\u00ed laserem mnohem jednodu\u0161\u0161\u00ed a rychlej\u0161\u00ed ne\u017e kdykoliv p\u0159edt\u00edm a je pou\u017e\u00edv\u00e1no v cel\u00e9 \u0159ad\u011b aplikac\u00ed a pr\u016fmyslov\u00fdch odv\u011btv\u00edch. Jako jeden z p\u0159edn\u00edch sv\u011btov\u00fdch v\u00fdrobc\u016f laserov\u00fdch syst\u00e9m\u016f, Trotec nab\u00edz\u00ed inovativn\u00ed laserov\u00e9 \u0159ezac\u00ed stroje pro r\u016fzn\u00e9 aplikace, jako je \u0159ez\u00e1n\u00ed akryl\u00e1tu nebo laserov\u00e9 \u0159ez\u00e1n\u00ed architektonick\u00fdch model\u016f, f\u00f3li\u00ed a film\u016f, n\u00e1pis\u016f, pap\u00edru, hra\u010dek, d\u0159eva a mnoho dal\u0161\u00edch. Laserov\u00e9 stroje Trotec najdou uplatn\u011bn\u00ed ve v\u0161ech pr\u016fmyslov\u00fdch odv\u011btv\u00edch a aplikac\u00edch, kde je po\u017eadov\u00e1no \u010dist\u00e9, rychl\u00e9 a vysoce kvalitn\u00ed \u0159ez\u00e1n\u00ed laserem.<\/p><h2>\u00a0<\/h2><h2>Laserov\u00e1 za\u0159\u00edzen\u00ed jsou flexibiln\u00ed<\/h2><p>Laserov\u00e9 \u0159ezac\u00ed stroje Trotec lze velmi snadno p\u0159izp\u016fsobit po\u017eadavk\u016fm r\u016fzn\u00fdch aplikac\u00ed. Laserov\u00fdm paprskem lze \u0159ezat jednotliv\u00e9 v\u00fdrobky stejn\u011b snadno a ekonomicky jako s\u00e9riovou v\u00fdrobu; mal\u00e9 p\u0159edm\u011bty jsou stejn\u011b vhodn\u00e9 pro laserov\u00e9 \u0159ez\u00e1n\u00ed jako ty velk\u00e9.\u00a0<\/p><h2>\u00a0<\/h2><h2>Maxim\u00e1ln\u00ed p\u0159esnost<\/h2><p>Laserov\u00e1 \u0159ezac\u00ed za\u0159\u00edzen\u00ed jsou vybavena integrovanou kamerou, kter\u00e1 detekuje registra\u010dn\u00ed zna\u010dky a automaticky \u0159\u00edd\u00ed polohu laseru s maxim\u00e1ln\u00ed p\u0159esnost\u00ed, i kdy\u017e je p\u0159edloha pooto\u010den\u00e1, zv\u011bt\u0161en\u00e1, zmen\u0161en\u00e1 \u010di jinak zkreslen\u00e1.<\/p><h2>\u00a0<\/h2><h2>Bezpe\u010dn\u00e9<\/h2><p>P\u0159i laserov\u00e9m \u0159ez\u00e1n\u00ed nen\u00ed nutn\u00e9 materi\u00e1l vyrovn\u00e1vat nebo p\u0159ipev\u0148ovat. U\u017eivatel se nikdy nedostane do kontaktu s pohybliv\u00fdmi \u010d\u00e1stmi stroje. Stru\u010dn\u011b \u0159e\u010deno: \u0159ezac\u00ed stroje Trotec \u00a0jsou stejn\u011b bezpe\u010dn\u00e9 jako CD p\u0159ehr\u00e1va\u010d nebo mikrovlnn\u00e1 trouba. Je samoz\u0159ejm\u00e9, \u017ee spl\u0148uj\u00ed nejp\u0159\u00edsn\u011bj\u0161\u00ed bezpe\u010dnostn\u00ed standardy.<\/p><h2>\u00a0<\/h2><h2>Ostr\u00e9 hrany<\/h2><p>Laserov\u00e1 \u0159ezac\u00ed za\u0159\u00edzen\u00ed dosahuj\u00ed dokonale ostr\u00fdch a \u010dist\u00fdch hran bez jak\u00fdchkoli ot\u0159ep\u016f jako p\u0159i mechanick\u00e9m d\u011blen\u00ed. P\u0159i \u0159ez\u00e1n\u00ed akryl\u00e1tu jsou hrany hladk\u00e9 a leskl\u00e9 jako p\u0159i le\u0161t\u011bn\u00ed plamenem.<\/p><h2>\u00a0<\/h2><h2>Ziskovost laserov\u00e9ho \u0159ez\u00e1n\u00ed<\/h2><p>Laserov\u00e9 stroje od Trotecu jsou synonymem pro maxim\u00e1ln\u00ed kvalitu, spolehlivost, v\u00fdkon a rychlost. Krom\u011b toho, \u0159ez\u00e1n\u00ed laserem je velmi ziskov\u00e9. Laserov\u00e9 \u0159ezac\u00ed stroje se neopot\u0159ebuj\u00ed, investice m\u00e1 rychlou n\u00e1vratnost a ziskovost firmy se zv\u00fd\u0161\u00ed.<\/p><h2>\u00a0<\/h2><h2>Laserov\u00e1 \u0159ezac\u00ed za\u0159\u00edzen\u00ed Trotec<\/h2><p>Trotec v\u00e1m nab\u00edz\u00ed \u0161irokou \u0161k\u00e1lu laser\u016f s pohyblivou hlavou pro \u0159ez\u00e1n\u00ed r\u016fzn\u00fdch typ\u016f materi\u00e1l\u016f.<\/p>\t\t\t\t\t\t<\/div>\n\t\t\t\t<\/div>\n\t\t\t\t<div class=\"elementor-element elementor-element-7b95bb4 elementor-widget__width-auto elementor-widget elementor-widget-button\" data-id=\"7b95bb4\" data-element_type=\"widget\" data-widget_type=\"button.default\">\n\t\t\t\t<div class=\"elementor-widget-container\">\n\t\t\t\t\t<div class=\"elementor-button-wrapper\">\n\t\t\t<a class=\"elementor-button elementor-button-link elementor-size-sm\" href=\"https:\/\/www.megaflex.cz\/lasery\/kontakt\/\">\n\t\t\t\t\t\t<span class=\"elementor-button-content-wrapper\">\n\t\t\t\t\t\t<span class=\"elementor-button-text\">Kontaktujte n\u00e1s<\/span>\n\t\t<\/span>\n\t\t\t\t\t<\/a>\n\t\t<\/div>\n\t\t\t\t<\/div>\n\t\t\t\t<\/div>\n\t\t\t\t<div class=\"elementor-element elementor-element-4a25c60 elementor-widget__width-auto elementor-widget elementor-widget-button\" data-id=\"4a25c60\" data-element_type=\"widget\" data-widget_type=\"button.default\">\n\t\t\t\t<div class=\"elementor-widget-container\">\n\t\t\t\t\t<div class=\"elementor-button-wrapper\">\n\t\t\t<a class=\"elementor-button elementor-button-link elementor-size-sm\" href=\"https:\/\/www.megaflex.cz\/lasery\/lasery-stroje-pro-gravirovani-rezani-a-popis\/\">\n\t\t\t\t\t\t<span class=\"elementor-button-content-wrapper\">\n\t\t\t\t\t\t<span class=\"elementor-button-text\">Vyberte si laser podle sv\u00fdch pot\u0159eb<\/span>\n\t\t<\/span>\n\t\t\t\t\t<\/a>\n\t\t<\/div>\n\t\t\t\t<\/div>\n\t\t\t\t<\/div>\n\t\t\t\t\t<\/div>\n\t\t<\/div>\n\t\t\t\t\t\t\t<\/div>\n\t\t<\/section>\n\t\t\t\t<section class=\"elementor-section elementor-top-section elementor-element elementor-element-da6396c elementor-hidden-tablet elementor-hidden-mobile elementor-section-boxed elementor-section-height-default elementor-section-height-default\" data-id=\"da6396c\" data-element_type=\"section\">\n\t\t\t\t\t\t<div class=\"elementor-container elementor-column-gap-default\">\n\t\t\t\t\t<div class=\"elementor-column elementor-col-100 elementor-top-column elementor-element elementor-element-c218ad1\" data-id=\"c218ad1\" data-element_type=\"column\">\n\t\t\t<div class=\"elementor-widget-wrap elementor-element-populated\">\n\t\t\t\t\t\t\t\t<div class=\"elementor-element elementor-element-febb4d4 elementor-widget elementor-widget-heading\" data-id=\"febb4d4\" data-element_type=\"widget\" data-widget_type=\"heading.default\">\n\t\t\t\t<div class=\"elementor-widget-container\">\n\t\t\t<style>\/*! elementor - v3.17.0 - 25-10-2023 *\/\n.elementor-heading-title{padding:0;margin:0;line-height:1}.elementor-widget-heading .elementor-heading-title[class*=elementor-size-]>a{color:inherit;font-size:inherit;line-height:inherit}.elementor-widget-heading .elementor-heading-title.elementor-size-small{font-size:15px}.elementor-widget-heading .elementor-heading-title.elementor-size-medium{font-size:19px}.elementor-widget-heading .elementor-heading-title.elementor-size-large{font-size:29px}.elementor-widget-heading .elementor-heading-title.elementor-size-xl{font-size:39px}.elementor-widget-heading .elementor-heading-title.elementor-size-xxl{font-size:59px}<\/style><h3 class=\"elementor-heading-title elementor-size-default\">Dal\u0161\u00ed vlastnosti<\/h3>\t\t<\/div>\n\t\t\t\t<\/div>\n\t\t\t\t<div class=\"elementor-element elementor-element-ef3e8a4 elementor-hidden-mobile mg-menu-as-buttons elementor-widget elementor-widget-jet-mega-menu\" data-id=\"ef3e8a4\" data-element_type=\"widget\" data-widget_type=\"jet-mega-menu.default\">\n\t\t\t\t<div class=\"elementor-widget-container\">\n\t\t\t<div class=\"menu-stranka-vedomosti-container\"><div class=\"jet-menu-container\"><div class=\"jet-menu-inner\"><ul class=\"jet-menu jet-menu--animation-type-move-down jet-menu--roll-up\"><li id=\"jet-menu-item-15496\" class=\"jet-menu-item jet-menu-item-type-custom jet-menu-item-object-custom jet-has-roll-up jet-simple-menu-item jet-regular-item jet-menu-item-15496\"><a href=\"https:\/\/megaflex.cz\/lasery\/vedomosti\/porovnani-dostupnych-typu-laseru\/\" class=\"top-level-link\" target=\"_blank\" rel=\"noopener\"><div class=\"jet-menu-item-wrapper\"><div class=\"jet-menu-title\">Typy laser\u016f<\/div><\/div><\/a><\/li>\n<li id=\"jet-menu-item-15497\" class=\"jet-menu-item jet-menu-item-type-custom jet-menu-item-object-custom jet-has-roll-up jet-simple-menu-item jet-regular-item jet-menu-item-15497\"><a href=\"https:\/\/megaflex.cz\/lasery\/vedomosti\/zaklady-laserovych-technologii\/\" class=\"top-level-link\" target=\"_blank\" rel=\"noopener\"><div class=\"jet-menu-item-wrapper\"><div class=\"jet-menu-title\">Z\u00e1klady o laserech<\/div><\/div><\/a><\/li>\n<li id=\"jet-menu-item-15498\" class=\"jet-menu-item jet-menu-item-type-custom jet-menu-item-object-custom jet-has-roll-up jet-simple-menu-item jet-regular-item jet-menu-item-15498\"><a href=\"https:\/\/megaflex.cz\/lasery\/vedomosti\/laserove-gravirovani\/\" class=\"top-level-link\" target=\"_blank\" rel=\"noopener\"><div class=\"jet-menu-item-wrapper\"><div class=\"jet-menu-title\">Jak laser grav\u00edruje<\/div><\/div><\/a><\/li>\n<li id=\"jet-menu-item-15499\" class=\"jet-menu-item jet-menu-item-type-custom jet-menu-item-object-custom jet-has-roll-up jet-simple-menu-item jet-regular-item jet-menu-item-15499\"><a href=\"https:\/\/megaflex.cz\/lasery\/vedomosti\/laserove-znaceni\/\" class=\"top-level-link\" target=\"_blank\" rel=\"noopener\"><div class=\"jet-menu-item-wrapper\"><div class=\"jet-menu-title\">Jak laser zna\u010d\u00ed<\/div><\/div><\/a><\/li>\n<li id=\"jet-menu-item-15500\" class=\"jet-menu-item jet-menu-item-type-custom jet-menu-item-object-custom jet-has-roll-up jet-simple-menu-item jet-regular-item jet-menu-item-15500\"><a href=\"https:\/\/megaflex.cz\/lasery\/vedomosti\/zaklady-laseroveho-rezani\/\" class=\"top-level-link\" target=\"_blank\" rel=\"noopener\"><div class=\"jet-menu-item-wrapper\"><div class=\"jet-menu-title\">Jak laser \u0159e\u017ee<\/div><\/div><\/a><\/li>\n<li id=\"jet-menu-item-15501\" class=\"jet-menu-item jet-menu-item-type-custom jet-menu-item-object-custom jet-has-roll-up jet-simple-menu-item jet-regular-item jet-menu-item-15501\"><a href=\"https:\/\/megaflex.cz\/lasery\/vedomosti\/laserova-bezpecnost\/\" class=\"top-level-link\" target=\"_blank\" rel=\"noopener\"><div class=\"jet-menu-item-wrapper\"><div class=\"jet-menu-title\">Bezpe\u010dnost laser\u016f<\/div><\/div><\/a><\/li>\n<\/ul><\/div><\/div><\/div>\t\t<\/div>\n\t\t\t\t<\/div>\n\t\t\t\t\t<\/div>\n\t\t<\/div>\n\t\t\t\t\t\t\t<\/div>\n\t\t<\/section>\n\t\t\t\t\t\t\t<\/div>\n\t\t","protected":false},"excerpt":{"rendered":"<p>\u00a0 Laserov\u00e9 \u0159ez\u00e1n\u00ed je rychl\u00e9 a produktivn\u00ed \u0158ez\u00e1n\u00ed laserov\u00fdm paprskem se za\u0159\u00edzen\u00edmi\u00a0Trotec p\u0159ekon\u00e1v\u00e1 konven\u010dn\u00ed \u0159ezac\u00ed syst\u00e9my pokud jde o rychlost, v\u00fdkonnost a produktivitu. V sou\u010dasn\u00e9 dob\u011b m\u016f\u017ee b\u00fdt \u0159ez\u00e1n\u00ed laserem mnohem jednodu\u0161\u0161\u00ed a rychlej\u0161\u00ed ne\u017e kdykoliv p\u0159edt\u00edm a je pou\u017e\u00edv\u00e1no v cel\u00e9 \u0159ad\u011b aplikac\u00ed a pr\u016fmyslov\u00fdch odv\u011btv\u00edch. Jako jeden z p\u0159edn\u00edch sv\u011btov\u00fdch v\u00fdrobc\u016f laserov\u00fdch syst\u00e9m\u016f, [&hellip;]<\/p>\n","protected":false},"author":1,"featured_media":2957,"parent":2555,"menu_order":0,"comment_status":"closed","ping_status":"closed","template":"","meta":{"inline_featured_image":false,"_lmt_disableupdate":"","_lmt_disable":"","footnotes":""},"acf":[],"_links":{"self":[{"href":"https:\/\/www.megaflex.cz\/lasery\/wp-json\/wp\/v2\/pages\/1589"}],"collection":[{"href":"https:\/\/www.megaflex.cz\/lasery\/wp-json\/wp\/v2\/pages"}],"about":[{"href":"https:\/\/www.megaflex.cz\/lasery\/wp-json\/wp\/v2\/types\/page"}],"author":[{"embeddable":true,"href":"https:\/\/www.megaflex.cz\/lasery\/wp-json\/wp\/v2\/users\/1"}],"replies":[{"embeddable":true,"href":"https:\/\/www.megaflex.cz\/lasery\/wp-json\/wp\/v2\/comments?post=1589"}],"version-history":[{"count":64,"href":"https:\/\/www.megaflex.cz\/lasery\/wp-json\/wp\/v2\/pages\/1589\/revisions"}],"predecessor-version":[{"id":25422,"href":"https:\/\/www.megaflex.cz\/lasery\/wp-json\/wp\/v2\/pages\/1589\/revisions\/25422"}],"up":[{"embeddable":true,"href":"https:\/\/www.megaflex.cz\/lasery\/wp-json\/wp\/v2\/pages\/2555"}],"wp:featuredmedia":[{"embeddable":true,"href":"https:\/\/www.megaflex.cz\/lasery\/wp-json\/wp\/v2\/media\/2957"}],"wp:attachment":[{"href":"https:\/\/www.megaflex.cz\/lasery\/wp-json\/wp\/v2\/media?parent=1589"}],"curies":[{"name":"wp","href":"https:\/\/api.w.org\/{rel}","templated":true}]}}