{"id":102,"date":"2015-03-22T11:14:48","date_gmt":"2015-03-22T11:14:48","guid":{"rendered":"http:\/\/trotest.megaflex.cz\/?page_id=102"},"modified":"2025-12-11T15:30:06","modified_gmt":"2025-12-11T13:30:06","slug":"o-firme","status":"publish","type":"page","link":"https:\/\/www.megaflex.cz\/lasery\/o-firme\/","title":{"rendered":"O n\u00e1s"},"content":{"rendered":"\t\t<div data-elementor-type=\"wp-page\" data-elementor-id=\"102\" class=\"elementor elementor-102\" data-elementor-post-type=\"page\">\n\t\t\t\t\t\t\t\t\t<section class=\"elementor-section elementor-top-section elementor-element elementor-element-cea1bf9 elementor-section-boxed elementor-section-height-default elementor-section-height-default\" data-id=\"cea1bf9\" data-element_type=\"section\">\n\t\t\t\t\t\t<div class=\"elementor-container elementor-column-gap-default\">\n\t\t\t\t\t<div class=\"elementor-column elementor-col-100 elementor-top-column elementor-element elementor-element-3f755da\" data-id=\"3f755da\" data-element_type=\"column\">\n\t\t\t<div class=\"elementor-widget-wrap elementor-element-populated\">\n\t\t\t\t\t\t\t\t<div class=\"elementor-element elementor-element-0cf791b elementor-widget elementor-widget-heading\" data-id=\"0cf791b\" data-element_type=\"widget\" data-widget_type=\"heading.default\">\n\t\t\t\t<div class=\"elementor-widget-container\">\n\t\t\t<style>\/*! elementor - v3.17.0 - 25-10-2023 *\/\n.elementor-heading-title{padding:0;margin:0;line-height:1}.elementor-widget-heading .elementor-heading-title[class*=elementor-size-]>a{color:inherit;font-size:inherit;line-height:inherit}.elementor-widget-heading .elementor-heading-title.elementor-size-small{font-size:15px}.elementor-widget-heading .elementor-heading-title.elementor-size-medium{font-size:19px}.elementor-widget-heading .elementor-heading-title.elementor-size-large{font-size:29px}.elementor-widget-heading .elementor-heading-title.elementor-size-xl{font-size:39px}.elementor-widget-heading .elementor-heading-title.elementor-size-xxl{font-size:59px}<\/style><h1 class=\"elementor-heading-title elementor-size-default\">O n\u00e1s<\/h1>\t\t<\/div>\n\t\t\t\t<\/div>\n\t\t\t\t<div class=\"elementor-element elementor-element-1ec2f61 elementor-widget elementor-widget-text-editor\" data-id=\"1ec2f61\" data-element_type=\"widget\" data-widget_type=\"text-editor.default\">\n\t\t\t\t<div class=\"elementor-widget-container\">\n\t\t\t<style>\/*! elementor - v3.17.0 - 25-10-2023 *\/\n.elementor-widget-text-editor.elementor-drop-cap-view-stacked .elementor-drop-cap{background-color:#69727d;color:#fff}.elementor-widget-text-editor.elementor-drop-cap-view-framed .elementor-drop-cap{color:#69727d;border:3px solid;background-color:transparent}.elementor-widget-text-editor:not(.elementor-drop-cap-view-default) .elementor-drop-cap{margin-top:8px}.elementor-widget-text-editor:not(.elementor-drop-cap-view-default) .elementor-drop-cap-letter{width:1em;height:1em}.elementor-widget-text-editor .elementor-drop-cap{float:left;text-align:center;line-height:1;font-size:50px}.elementor-widget-text-editor .elementor-drop-cap-letter{display:inline-block}<\/style>\t\t\t\t<p>P\u0159edn\u00ed mezin\u00e1rodn\u00ed v\u00fdvoj\u00e1\u0159 a v\u00fdrobce laser\u016f.<br \/>Vyr\u00e1b\u00edme a prod\u00e1v\u00e1me vl\u00e1knov\u00e9 a CO2 laserov\u00e9 syst\u00e9my pro grav\u00edrov\u00e1n\u00ed, zna\u010den\u00ed a \u0159ez\u00e1n\u00ed r\u016fzn\u00fdch materi\u00e1l\u016f.<\/p><p>Zam\u011b\u0159ujeme se zejm\u00e9na na \u010desk\u00fd a slovensk\u00fd trh a zem\u011b EU.<\/p>\t\t\t\t\t\t<\/div>\n\t\t\t\t<\/div>\n\t\t\t\t\t<\/div>\n\t\t<\/div>\n\t\t\t\t\t\t\t<\/div>\n\t\t<\/section>\n\t\t\t\t<section class=\"elementor-section elementor-top-section elementor-element elementor-element-9448cbe elementor-section-boxed elementor-section-height-default elementor-section-height-default\" data-id=\"9448cbe\" data-element_type=\"section\">\n\t\t\t\t\t\t<div class=\"elementor-container elementor-column-gap-default\">\n\t\t\t\t\t<div class=\"elementor-column elementor-col-50 elementor-top-column elementor-element elementor-element-5ff28d3\" data-id=\"5ff28d3\" data-element_type=\"column\">\n\t\t\t<div class=\"elementor-widget-wrap elementor-element-populated\">\n\t\t\t\t\t\t\t\t<div class=\"elementor-element elementor-element-ef851a7 elementor-widget elementor-widget-image\" data-id=\"ef851a7\" data-element_type=\"widget\" data-widget_type=\"image.default\">\n\t\t\t\t<div class=\"elementor-widget-container\">\n\t\t\t<style>\/*! elementor - v3.17.0 - 25-10-2023 *\/\n.elementor-widget-image{text-align:center}.elementor-widget-image a{display:inline-block}.elementor-widget-image a img[src$=\".svg\"]{width:48px}.elementor-widget-image img{vertical-align:middle;display:inline-block}<\/style>\t\t\t\t\t\t\t\t\t\t\t\t<img loading=\"lazy\" decoding=\"async\" width=\"800\" height=\"534\" src=\"https:\/\/www.megaflex.cz\/lasery\/files\/2015\/08\/Megaflex-budova-1024x683.jpg\" class=\"attachment-large size-large wp-image-3490\" alt=\"\" srcset=\"https:\/\/www.megaflex.cz\/lasery\/files\/2015\/08\/Megaflex-budova-1024x683.jpg 1024w, https:\/\/www.megaflex.cz\/lasery\/files\/2015\/08\/Megaflex-budova-300x200.jpg 300w, https:\/\/www.megaflex.cz\/lasery\/files\/2015\/08\/Megaflex-budova.jpg 1600w\" sizes=\"(max-width: 800px) 100vw, 800px\" \/>\t\t\t\t\t\t\t\t\t\t\t\t\t\t\t<\/div>\n\t\t\t\t<\/div>\n\t\t\t\t\t<\/div>\n\t\t<\/div>\n\t\t\t\t<div class=\"elementor-column elementor-col-50 elementor-top-column elementor-element elementor-element-566312d\" data-id=\"566312d\" data-element_type=\"column\">\n\t\t\t<div class=\"elementor-widget-wrap elementor-element-populated\">\n\t\t\t\t\t\t\t\t<div class=\"elementor-element elementor-element-e6e320f elementor-widget elementor-widget-heading\" data-id=\"e6e320f\" data-element_type=\"widget\" data-widget_type=\"heading.default\">\n\t\t\t\t<div class=\"elementor-widget-container\">\n\t\t\t<h2 class=\"elementor-heading-title elementor-size-default\"><p>Kdo je <span class=\"highlightundr\">Megaflex<\/span><\/p>\n<\/h2>\t\t<\/div>\n\t\t\t\t<\/div>\n\t\t\t\t<div class=\"elementor-element elementor-element-74bb290 elementor-widget elementor-widget-text-editor\" data-id=\"74bb290\" data-element_type=\"widget\" data-widget_type=\"text-editor.default\">\n\t\t\t\t<div class=\"elementor-widget-container\">\n\t\t\t\t\t\t\t<p>Megaflex je typick\u00fdm \u00fasp\u011b\u0161n\u00fdm \u010desk\u00fdm start-upem devades\u00e1t\u00fdch let dvac\u00e1t\u00e9ho stolet\u00ed. Vznikl proto, \u017ee u n\u00e1s chyb\u011bla modern\u00ed technologie na v\u00fdrobu raz\u00edtkov\u00fdch \u0161to\u010dk\u016f do samobarvic\u00edch raz\u00edtek TRODAT, kter\u00e1 jeho zakladatel ji\u017e v tehdej\u0161\u00edm \u010ceskoslovensku distribuoval.<\/p><p>Prvn\u00edm \u00fasp\u011b\u0161n\u00fdm v\u00fdrobkem Megaflexu byly raz\u00edtkov\u00e9 vulkaniza\u010dn\u00ed lisy. Kdy\u017e se ale v USA objevily prvn\u00ed mal\u00e9 grav\u00edrovac\u00ed lasery, postavili jsme\u00a0u\u017e v roce 1994 prototyp laseru\u00a0pro v\u00fdrobu raz\u00edtkov\u00fdch \u0161to\u010dk\u016f. Prvn\u00edch dvacet kus\u016f, kter\u00e9 jsme vyrobili, v\u00fdznamn\u011b zm\u011bnilo situaci na na\u0161em trhu. Bez laseru byl v\u00fdrobce raz\u00edtek\u00a0najednou tak trochu\u00a0nemodern\u00ed&#8230;<\/p><p>Pot\u0159eba velk\u00fdch investic a nutnost prod\u00e1vat na sv\u011btov\u00e9m, ne jen na dom\u00e1c\u00edm trhu, brzy vedla k tomu, \u017ee jsme za\u010dali distribuovat vynikaj\u00edc\u00ed plo\u0161n\u00e9 lasery TROTEC. Pot\u0159ebu inovac\u00ed u n\u00e1s v sou\u010dasnosti zastupuj\u00ed zna\u010dic\u00ed vl\u00e1knov\u00e9 lasery SHINE, pou\u017e\u00edvan\u00e9 zejm\u00e9na k pr\u016fmyslov\u00e9mu zna\u010den\u00ed \u010di k \u0159ez\u00e1n\u00ed. I ty tvo\u0159\u00ed nepochybnou technologickou \u0161pi\u010dku na \u010desk\u00e9m a slovensk\u00e9m\u00a0trhu.<\/p>\t\t\t\t\t\t<\/div>\n\t\t\t\t<\/div>\n\t\t\t\t\t<\/div>\n\t\t<\/div>\n\t\t\t\t\t\t\t<\/div>\n\t\t<\/section>\n\t\t\t\t<section class=\"elementor-section elementor-top-section elementor-element elementor-element-632b627a elementor-section-boxed elementor-section-height-default elementor-section-height-default\" data-id=\"632b627a\" data-element_type=\"section\">\n\t\t\t\t\t\t<div class=\"elementor-container elementor-column-gap-default\">\n\t\t\t\t\t<div class=\"elementor-column elementor-col-33 elementor-top-column elementor-element elementor-element-6ef8498a\" data-id=\"6ef8498a\" data-element_type=\"column\">\n\t\t\t<div class=\"elementor-widget-wrap elementor-element-populated\">\n\t\t\t\t\t\t\t\t<div class=\"elementor-element elementor-element-25699d46 elementor-widget__width-initial elementor-widget elementor-widget-counter\" data-id=\"25699d46\" data-element_type=\"widget\" data-widget_type=\"counter.default\">\n\t\t\t\t<div class=\"elementor-widget-container\">\n\t\t\t<style>\/*! elementor - v3.17.0 - 25-10-2023 *\/\n.elementor-counter .elementor-counter-number-wrapper{display:flex;font-size:69px;font-weight:600;line-height:1}.elementor-counter .elementor-counter-number-prefix,.elementor-counter .elementor-counter-number-suffix{flex-grow:1;white-space:pre-wrap}.elementor-counter .elementor-counter-number-prefix{text-align:right}.elementor-counter .elementor-counter-number-suffix{text-align:left}.elementor-counter .elementor-counter-title{text-align:center;font-size:19px;font-weight:400;line-height:2.5}<\/style>\t\t<div class=\"elementor-counter\">\n\t\t\t<div class=\"elementor-counter-number-wrapper\">\n\t\t\t\t<span class=\"elementor-counter-number-prefix\">1<\/span>\n\t\t\t\t<span class=\"elementor-counter-number\" data-duration=\"2000\" data-to-value=\"992\" data-from-value=\"0\" data-delimiter=\",\">0<\/span>\n\t\t\t\t<span class=\"elementor-counter-number-suffix\"><\/span>\n\t\t\t<\/div>\n\t\t\t\t\t\t\t<div class=\"elementor-counter-title\">P\u016fsob\u00edme na trhu laser\u016f ji\u017e p\u0159es 30 let<\/div>\n\t\t\t\t\t<\/div>\n\t\t\t\t<\/div>\n\t\t\t\t<\/div>\n\t\t\t\t\t<\/div>\n\t\t<\/div>\n\t\t\t\t<div class=\"elementor-column elementor-col-33 elementor-top-column elementor-element elementor-element-5a783b3e\" data-id=\"5a783b3e\" data-element_type=\"column\">\n\t\t\t<div class=\"elementor-widget-wrap elementor-element-populated\">\n\t\t\t\t\t\t\t\t<div class=\"elementor-element elementor-element-2e9539f elementor-widget__width-initial elementor-widget elementor-widget-counter\" data-id=\"2e9539f\" data-element_type=\"widget\" data-widget_type=\"counter.default\">\n\t\t\t\t<div class=\"elementor-widget-container\">\n\t\t\t\t\t<div class=\"elementor-counter\">\n\t\t\t<div class=\"elementor-counter-number-wrapper\">\n\t\t\t\t<span class=\"elementor-counter-number-prefix\">1<\/span>\n\t\t\t\t<span class=\"elementor-counter-number\" data-duration=\"2000\" data-to-value=\"8\" data-from-value=\"0\" data-delimiter=\",\">0<\/span>\n\t\t\t\t<span class=\"elementor-counter-number-suffix\"><\/span>\n\t\t\t<\/div>\n\t\t\t\t\t\t\t<div class=\"elementor-counter-title\">Skv\u011bl\u00fdch zam\u011bstnanc\u016f a st\u00e1le rosteme<\/div>\n\t\t\t\t\t<\/div>\n\t\t\t\t<\/div>\n\t\t\t\t<\/div>\n\t\t\t\t\t<\/div>\n\t\t<\/div>\n\t\t\t\t<div class=\"elementor-column elementor-col-33 elementor-top-column elementor-element elementor-element-2a4e9d58\" data-id=\"2a4e9d58\" data-element_type=\"column\">\n\t\t\t<div class=\"elementor-widget-wrap elementor-element-populated\">\n\t\t\t\t\t\t\t\t<div class=\"elementor-element elementor-element-71fef3da elementor-widget__width-initial elementor-widget elementor-widget-counter\" data-id=\"71fef3da\" data-element_type=\"widget\" data-widget_type=\"counter.default\">\n\t\t\t\t<div class=\"elementor-widget-container\">\n\t\t\t\t\t<div class=\"elementor-counter\">\n\t\t\t<div class=\"elementor-counter-number-wrapper\">\n\t\t\t\t<span class=\"elementor-counter-number-prefix\">4<\/span>\n\t\t\t\t<span class=\"elementor-counter-number\" data-duration=\"2000\" data-to-value=\"2\" data-from-value=\"0\" data-delimiter=\",\">0<\/span>\n\t\t\t\t<span class=\"elementor-counter-number-suffix\">%<\/span>\n\t\t\t<\/div>\n\t\t\t\t\t\t\t<div class=\"elementor-counter-title\">Exportu m\u00ed\u0159\u00ed do evropsk\u00fdch st\u00e1t\u016f<\/div>\n\t\t\t\t\t<\/div>\n\t\t\t\t<\/div>\n\t\t\t\t<\/div>\n\t\t\t\t\t<\/div>\n\t\t<\/div>\n\t\t\t\t\t\t\t<\/div>\n\t\t<\/section>\n\t\t\t\t<section class=\"elementor-section elementor-top-section elementor-element elementor-element-a4553ac elementor-reverse-tablet elementor-reverse-mobile elementor-section-boxed elementor-section-height-default elementor-section-height-default\" data-id=\"a4553ac\" data-element_type=\"section\">\n\t\t\t\t\t\t<div class=\"elementor-container elementor-column-gap-default\">\n\t\t\t\t\t<div class=\"elementor-column elementor-col-50 elementor-top-column elementor-element elementor-element-b52136d\" data-id=\"b52136d\" data-element_type=\"column\">\n\t\t\t<div class=\"elementor-widget-wrap elementor-element-populated\">\n\t\t\t\t\t\t\t\t<div class=\"elementor-element elementor-element-b3a02c9 elementor-widget elementor-widget-heading\" data-id=\"b3a02c9\" data-element_type=\"widget\" data-widget_type=\"heading.default\">\n\t\t\t\t<div class=\"elementor-widget-container\">\n\t\t\t<h2 class=\"elementor-heading-title elementor-size-default\"><p>Kdo je <span class=\"highlight\">Trotec<\/span><\/p>\n<\/h2>\t\t<\/div>\n\t\t\t\t<\/div>\n\t\t\t\t<div class=\"elementor-element elementor-element-9f057bb elementor-widget elementor-widget-text-editor\" data-id=\"9f057bb\" data-element_type=\"widget\" data-widget_type=\"text-editor.default\">\n\t\t\t\t<div class=\"elementor-widget-container\">\n\t\t\t\t\t\t\t<p>Dce\u0159in\u00e1 spole\u010dnost sv\u011btov\u00e9 jedni\u010dky ve v\u00fdrob\u011b samobarvic\u00edch raz\u00edtek, rakousk\u00e9ho TRODATu, \u00a0c\u00edtila stejnou pot\u0159ebu jako Megaflex: m\u00edt sou\u010dasnou technologii na v\u00fdrobu raz\u00edtkov\u00fdch \u0161to\u010dk\u016f. D\u00edky obrovsk\u00e9 finan\u010dn\u00ed s\u00edle a organiza\u010dn\u00ed zdatnosti mana\u017eer\u016f se TROTEC rychle stal sv\u011btovou jedni\u010dkou v oboru plo\u0161n\u00fdch laser\u016f, zam\u011b\u0159en\u00fdch na vysokou kvalitu a skv\u011bl\u00fd pom\u011br v\u00fdkon\/cena. \u00a0Trotec je dnes uzn\u00e1van\u00fdm technologick\u00fdm l\u00eddrem na mezin\u00e1rodn\u00edm trhu laserov\u00fdch \u0159ezac\u00edch a grav\u00edrovac\u00edch stroj\u016f.<\/p>\t\t\t\t\t\t<\/div>\n\t\t\t\t<\/div>\n\t\t\t\t\t<\/div>\n\t\t<\/div>\n\t\t\t\t<div class=\"elementor-column elementor-col-50 elementor-top-column elementor-element elementor-element-6752632\" data-id=\"6752632\" data-element_type=\"column\">\n\t\t\t<div class=\"elementor-widget-wrap elementor-element-populated\">\n\t\t\t\t\t\t\t\t<div class=\"elementor-element elementor-element-e7418fe elementor-widget elementor-widget-image\" data-id=\"e7418fe\" data-element_type=\"widget\" data-widget_type=\"image.default\">\n\t\t\t\t<div class=\"elementor-widget-container\">\n\t\t\t\t\t\t\t\t\t\t\t\t\t\t\t<img loading=\"lazy\" decoding=\"async\" width=\"1170\" height=\"1170\" src=\"https:\/\/www.megaflex.cz\/lasery\/files\/2015\/03\/banner-trotec.jpg\" class=\"attachment-full size-full wp-image-24\" alt=\"\" srcset=\"https:\/\/www.megaflex.cz\/lasery\/files\/2015\/03\/banner-trotec.jpg 1170w, https:\/\/www.megaflex.cz\/lasery\/files\/2015\/03\/banner-trotec-150x150.jpg 150w, https:\/\/www.megaflex.cz\/lasery\/files\/2015\/03\/banner-trotec-300x300.jpg 300w, https:\/\/www.megaflex.cz\/lasery\/files\/2015\/03\/banner-trotec-1024x1024.jpg 1024w\" sizes=\"(max-width: 1170px) 100vw, 1170px\" \/>\t\t\t\t\t\t\t\t\t\t\t\t\t\t\t<\/div>\n\t\t\t\t<\/div>\n\t\t\t\t\t<\/div>\n\t\t<\/div>\n\t\t\t\t\t\t\t<\/div>\n\t\t<\/section>\n\t\t\t\t<section class=\"elementor-section elementor-top-section elementor-element elementor-element-3200c86 elementor-section-boxed elementor-section-height-default elementor-section-height-default\" data-id=\"3200c86\" data-element_type=\"section\">\n\t\t\t\t\t\t<div class=\"elementor-container elementor-column-gap-default\">\n\t\t\t\t\t<div class=\"elementor-column elementor-col-50 elementor-top-column elementor-element elementor-element-2e8647d\" data-id=\"2e8647d\" data-element_type=\"column\">\n\t\t\t<div class=\"elementor-widget-wrap elementor-element-populated\">\n\t\t\t\t\t\t\t\t<div class=\"elementor-element elementor-element-25b2a6d elementor-widget elementor-widget-image\" data-id=\"25b2a6d\" data-element_type=\"widget\" data-widget_type=\"image.default\">\n\t\t\t\t<div class=\"elementor-widget-container\">\n\t\t\t\t\t\t\t\t\t\t\t\t\t\t\t<img loading=\"lazy\" decoding=\"async\" width=\"800\" height=\"599\" src=\"https:\/\/www.megaflex.cz\/lasery\/files\/2015\/04\/Trotec_Juni2014_4796-1024x767.jpg\" class=\"attachment-large size-large wp-image-491\" alt=\"\" srcset=\"https:\/\/www.megaflex.cz\/lasery\/files\/2015\/04\/Trotec_Juni2014_4796-1024x767.jpg 1024w, https:\/\/www.megaflex.cz\/lasery\/files\/2015\/04\/Trotec_Juni2014_4796-300x224.jpg 300w, https:\/\/www.megaflex.cz\/lasery\/files\/2015\/04\/Trotec_Juni2014_4796.jpg 1200w\" sizes=\"(max-width: 800px) 100vw, 800px\" \/>\t\t\t\t\t\t\t\t\t\t\t\t\t\t\t<\/div>\n\t\t\t\t<\/div>\n\t\t\t\t\t<\/div>\n\t\t<\/div>\n\t\t\t\t<div class=\"elementor-column elementor-col-50 elementor-top-column elementor-element elementor-element-e2b4d63\" data-id=\"e2b4d63\" data-element_type=\"column\">\n\t\t\t<div class=\"elementor-widget-wrap elementor-element-populated\">\n\t\t\t\t\t\t\t\t<div class=\"elementor-element elementor-element-74e316d elementor-widget elementor-widget-heading\" data-id=\"74e316d\" data-element_type=\"widget\" data-widget_type=\"heading.default\">\n\t\t\t\t<div class=\"elementor-widget-container\">\n\t\t\t<h2 class=\"elementor-heading-title elementor-size-default\"><p><span class=\"highlight\">Inovace<\/span> v oboru laser\u016f\n<\/h2>\t\t<\/div>\n\t\t\t\t<\/div>\n\t\t\t\t<div class=\"elementor-element elementor-element-f851b9f elementor-widget elementor-widget-text-editor\" data-id=\"f851b9f\" data-element_type=\"widget\" data-widget_type=\"text-editor.default\">\n\t\t\t\t<div class=\"elementor-widget-container\">\n\t\t\t\t\t\t\t<p>Trotec\u00a0ch\u00e1pe jako svou\u00a0povinnost nad\u00e1le rozv\u00edjet a zlep\u0161ovat laserov\u00e9 stroje pro svoje z\u00e1kazn\u00edky. P\u0159\u00edkladem v tomto ohledu je Speedy 300 flexx, kter\u00fd, jako prvn\u00ed laserov\u00fd syst\u00e9m na sv\u011bt\u011b kombinuje\u00a0CO2 a vl\u00e1knovou laserovou technologii v jednom stroji a kterou m\u016f\u017eete naj\u00edt i ve Speedy 100 flexx a Speedy 400 flexx.<\/p><p>S 300 zam\u011bstnanci, kte\u0159\u00ed pracuj\u00ed ve 13 pobo\u010dk\u00e1ch, nab\u00edz\u00ed sv\u00fdm z\u00e1kazn\u00edk\u016fm mezin\u00e1rodn\u00ed slu\u017eby\u00a0ve vysp\u011bl\u00e9 prodejn\u00ed\u00a0s\u00edti. Ka\u017ed\u00fd klient, kter\u00fd se rozhodne pro laser TROTEC, m\u00e1 jistotu, \u017ee koupil technologicky vysp\u011bl\u00e9 za\u0159\u00edzen\u00ed spl\u0148uj\u00edc\u00ed nejvy\u0161\u0161\u00ed bezpe\u010dnostn\u00ed standardy.<\/p>\t\t\t\t\t\t<\/div>\n\t\t\t\t<\/div>\n\t\t\t\t\t<\/div>\n\t\t<\/div>\n\t\t\t\t\t\t\t<\/div>\n\t\t<\/section>\n\t\t\t\t<section class=\"elementor-section elementor-top-section elementor-element elementor-element-15413fb elementor-section-boxed elementor-section-height-default elementor-section-height-default\" data-id=\"15413fb\" data-element_type=\"section\">\n\t\t\t\t\t\t<div class=\"elementor-container elementor-column-gap-default\">\n\t\t\t\t\t<div class=\"elementor-column elementor-col-100 elementor-top-column elementor-element elementor-element-ff588da\" data-id=\"ff588da\" data-element_type=\"column\">\n\t\t\t<div class=\"elementor-widget-wrap elementor-element-populated\">\n\t\t\t\t\t\t\t\t<div class=\"elementor-element elementor-element-1e5d4b8 elementor-widget elementor-widget-heading\" data-id=\"1e5d4b8\" data-element_type=\"widget\" data-widget_type=\"heading.default\">\n\t\t\t\t<div class=\"elementor-widget-container\">\n\t\t\t<h2 class=\"elementor-heading-title elementor-size-default\">Odkazy<\/h2>\t\t<\/div>\n\t\t\t\t<\/div>\n\t\t\t\t<div class=\"elementor-element elementor-element-729a985d mg-menu-as-buttons elementor-widget elementor-widget-jet-mega-menu\" data-id=\"729a985d\" data-element_type=\"widget\" data-widget_type=\"jet-mega-menu.default\">\n\t\t\t\t<div class=\"elementor-widget-container\">\n\t\t\t<div class=\"menu-odkazy-o-nas-container\"><div class=\"jet-menu-container\"><div class=\"jet-menu-inner\"><ul class=\"jet-menu jet-menu--animation-type-move-down jet-menu--roll-up\"><li id=\"jet-menu-item-18258\" class=\"jet-menu-item jet-menu-item-type-post_type jet-menu-item-object-page jet-has-roll-up jet-simple-menu-item jet-regular-item jet-menu-item-18258\"><a href=\"https:\/\/www.megaflex.cz\/lasery\/historie\/\" class=\"top-level-link\"><div class=\"jet-menu-item-wrapper\"><div class=\"jet-menu-title\">Historie Megaflexu<\/div><\/div><\/a><\/li>\n<li id=\"jet-menu-item-18259\" class=\"jet-menu-item jet-menu-item-type-post_type jet-menu-item-object-page jet-has-roll-up jet-simple-menu-item jet-regular-item jet-menu-item-18259\"><a href=\"https:\/\/www.megaflex.cz\/lasery\/volna-mista\/\" class=\"top-level-link\"><div class=\"jet-menu-item-wrapper\"><div class=\"jet-menu-title\">Kari\u00e9ra<\/div><\/div><\/a><\/li>\n<li id=\"jet-menu-item-18260\" class=\"jet-menu-item jet-menu-item-type-post_type jet-menu-item-object-page jet-has-roll-up jet-simple-menu-item jet-regular-item jet-menu-item-18260\"><a href=\"https:\/\/www.megaflex.cz\/lasery\/trotec-production-und-vertriebs-gmbh\/\" class=\"top-level-link\"><div class=\"jet-menu-item-wrapper\"><div class=\"jet-menu-title\">Trotec<\/div><\/div><\/a><\/li>\n<li id=\"jet-menu-item-18261\" class=\"jet-menu-item jet-menu-item-type-post_type jet-menu-item-object-page jet-has-roll-up jet-simple-menu-item jet-regular-item jet-menu-item-18261\"><a href=\"https:\/\/www.megaflex.cz\/lasery\/novinky\/\" class=\"top-level-link\"><div class=\"jet-menu-item-wrapper\"><div class=\"jet-menu-title\">Novinky<\/div><\/div><\/a><\/li>\n<\/ul><\/div><\/div><\/div>\t\t<\/div>\n\t\t\t\t<\/div>\n\t\t\t\t\t<\/div>\n\t\t<\/div>\n\t\t\t\t\t\t\t<\/div>\n\t\t<\/section>\n\t\t\t\t\t\t\t<\/div>\n\t\t","protected":false},"excerpt":{"rendered":"<p>O n\u00e1s P\u0159edn\u00ed mezin\u00e1rodn\u00ed v\u00fdvoj\u00e1\u0159 a v\u00fdrobce laser\u016f.Vyr\u00e1b\u00edme a prod\u00e1v\u00e1me vl\u00e1knov\u00e9 a CO2 laserov\u00e9 syst\u00e9my pro grav\u00edrov\u00e1n\u00ed, zna\u010den\u00ed a \u0159ez\u00e1n\u00ed r\u016fzn\u00fdch materi\u00e1l\u016f. Zam\u011b\u0159ujeme se zejm\u00e9na na \u010desk\u00fd a slovensk\u00fd trh a zem\u011b EU. Kdo je Megaflex Megaflex je typick\u00fdm \u00fasp\u011b\u0161n\u00fdm \u010desk\u00fdm start-upem devades\u00e1t\u00fdch let dvac\u00e1t\u00e9ho stolet\u00ed. Vznikl proto, \u017ee u n\u00e1s chyb\u011bla modern\u00ed technologie na [&hellip;]<\/p>\n","protected":false},"author":1,"featured_media":0,"parent":0,"menu_order":0,"comment_status":"closed","ping_status":"closed","template":"","meta":{"inline_featured_image":false,"_lmt_disableupdate":"","_lmt_disable":"","footnotes":""},"acf":[],"_links":{"self":[{"href":"https:\/\/www.megaflex.cz\/lasery\/wp-json\/wp\/v2\/pages\/102"}],"collection":[{"href":"https:\/\/www.megaflex.cz\/lasery\/wp-json\/wp\/v2\/pages"}],"about":[{"href":"https:\/\/www.megaflex.cz\/lasery\/wp-json\/wp\/v2\/types\/page"}],"author":[{"embeddable":true,"href":"https:\/\/www.megaflex.cz\/lasery\/wp-json\/wp\/v2\/users\/1"}],"replies":[{"embeddable":true,"href":"https:\/\/www.megaflex.cz\/lasery\/wp-json\/wp\/v2\/comments?post=102"}],"version-history":[{"count":127,"href":"https:\/\/www.megaflex.cz\/lasery\/wp-json\/wp\/v2\/pages\/102\/revisions"}],"predecessor-version":[{"id":25377,"href":"https:\/\/www.megaflex.cz\/lasery\/wp-json\/wp\/v2\/pages\/102\/revisions\/25377"}],"wp:attachment":[{"href":"https:\/\/www.megaflex.cz\/lasery\/wp-json\/wp\/v2\/media?parent=102"}],"curies":[{"name":"wp","href":"https:\/\/api.w.org\/{rel}","templated":true}]}}