{"id":5430,"date":"2018-11-21T20:21:38","date_gmt":"2018-11-21T20:21:38","guid":{"rendered":"http:\/\/www.megaflex.cz\/lasery\/sk\/?page_id=5430"},"modified":"2023-08-16T12:15:14","modified_gmt":"2023-08-16T10:15:14","slug":"o-nas","status":"publish","type":"page","link":"https:\/\/www.megaflex.cz\/lasery\/sk\/o-nas\/","title":{"rendered":"O n\u00e1s"},"content":{"rendered":"\t\t<div data-elementor-type=\"wp-page\" data-elementor-id=\"5430\" class=\"elementor elementor-5430 elementor-102\" data-elementor-post-type=\"page\">\n\t\t\t\t\t\t\t\t\t<section class=\"elementor-section elementor-top-section elementor-element elementor-element-69624858 elementor-section-boxed elementor-section-height-default elementor-section-height-default\" data-id=\"69624858\" data-element_type=\"section\">\n\t\t\t\t\t\t<div class=\"elementor-container elementor-column-gap-default\">\n\t\t\t\t\t<div class=\"elementor-column elementor-col-100 elementor-top-column elementor-element elementor-element-bcc89a7\" data-id=\"bcc89a7\" data-element_type=\"column\">\n\t\t\t<div class=\"elementor-widget-wrap elementor-element-populated\">\n\t\t\t\t\t\t\t\t<div class=\"elementor-element elementor-element-1897cabc elementor-widget elementor-widget-heading\" data-id=\"1897cabc\" data-element_type=\"widget\" data-widget_type=\"heading.default\">\n\t\t\t\t<div class=\"elementor-widget-container\">\n\t\t\t<style>\/*! elementor - v3.17.0 - 25-10-2023 *\/\n.elementor-heading-title{padding:0;margin:0;line-height:1}.elementor-widget-heading .elementor-heading-title[class*=elementor-size-]>a{color:inherit;font-size:inherit;line-height:inherit}.elementor-widget-heading .elementor-heading-title.elementor-size-small{font-size:15px}.elementor-widget-heading .elementor-heading-title.elementor-size-medium{font-size:19px}.elementor-widget-heading .elementor-heading-title.elementor-size-large{font-size:29px}.elementor-widget-heading .elementor-heading-title.elementor-size-xl{font-size:39px}.elementor-widget-heading .elementor-heading-title.elementor-size-xxl{font-size:59px}<\/style><h1 class=\"elementor-heading-title elementor-size-default\">O n\u00e1s<\/h1>\t\t<\/div>\n\t\t\t\t<\/div>\n\t\t\t\t<div class=\"elementor-element elementor-element-30e39dc2 elementor-widget elementor-widget-text-editor\" data-id=\"30e39dc2\" data-element_type=\"widget\" data-widget_type=\"text-editor.default\">\n\t\t\t\t<div class=\"elementor-widget-container\">\n\t\t\t<style>\/*! elementor - v3.17.0 - 25-10-2023 *\/\n.elementor-widget-text-editor.elementor-drop-cap-view-stacked .elementor-drop-cap{background-color:#69727d;color:#fff}.elementor-widget-text-editor.elementor-drop-cap-view-framed .elementor-drop-cap{color:#69727d;border:3px solid;background-color:transparent}.elementor-widget-text-editor:not(.elementor-drop-cap-view-default) .elementor-drop-cap{margin-top:8px}.elementor-widget-text-editor:not(.elementor-drop-cap-view-default) .elementor-drop-cap-letter{width:1em;height:1em}.elementor-widget-text-editor .elementor-drop-cap{float:left;text-align:center;line-height:1;font-size:50px}.elementor-widget-text-editor .elementor-drop-cap-letter{display:inline-block}<\/style>\t\t\t\tPopredn\u00fd medzin\u00e1rodn\u00fd autor a v\u00fdrobca laserov.\nV\u00fdrob\u00edme a pred\u00e1vame vl\u00e1knov\u00e9 a CO2 laserov\u00e9 syst\u00e9my na grav\u00edrovanie, zna\u010denie a rezanie r\u00f4znych materi\u00e1lov.\n\nZameriavame sa najm\u00e4 na \u010desk\u00fd a slovensk\u00fd trh a krajiny E\u00da.\n\t\t\t\t\t\t<\/div>\n\t\t\t\t<\/div>\n\t\t\t\t\t<\/div>\n\t\t<\/div>\n\t\t\t\t\t\t\t<\/div>\n\t\t<\/section>\n\t\t\t\t<section class=\"elementor-section elementor-top-section elementor-element elementor-element-423eb57c elementor-section-boxed elementor-section-height-default elementor-section-height-default\" data-id=\"423eb57c\" data-element_type=\"section\">\n\t\t\t\t\t\t<div class=\"elementor-container elementor-column-gap-default\">\n\t\t\t\t\t<div class=\"elementor-column elementor-col-50 elementor-top-column elementor-element elementor-element-7472f9a6\" data-id=\"7472f9a6\" data-element_type=\"column\">\n\t\t\t<div class=\"elementor-widget-wrap elementor-element-populated\">\n\t\t\t\t\t\t\t\t<div class=\"elementor-element elementor-element-6c9809b5 elementor-widget elementor-widget-image\" data-id=\"6c9809b5\" data-element_type=\"widget\" data-widget_type=\"image.default\">\n\t\t\t\t<div class=\"elementor-widget-container\">\n\t\t\t<style>\/*! elementor - v3.17.0 - 25-10-2023 *\/\n.elementor-widget-image{text-align:center}.elementor-widget-image a{display:inline-block}.elementor-widget-image a img[src$=\".svg\"]{width:48px}.elementor-widget-image img{vertical-align:middle;display:inline-block}<\/style>\t\t\t\t\t\t\t\t\t\t\t\t<img loading=\"lazy\" decoding=\"async\" width=\"800\" height=\"534\" src=\"https:\/\/www.megaflex.cz\/lasery\/files\/2015\/08\/Megaflex-budova-1024x683.jpg\" class=\"attachment-large size-large wp-image-3490\" alt=\"\" srcset=\"https:\/\/www.megaflex.cz\/lasery\/files\/2015\/08\/Megaflex-budova-1024x683.jpg 1024w, https:\/\/www.megaflex.cz\/lasery\/files\/2015\/08\/Megaflex-budova-300x200.jpg 300w, https:\/\/www.megaflex.cz\/lasery\/files\/2015\/08\/Megaflex-budova.jpg 1600w\" sizes=\"(max-width: 800px) 100vw, 800px\" \/>\t\t\t\t\t\t\t\t\t\t\t\t\t\t\t<\/div>\n\t\t\t\t<\/div>\n\t\t\t\t\t<\/div>\n\t\t<\/div>\n\t\t\t\t<div class=\"elementor-column elementor-col-50 elementor-top-column elementor-element elementor-element-6e7186a7\" data-id=\"6e7186a7\" data-element_type=\"column\">\n\t\t\t<div class=\"elementor-widget-wrap elementor-element-populated\">\n\t\t\t\t\t\t\t\t<div class=\"elementor-element elementor-element-22f294dc elementor-widget elementor-widget-heading\" data-id=\"22f294dc\" data-element_type=\"widget\" data-widget_type=\"heading.default\">\n\t\t\t\t<div class=\"elementor-widget-container\">\n\t\t\t<h2 class=\"elementor-heading-title elementor-size-default\"><p>Kto je <span class=\"highlightundr\">Megaflex<\/span><\/p>\n<\/h2>\t\t<\/div>\n\t\t\t\t<\/div>\n\t\t\t\t<div class=\"elementor-element elementor-element-299524da elementor-widget elementor-widget-text-editor\" data-id=\"299524da\" data-element_type=\"widget\" data-widget_type=\"text-editor.default\">\n\t\t\t\t<div class=\"elementor-widget-container\">\n\t\t\t\t\t\t\t<p>Megaflex je typick\u00fdm \u00faspe\u0161n\u00fdm \u010desk\u00fdm start-upom dev\u00e4\u0165desiatych rokov dvadsiateho storo\u010dia. Vznikol preto, \u017ee u n\u00e1s ch\u00fdbala modern\u00e1 technol\u00f3gia na v\u00fdrobu raz\u00edtkov\u00fdch \u0161to\u010dkov do samofarbiacich pe\u010diatok TRODAT, ktor\u00fa jeho zakladate\u013e u\u017e vo vtedaj\u0161om \u010ceskoslovensku distribuoval.<\/p><p>Prv\u00fdm \u00faspe\u0161n\u00fdm v\u00fdrobkom MEGAFLEX boli farbiace vulkaniza\u010dn\u00e9 lisy. Ke\u010f sa v USA objavili prv\u00e9 mal\u00e9 grav\u00edrovacie lasery, postavili sme u\u017e v roku 1994 prototyp laseru pre v\u00fdrobu raz\u00edtkov\u00fdch \u0161to\u010dkov. Prv\u00fdch dvadsa\u0165 kusov, ktor\u00e9 sme vyrobili, v\u00fdznamne zmenilo situ\u00e1ciu na na\u0161om trhu. Bez lasera bol v\u00fdrobca pe\u010diatok zrazu tak trochu nemodern\u00fd &#8230;<\/p><p>Potreba ve\u013ek\u00fdch invest\u00edci\u00ed a nutnos\u0165 pred\u00e1va\u0165 na svetovom, nie len na dom\u00e1com trhu, \u010doskoro viedla k tomu, \u017ee sme za\u010dali distribuova\u0165 vynikaj\u00face plo\u0161n\u00e9 lasery TROTEC. Potrebu inov\u00e1ci\u00ed u n\u00e1s v s\u00fa\u010dasnosti zastupuj\u00fa zna\u010diace vl\u00e1knov\u00e9 lasery SHINE, pou\u017e\u00edvan\u00e9 hlavne na priemyseln\u00e9 zna\u010denie alebo rezanie. Aj tie tvoria nepochybn\u00fa technologick\u00fa \u0161pi\u010dku na \u010deskom a slovenskom trhu.<\/p>\t\t\t\t\t\t<\/div>\n\t\t\t\t<\/div>\n\t\t\t\t\t<\/div>\n\t\t<\/div>\n\t\t\t\t\t\t\t<\/div>\n\t\t<\/section>\n\t\t\t\t<section class=\"elementor-section elementor-top-section elementor-element elementor-element-6a68648f elementor-section-boxed elementor-section-height-default elementor-section-height-default\" data-id=\"6a68648f\" data-element_type=\"section\">\n\t\t\t\t\t\t<div class=\"elementor-container elementor-column-gap-default\">\n\t\t\t\t\t<div class=\"elementor-column elementor-col-33 elementor-top-column elementor-element elementor-element-1205514b\" data-id=\"1205514b\" data-element_type=\"column\">\n\t\t\t<div class=\"elementor-widget-wrap elementor-element-populated\">\n\t\t\t\t\t\t\t\t<div class=\"elementor-element elementor-element-615c6e33 elementor-widget__width-initial elementor-widget elementor-widget-counter\" data-id=\"615c6e33\" data-element_type=\"widget\" data-widget_type=\"counter.default\">\n\t\t\t\t<div class=\"elementor-widget-container\">\n\t\t\t<style>\/*! elementor - v3.17.0 - 25-10-2023 *\/\n.elementor-counter .elementor-counter-number-wrapper{display:flex;font-size:69px;font-weight:600;line-height:1}.elementor-counter .elementor-counter-number-prefix,.elementor-counter .elementor-counter-number-suffix{flex-grow:1;white-space:pre-wrap}.elementor-counter .elementor-counter-number-prefix{text-align:right}.elementor-counter .elementor-counter-number-suffix{text-align:left}.elementor-counter .elementor-counter-title{text-align:center;font-size:19px;font-weight:400;line-height:2.5}<\/style>\t\t<div class=\"elementor-counter\">\n\t\t\t<div class=\"elementor-counter-number-wrapper\">\n\t\t\t\t<span class=\"elementor-counter-number-prefix\">1<\/span>\n\t\t\t\t<span class=\"elementor-counter-number\" data-duration=\"2000\" data-to-value=\"992\" data-from-value=\"0\" data-delimiter=\",\">0<\/span>\n\t\t\t\t<span class=\"elementor-counter-number-suffix\"><\/span>\n\t\t\t<\/div>\n\t\t\t\t\t\t\t<div class=\"elementor-counter-title\">P\u00f4sob\u00edme na trhu laserov u\u017e vy\u0161e 30 rokov<\/div>\n\t\t\t\t\t<\/div>\n\t\t\t\t<\/div>\n\t\t\t\t<\/div>\n\t\t\t\t\t<\/div>\n\t\t<\/div>\n\t\t\t\t<div class=\"elementor-column elementor-col-33 elementor-top-column elementor-element elementor-element-788cc3a4\" data-id=\"788cc3a4\" data-element_type=\"column\">\n\t\t\t<div class=\"elementor-widget-wrap elementor-element-populated\">\n\t\t\t\t\t\t\t\t<div class=\"elementor-element elementor-element-33a4499f elementor-widget__width-initial elementor-widget elementor-widget-counter\" data-id=\"33a4499f\" data-element_type=\"widget\" data-widget_type=\"counter.default\">\n\t\t\t\t<div class=\"elementor-widget-container\">\n\t\t\t\t\t<div class=\"elementor-counter\">\n\t\t\t<div class=\"elementor-counter-number-wrapper\">\n\t\t\t\t<span class=\"elementor-counter-number-prefix\">1<\/span>\n\t\t\t\t<span class=\"elementor-counter-number\" data-duration=\"2000\" data-to-value=\"8\" data-from-value=\"0\" data-delimiter=\",\">0<\/span>\n\t\t\t\t<span class=\"elementor-counter-number-suffix\"><\/span>\n\t\t\t<\/div>\n\t\t\t\t\t\t\t<div class=\"elementor-counter-title\">Skvel\u00fdch zamestnancov a st\u00e1le rastieme<\/div>\n\t\t\t\t\t<\/div>\n\t\t\t\t<\/div>\n\t\t\t\t<\/div>\n\t\t\t\t\t<\/div>\n\t\t<\/div>\n\t\t\t\t<div class=\"elementor-column elementor-col-33 elementor-top-column elementor-element elementor-element-ed7165b\" data-id=\"ed7165b\" data-element_type=\"column\">\n\t\t\t<div class=\"elementor-widget-wrap elementor-element-populated\">\n\t\t\t\t\t\t\t\t<div class=\"elementor-element elementor-element-57c763a4 elementor-widget__width-initial elementor-widget elementor-widget-counter\" data-id=\"57c763a4\" data-element_type=\"widget\" data-widget_type=\"counter.default\">\n\t\t\t\t<div class=\"elementor-widget-container\">\n\t\t\t\t\t<div class=\"elementor-counter\">\n\t\t\t<div class=\"elementor-counter-number-wrapper\">\n\t\t\t\t<span class=\"elementor-counter-number-prefix\">4<\/span>\n\t\t\t\t<span class=\"elementor-counter-number\" data-duration=\"2000\" data-to-value=\"2\" data-from-value=\"0\" data-delimiter=\",\">0<\/span>\n\t\t\t\t<span class=\"elementor-counter-number-suffix\">%<\/span>\n\t\t\t<\/div>\n\t\t\t\t\t\t\t<div class=\"elementor-counter-title\">Exportu mieria do eur\u00f3pskych \u0161t\u00e1tov<\/div>\n\t\t\t\t\t<\/div>\n\t\t\t\t<\/div>\n\t\t\t\t<\/div>\n\t\t\t\t\t<\/div>\n\t\t<\/div>\n\t\t\t\t\t\t\t<\/div>\n\t\t<\/section>\n\t\t\t\t<section class=\"elementor-section elementor-top-section elementor-element elementor-element-27e00979 elementor-reverse-tablet elementor-reverse-mobile elementor-section-boxed elementor-section-height-default elementor-section-height-default\" data-id=\"27e00979\" data-element_type=\"section\">\n\t\t\t\t\t\t<div class=\"elementor-container elementor-column-gap-default\">\n\t\t\t\t\t<div class=\"elementor-column elementor-col-50 elementor-top-column elementor-element elementor-element-56cb3af9\" data-id=\"56cb3af9\" data-element_type=\"column\">\n\t\t\t<div class=\"elementor-widget-wrap elementor-element-populated\">\n\t\t\t\t\t\t\t\t<div class=\"elementor-element elementor-element-79d632ab elementor-widget elementor-widget-heading\" data-id=\"79d632ab\" data-element_type=\"widget\" data-widget_type=\"heading.default\">\n\t\t\t\t<div class=\"elementor-widget-container\">\n\t\t\t<h2 class=\"elementor-heading-title elementor-size-default\"><p>Kto je <span class=\"highlight\">Trotec<\/span><\/p>\n<\/h2>\t\t<\/div>\n\t\t\t\t<\/div>\n\t\t\t\t<div class=\"elementor-element elementor-element-504a3edd elementor-widget elementor-widget-text-editor\" data-id=\"504a3edd\" data-element_type=\"widget\" data-widget_type=\"text-editor.default\">\n\t\t\t\t<div class=\"elementor-widget-container\">\n\t\t\t\t\t\t\t<p>Dc\u00e9rska spolo\u010dnos\u0165 svetovej jednotky vo v\u00fdrobe samofarbiacich pe\u010diatok, rak\u00faskeho Trodatu, c\u00edtila rovnak\u00fa potrebu ako Megaflex : ma\u0165 s\u00fa\u010dasn\u00fa technol\u00f3giu na v\u00fdrobu raz\u00edtkov\u00fdch \u0161to\u010dkov. V\u010faka obrovskej finan\u010dnej sile a organiza\u010dnej zdatnosti mana\u017e\u00e9rov sa TROTEC r\u00fdchlo stal svetovou jednotkou v obore plo\u0161n\u00fdch laserov, zameran\u00fdch na vysok\u00fa kvalitu a skvel\u00fd pomer v\u00fdkon \/ cena. Trotec je dnes uzn\u00e1van\u00fdm technologick\u00fdm l\u00eddrom na medzin\u00e1rodnom trhu laserov\u00fdch rezac\u00edch a grav\u00edrovac\u00edch zariaden\u00ed.<\/p><h2>\u00a0<\/h2>\t\t\t\t\t\t<\/div>\n\t\t\t\t<\/div>\n\t\t\t\t\t<\/div>\n\t\t<\/div>\n\t\t\t\t<div class=\"elementor-column elementor-col-50 elementor-top-column elementor-element elementor-element-30a7fca8\" data-id=\"30a7fca8\" data-element_type=\"column\">\n\t\t\t<div class=\"elementor-widget-wrap elementor-element-populated\">\n\t\t\t\t\t\t\t\t<div class=\"elementor-element elementor-element-362c4975 elementor-widget elementor-widget-image\" data-id=\"362c4975\" data-element_type=\"widget\" data-widget_type=\"image.default\">\n\t\t\t\t<div class=\"elementor-widget-container\">\n\t\t\t\t\t\t\t\t\t\t\t\t\t\t\t<img loading=\"lazy\" decoding=\"async\" width=\"800\" height=\"800\" src=\"https:\/\/www.megaflex.cz\/lasery\/files\/2015\/03\/banner-trotec-1024x1024.jpg\" class=\"attachment-large size-large wp-image-24\" alt=\"\" srcset=\"https:\/\/www.megaflex.cz\/lasery\/files\/2015\/03\/banner-trotec-1024x1024.jpg 1024w, https:\/\/www.megaflex.cz\/lasery\/files\/2015\/03\/banner-trotec-150x150.jpg 150w, https:\/\/www.megaflex.cz\/lasery\/files\/2015\/03\/banner-trotec-300x300.jpg 300w, https:\/\/www.megaflex.cz\/lasery\/files\/2015\/03\/banner-trotec.jpg 1170w\" sizes=\"(max-width: 800px) 100vw, 800px\" \/>\t\t\t\t\t\t\t\t\t\t\t\t\t\t\t<\/div>\n\t\t\t\t<\/div>\n\t\t\t\t\t<\/div>\n\t\t<\/div>\n\t\t\t\t\t\t\t<\/div>\n\t\t<\/section>\n\t\t\t\t<section class=\"elementor-section elementor-top-section elementor-element elementor-element-686cff1d elementor-section-boxed elementor-section-height-default elementor-section-height-default\" data-id=\"686cff1d\" data-element_type=\"section\">\n\t\t\t\t\t\t<div class=\"elementor-container elementor-column-gap-default\">\n\t\t\t\t\t<div class=\"elementor-column elementor-col-50 elementor-top-column elementor-element elementor-element-71e28238\" data-id=\"71e28238\" data-element_type=\"column\">\n\t\t\t<div class=\"elementor-widget-wrap elementor-element-populated\">\n\t\t\t\t\t\t\t\t<div class=\"elementor-element elementor-element-3a652fa9 elementor-widget elementor-widget-image\" data-id=\"3a652fa9\" data-element_type=\"widget\" data-widget_type=\"image.default\">\n\t\t\t\t<div class=\"elementor-widget-container\">\n\t\t\t\t\t\t\t\t\t\t\t\t\t\t\t<img loading=\"lazy\" decoding=\"async\" width=\"800\" height=\"599\" src=\"https:\/\/www.megaflex.cz\/lasery\/files\/2015\/04\/Trotec_Juni2014_4796-1024x767.jpg\" class=\"attachment-large size-large wp-image-491\" alt=\"\" srcset=\"https:\/\/www.megaflex.cz\/lasery\/files\/2015\/04\/Trotec_Juni2014_4796-1024x767.jpg 1024w, https:\/\/www.megaflex.cz\/lasery\/files\/2015\/04\/Trotec_Juni2014_4796-300x224.jpg 300w, https:\/\/www.megaflex.cz\/lasery\/files\/2015\/04\/Trotec_Juni2014_4796.jpg 1200w\" sizes=\"(max-width: 800px) 100vw, 800px\" \/>\t\t\t\t\t\t\t\t\t\t\t\t\t\t\t<\/div>\n\t\t\t\t<\/div>\n\t\t\t\t\t<\/div>\n\t\t<\/div>\n\t\t\t\t<div class=\"elementor-column elementor-col-50 elementor-top-column elementor-element elementor-element-29810212\" data-id=\"29810212\" data-element_type=\"column\">\n\t\t\t<div class=\"elementor-widget-wrap elementor-element-populated\">\n\t\t\t\t\t\t\t\t<div class=\"elementor-element elementor-element-205e84df elementor-widget elementor-widget-heading\" data-id=\"205e84df\" data-element_type=\"widget\" data-widget_type=\"heading.default\">\n\t\t\t\t<div class=\"elementor-widget-container\">\n\t\t\t<h2 class=\"elementor-heading-title elementor-size-default\"><p><span class=\"highlight\">Inov\u00e1cie <\/span>v odbore laserov\n<\/h2>\t\t<\/div>\n\t\t\t\t<\/div>\n\t\t\t\t<div class=\"elementor-element elementor-element-79f93ef9 elementor-widget elementor-widget-text-editor\" data-id=\"79f93ef9\" data-element_type=\"widget\" data-widget_type=\"text-editor.default\">\n\t\t\t\t<div class=\"elementor-widget-container\">\n\t\t\t\t\t\t\t<p>Trotec ch\u00e1pe ako svoju povinnos\u0165 na\u010falej rozv\u00edja\u0165 a zlep\u0161ova\u0165 laserov\u00e9 zariadenia pre svojich z\u00e1kazn\u00edkov. Pr\u00edkladom v tomto oh\u013eade je Speedy 300 Flexx, ktor\u00fd ako prv\u00fd laserov\u00fd syst\u00e9m na svete kombinuje CO2 a vl\u00e1knov\u00fa laserov\u00fa technol\u00f3giu v jednom zariadeni, ktor\u00fa m\u00f4\u017eete n\u00e1js\u0165 aj v Speedy 100 Flexx a Speedy 400 Flexx.<\/p><p>S 300 zamestnancami, ktor\u00ed pracuj\u00fa v 13 pobo\u010dk\u00e1ch, pon\u00faka svojim z\u00e1kazn\u00edkom medzin\u00e1rodn\u00e9 slu\u017eby vo vyspelej predajnej sieti. Ka\u017ed\u00fd klient, ktor\u00fd sa rozhodne pre laser TROTEC m\u00e1 istotu, \u017ee k\u00fapil technologicky vyspel\u00e9 zariadenie sp\u013a\u0148aj\u00face najvy\u0161\u0161ie bezpe\u010dnostn\u00e9 \u0161tandardy.<\/p><h2>\u00a0<\/h2>\t\t\t\t\t\t<\/div>\n\t\t\t\t<\/div>\n\t\t\t\t\t<\/div>\n\t\t<\/div>\n\t\t\t\t\t\t\t<\/div>\n\t\t<\/section>\n\t\t\t\t<section class=\"elementor-section elementor-top-section elementor-element elementor-element-2c3a3783 elementor-section-boxed elementor-section-height-default elementor-section-height-default\" data-id=\"2c3a3783\" data-element_type=\"section\">\n\t\t\t\t\t\t<div class=\"elementor-container elementor-column-gap-default\">\n\t\t\t\t\t<div class=\"elementor-column elementor-col-100 elementor-top-column elementor-element elementor-element-12f74e5a\" data-id=\"12f74e5a\" data-element_type=\"column\">\n\t\t\t<div class=\"elementor-widget-wrap elementor-element-populated\">\n\t\t\t\t\t\t\t\t<div class=\"elementor-element elementor-element-270c6350 elementor-widget elementor-widget-heading\" data-id=\"270c6350\" data-element_type=\"widget\" data-widget_type=\"heading.default\">\n\t\t\t\t<div class=\"elementor-widget-container\">\n\t\t\t<h2 class=\"elementor-heading-title elementor-size-default\">Odkazy<\/h2>\t\t<\/div>\n\t\t\t\t<\/div>\n\t\t\t\t<div class=\"elementor-element elementor-element-33d6cce2 elementor-widget elementor-widget-jet-mega-menu\" data-id=\"33d6cce2\" data-element_type=\"widget\" data-widget_type=\"jet-mega-menu.default\">\n\t\t\t\t<div class=\"elementor-widget-container\">\n\t\t\t<div class=\"menu-odkazy-o-nas-sk-container\"><div class=\"jet-menu-container\"><div class=\"jet-menu-inner\"><ul class=\"jet-menu jet-menu--animation-type-move-down jet-menu--roll-up\"><li id=\"jet-menu-item-20561\" class=\"jet-menu-item jet-menu-item-type-post_type jet-menu-item-object-page jet-has-roll-up jet-simple-menu-item jet-regular-item jet-menu-item-20561\"><a href=\"https:\/\/www.megaflex.cz\/lasery\/sk\/trotec-production-und-vertriebs-gmbh\/\" class=\"top-level-link\"><div class=\"jet-menu-item-wrapper\"><div class=\"jet-menu-title\">Trotec<\/div><\/div><\/a><\/li>\n<\/ul><\/div><\/div><\/div>\t\t<\/div>\n\t\t\t\t<\/div>\n\t\t\t\t\t<\/div>\n\t\t<\/div>\n\t\t\t\t\t\t\t<\/div>\n\t\t<\/section>\n\t\t\t\t\t\t\t<\/div>\n\t\t","protected":false},"excerpt":{"rendered":"<p>O n\u00e1s Popredn\u00fd medzin\u00e1rodn\u00fd autor a v\u00fdrobca laserov. V\u00fdrob\u00edme a pred\u00e1vame vl\u00e1knov\u00e9 a CO2 laserov\u00e9 syst\u00e9my na grav\u00edrovanie, zna\u010denie a rezanie r\u00f4znych materi\u00e1lov. Zameriavame sa najm\u00e4 na \u010desk\u00fd a slovensk\u00fd trh a krajiny E\u00da. Kto je Megaflex Megaflex je typick\u00fdm \u00faspe\u0161n\u00fdm \u010desk\u00fdm start-upom dev\u00e4\u0165desiatych rokov dvadsiateho storo\u010dia. Vznikol preto, \u017ee u n\u00e1s ch\u00fdbala modern\u00e1 technol\u00f3gia [&hellip;]<\/p>\n","protected":false},"author":974,"featured_media":0,"parent":0,"menu_order":0,"comment_status":"closed","ping_status":"closed","template":"","meta":{"inline_featured_image":false,"_lmt_disableupdate":"","_lmt_disable":"","footnotes":""},"acf":[],"_links":{"self":[{"href":"https:\/\/www.megaflex.cz\/lasery\/sk\/wp-json\/wp\/v2\/pages\/5430"}],"collection":[{"href":"https:\/\/www.megaflex.cz\/lasery\/sk\/wp-json\/wp\/v2\/pages"}],"about":[{"href":"https:\/\/www.megaflex.cz\/lasery\/sk\/wp-json\/wp\/v2\/types\/page"}],"author":[{"embeddable":true,"href":"https:\/\/www.megaflex.cz\/lasery\/sk\/wp-json\/wp\/v2\/users\/974"}],"replies":[{"embeddable":true,"href":"https:\/\/www.megaflex.cz\/lasery\/sk\/wp-json\/wp\/v2\/comments?post=5430"}],"version-history":[{"count":31,"href":"https:\/\/www.megaflex.cz\/lasery\/sk\/wp-json\/wp\/v2\/pages\/5430\/revisions"}],"predecessor-version":[{"id":21044,"href":"https:\/\/www.megaflex.cz\/lasery\/sk\/wp-json\/wp\/v2\/pages\/5430\/revisions\/21044"}],"wp:attachment":[{"href":"https:\/\/www.megaflex.cz\/lasery\/sk\/wp-json\/wp\/v2\/media?parent=5430"}],"curies":[{"name":"wp","href":"https:\/\/api.w.org\/{rel}","templated":true}]}}