{"id":5428,"date":"2018-11-21T20:40:46","date_gmt":"2018-11-21T20:40:46","guid":{"rendered":"http:\/\/www.megaflex.cz\/lasery\/sk\/?page_id=5428"},"modified":"2023-07-03T11:05:02","modified_gmt":"2023-07-03T09:05:02","slug":"zaklady-laseroveho-rezania","status":"publish","type":"page","link":"https:\/\/www.megaflex.cz\/lasery\/sk\/vedomosti\/zaklady-laseroveho-rezania\/","title":{"rendered":"Z\u00e1klady laserov\u00e9ho rezania"},"content":{"rendered":"\t\t<div data-elementor-type=\"wp-page\" data-elementor-id=\"5428\" class=\"elementor elementor-5428 elementor-1589\" data-elementor-post-type=\"page\">\n\t\t\t\t\t\t\t\t\t<section class=\"elementor-section elementor-top-section elementor-element elementor-element-13642513 elementor-section-boxed elementor-section-height-default elementor-section-height-default\" data-id=\"13642513\" data-element_type=\"section\">\n\t\t\t\t\t\t<div class=\"elementor-container elementor-column-gap-default\">\n\t\t\t\t\t<div class=\"elementor-column elementor-col-100 elementor-top-column elementor-element elementor-element-62e26592\" data-id=\"62e26592\" data-element_type=\"column\">\n\t\t\t<div class=\"elementor-widget-wrap elementor-element-populated\">\n\t\t\t\t\t\t\t\t<div class=\"elementor-element elementor-element-256a10c6 elementor-widget elementor-widget-image\" data-id=\"256a10c6\" data-element_type=\"widget\" data-widget_type=\"image.default\">\n\t\t\t\t<div class=\"elementor-widget-container\">\n\t\t\t<style>\/*! elementor - v3.17.0 - 25-10-2023 *\/\n.elementor-widget-image{text-align:center}.elementor-widget-image a{display:inline-block}.elementor-widget-image a img[src$=\".svg\"]{width:48px}.elementor-widget-image img{vertical-align:middle;display:inline-block}<\/style>\t\t\t\t\t\t\t\t\t\t\t\t<img loading=\"lazy\" decoding=\"async\" width=\"800\" height=\"320\" src=\"https:\/\/www.megaflex.cz\/lasery\/files\/2015\/06\/laser-cutting-1024x410.jpg\" class=\"attachment-large size-large wp-image-10573\" alt=\"\" srcset=\"https:\/\/www.megaflex.cz\/lasery\/files\/2015\/06\/laser-cutting-1024x410.jpg 1024w, https:\/\/www.megaflex.cz\/lasery\/files\/2015\/06\/laser-cutting-300x120.jpg 300w, https:\/\/www.megaflex.cz\/lasery\/files\/2015\/06\/laser-cutting.jpg 1300w\" sizes=\"(max-width: 800px) 100vw, 800px\" \/>\t\t\t\t\t\t\t\t\t\t\t\t\t\t\t<\/div>\n\t\t\t\t<\/div>\n\t\t\t\t<div class=\"elementor-element elementor-element-1a118d3 h2_style elementor-widget elementor-widget-text-editor\" data-id=\"1a118d3\" data-element_type=\"widget\" data-widget_type=\"text-editor.default\">\n\t\t\t\t<div class=\"elementor-widget-container\">\n\t\t\t<style>\/*! elementor - v3.17.0 - 25-10-2023 *\/\n.elementor-widget-text-editor.elementor-drop-cap-view-stacked .elementor-drop-cap{background-color:#69727d;color:#fff}.elementor-widget-text-editor.elementor-drop-cap-view-framed .elementor-drop-cap{color:#69727d;border:3px solid;background-color:transparent}.elementor-widget-text-editor:not(.elementor-drop-cap-view-default) .elementor-drop-cap{margin-top:8px}.elementor-widget-text-editor:not(.elementor-drop-cap-view-default) .elementor-drop-cap-letter{width:1em;height:1em}.elementor-widget-text-editor .elementor-drop-cap{float:left;text-align:center;line-height:1;font-size:50px}.elementor-widget-text-editor .elementor-drop-cap-letter{display:inline-block}<\/style>\t\t\t\t<h2>Laserov\u00e9 rezanie je r\u00fdchle a produkt\u00edvne<\/h2><p>Rezanie laserov\u00fdm l\u00fa\u010dom so zariadeniami Trotec prekon\u00e1va konven\u010dn\u00e9 rezacie syst\u00e9my pokia\u013e ide o r\u00fdchlos\u0165, efekt\u00edvnos\u0165 a produktivitu. V s\u00fa\u010dasnej dobe m\u00f4\u017ee by\u0165 rezanie laserom ove\u013ea jednoduch\u0161ie a r\u00fdchlej\u0161ie ako kedyko\u013evek predt\u00fdm. Je pou\u017e\u00edvan\u00e9 v celej rade aplik\u00e1ci\u00ed a priemyseln\u00fdch odvetviach. Ako jeden z popredn\u00fdch svetov\u00fdch v\u00fdrobcov laserov\u00fdch syst\u00e9mov, Trotec pon\u00faka inovat\u00edvne laserov\u00e9 rezacie zariadenie pre r\u00f4zne aplik\u00e1cie, ako je rezanie akryl\u00e1tu alebo laserov\u00e9 rezanie architektonick\u00fdch modelov, f\u00f3li\u00ed, filmov, n\u00e1pisov, papiera, hra\u010diek, dreva a mnoho \u010fal\u0161\u00edch. Laserov\u00e9 zariadenia Trotec n\u00e1jdu uplatnenie vo v\u0161etk\u00fdch priemyseln\u00fdch odvetviach a aplik\u00e1ci\u00e1ch, kde je po\u017eadovan\u00e9 \u010dist\u00e9, r\u00fdchle a vysoko kvalitn\u00e9 rezanie laserom.<\/p><h2>Laserov\u00e9 zariadenia s\u00fa flexibiln\u00e9<\/h2><p>Laserov\u00e9 rezacie zariadenia Trotec mo\u017eno ve\u013emi \u013eahko prisp\u00f4sobi\u0165 po\u017eiadavk\u00e1m r\u00f4znych aplik\u00e1ci\u00ed. Laserov\u00fdm l\u00fa\u010dom mo\u017eno reza\u0165 jednotliv\u00e9 v\u00fdrobky rovnako \u013eahko a ekonomicky ako s\u00e9riov\u00fa v\u00fdrobu ; mal\u00e9 predmety s\u00fa rovnako vhodn\u00e9 pre laserov\u00e9 rezanie ako tie ve\u013ek\u00e9.<\/p><h2>Maxim\u00e1lna presnos\u0165<\/h2><p>Laserov\u00e9 rezacie zariadenia s\u00fa vybaven\u00e9 integrovanou kamerou, ktor\u00e1 detekuje registra\u010dn\u00e9 zna\u010dky a automaticky riadi polohu lasera s maxim\u00e1lnou presnos\u0165ou, aj ke\u010f je predloha pooto\u010den\u00e1, zv\u00e4\u010d\u0161en\u00e1, zmen\u0161en\u00e1 \u010di inak skreslen\u00e1.<\/p><h2>Bezpe\u010dn\u00e9<\/h2><p>Pri laserovom rezan\u00ed nie je nutn\u00e9 materi\u00e1l vyrovn\u00e1va\u0165 alebo pripev\u0148ova\u0165. U\u017e\u00edvate\u013e sa nikdy nedostane do kontaktu s pohybliv\u00fdmi \u010das\u0165ami zariadenia. Stru\u010dne povedan\u00e9 : rezacie zariadenia Trotec s\u00fa rovnako bezpe\u010dn\u00e9 ako CD prehr\u00e1va\u010d alebo mikrovlnn\u00e1 r\u00fara. Je samozrejm\u00e9, \u017ee sp\u013a\u0148aj\u00fa najpr\u00edsnej\u0161ie bezpe\u010dnostn\u00e9 \u0161tandardy.<\/p><h2>Ostr\u00e9 hrany<\/h2><p>Laserov\u00e9 rezacie zariadenia dosahuj\u00fa dokonale ostr\u00e9 a \u010dist\u00e9 hrany bez ak\u00fdchko\u013evek otrepov ak\u00e9 vznikaj\u00fa pri mechanickom delen\u00ed. Pri rezan\u00ed akryl\u00e1tu s\u00fa hrany hladk\u00e9 a leskl\u00e9 ako pri le\u0161ten\u00ed plame\u0148om.<\/p><h2>Ziskovos\u0165 laserov\u00e9ho rezania<\/h2><p>Laserov\u00e9 stroje od TROTEC s\u00fa synonymom pre maxim\u00e1lnu kvalitu, spo\u013eahlivos\u0165, v\u00fdkon a r\u00fdchlos\u0165. Okrem toho, rezanie laserom je ve\u013emi ziskov\u00e9. Laserov\u00e9 rezacie stroje sa neopotrebuj\u00fa, invest\u00edcia m\u00e1 r\u00fdchlu n\u00e1vratnos\u0165 a ziskovos\u0165 firmy sa zv\u00fd\u0161i.<\/p><h2>Laserov\u00e9 rezacie zariadenia Trotec<\/h2><p>Trotec v\u00e1m pon\u00faka \u0161irok\u00fa \u0161k\u00e1lu laserov s pohyblivou hlavou na rezanie r\u00f4znych typov materi\u00e1lov. Kontaktujte n\u00e1s !<\/p><p><a href=\"https:\/\/www.megaflex.cz\/lasery\/sk\/lasery-stroje-pre-gravirovanie-rezanie-a-popis\/\">Tu kliknite pre v\u00fdber zariadenia<\/a><\/p>\t\t\t\t\t\t<\/div>\n\t\t\t\t<\/div>\n\t\t\t\t\t<\/div>\n\t\t<\/div>\n\t\t\t\t\t\t\t<\/div>\n\t\t<\/section>\n\t\t\t\t<section class=\"elementor-section elementor-top-section elementor-element elementor-element-28af1f44 elementor-hidden-tablet elementor-hidden-mobile elementor-section-boxed elementor-section-height-default elementor-section-height-default\" data-id=\"28af1f44\" data-element_type=\"section\">\n\t\t\t\t\t\t<div class=\"elementor-container elementor-column-gap-default\">\n\t\t\t\t\t<div class=\"elementor-column elementor-col-100 elementor-top-column elementor-element elementor-element-15caf4f7\" data-id=\"15caf4f7\" data-element_type=\"column\">\n\t\t\t<div class=\"elementor-widget-wrap elementor-element-populated\">\n\t\t\t\t\t\t\t\t<div class=\"elementor-element elementor-element-62d35540 elementor-widget elementor-widget-heading\" data-id=\"62d35540\" data-element_type=\"widget\" data-widget_type=\"heading.default\">\n\t\t\t\t<div class=\"elementor-widget-container\">\n\t\t\t<style>\/*! elementor - v3.17.0 - 25-10-2023 *\/\n.elementor-heading-title{padding:0;margin:0;line-height:1}.elementor-widget-heading .elementor-heading-title[class*=elementor-size-]>a{color:inherit;font-size:inherit;line-height:inherit}.elementor-widget-heading .elementor-heading-title.elementor-size-small{font-size:15px}.elementor-widget-heading .elementor-heading-title.elementor-size-medium{font-size:19px}.elementor-widget-heading .elementor-heading-title.elementor-size-large{font-size:29px}.elementor-widget-heading .elementor-heading-title.elementor-size-xl{font-size:39px}.elementor-widget-heading .elementor-heading-title.elementor-size-xxl{font-size:59px}<\/style><h3 class=\"elementor-heading-title elementor-size-default\">\u010eal\u0161ie vlastnosti<\/h3>\t\t<\/div>\n\t\t\t\t<\/div>\n\t\t\t\t<div class=\"elementor-element elementor-element-512aebb3 elementor-hidden-mobile elementor-widget elementor-widget-jet-mega-menu\" data-id=\"512aebb3\" data-element_type=\"widget\" data-widget_type=\"jet-mega-menu.default\">\n\t\t\t\t<div class=\"elementor-widget-container\">\n\t\t\t<div class=\"menu-vedomosti-container\"><div class=\"jet-menu-container\"><div class=\"jet-menu-inner\"><ul class=\"jet-menu jet-menu--animation-type-move-down jet-menu--roll-up\"><li id=\"jet-menu-item-17661\" class=\"jet-menu-item jet-menu-item-type-custom jet-menu-item-object-custom jet-has-roll-up jet-simple-menu-item jet-regular-item jet-menu-item-17661\"><a href=\"https:\/\/megaflex.cz\/lasery\/sk\/vedomosti\/porovnanie-dostupnych-typov-laserov\/\" class=\"top-level-link\" target=\"_blank\" rel=\"noopener\"><div class=\"jet-menu-item-wrapper\"><div class=\"jet-menu-title\">Porovnanie dostupn\u00fdch typov laserov<\/div><\/div><\/a><\/li>\n<li id=\"jet-menu-item-17662\" class=\"jet-menu-item jet-menu-item-type-custom jet-menu-item-object-custom jet-has-roll-up jet-simple-menu-item jet-regular-item jet-menu-item-17662\"><a href=\"https:\/\/megaflex.cz\/lasery\/sk\/vedomosti\/zaklady-laserovych-technologii\/\" class=\"top-level-link\" target=\"_blank\" rel=\"noopener\"><div class=\"jet-menu-item-wrapper\"><div class=\"jet-menu-title\">Z\u00e1klady laserov\u00fdch technol\u00f3gi\u00ed<\/div><\/div><\/a><\/li>\n<li id=\"jet-menu-item-17663\" class=\"jet-menu-item jet-menu-item-type-custom jet-menu-item-object-custom jet-has-roll-up jet-simple-menu-item jet-regular-item jet-menu-item-17663\"><a href=\"https:\/\/megaflex.cz\/lasery\/sk\/vedomosti\/laserove-gravirovanie\/\" class=\"top-level-link\" target=\"_blank\" rel=\"noopener\"><div class=\"jet-menu-item-wrapper\"><div class=\"jet-menu-title\">Laserov\u00e9 grav\u00edrovanie<\/div><\/div><\/a><\/li>\n<li id=\"jet-menu-item-17664\" class=\"jet-menu-item jet-menu-item-type-custom jet-menu-item-object-custom jet-has-roll-up jet-simple-menu-item jet-regular-item jet-menu-item-17664\"><a href=\"https:\/\/megaflex.cz\/lasery\/sk\/vedomosti\/laserove-znacenie\/\" class=\"top-level-link\" target=\"_blank\" rel=\"noopener\"><div class=\"jet-menu-item-wrapper\"><div class=\"jet-menu-title\">Laserov\u00e9 zna\u010denie<\/div><\/div><\/a><\/li>\n<li id=\"jet-menu-item-17665\" class=\"jet-menu-item jet-menu-item-type-custom jet-menu-item-object-custom jet-has-roll-up jet-simple-menu-item jet-regular-item jet-menu-item-17665\"><a href=\"https:\/\/megaflex.cz\/lasery\/sk\/vedomosti\/zaklady-laseroveho-rezania\/\" class=\"top-level-link\" target=\"_blank\" rel=\"noopener\"><div class=\"jet-menu-item-wrapper\"><div class=\"jet-menu-title\">Z\u00e1klady laserov\u00e9ho rezania<\/div><\/div><\/a><\/li>\n<li id=\"jet-menu-item-17666\" class=\"jet-menu-item jet-menu-item-type-custom jet-menu-item-object-custom jet-has-roll-up jet-simple-menu-item jet-regular-item jet-menu-item-17666\"><a href=\"https:\/\/megaflex.cz\/lasery\/sk\/vedomosti\/laserova-bezpecnost\/\" class=\"top-level-link\" target=\"_blank\" rel=\"noopener\"><div class=\"jet-menu-item-wrapper\"><div class=\"jet-menu-title\">Laserov\u00e1 bezpe\u010dnos\u0165<\/div><\/div><\/a><\/li>\n<\/ul><\/div><\/div><\/div>\t\t<\/div>\n\t\t\t\t<\/div>\n\t\t\t\t\t<\/div>\n\t\t<\/div>\n\t\t\t\t\t\t\t<\/div>\n\t\t<\/section>\n\t\t\t\t\t\t\t<\/div>\n\t\t","protected":false},"excerpt":{"rendered":"<p>Laserov\u00e9 rezanie je r\u00fdchle a produkt\u00edvne Rezanie laserov\u00fdm l\u00fa\u010dom so zariadeniami Trotec prekon\u00e1va konven\u010dn\u00e9 rezacie syst\u00e9my pokia\u013e ide o r\u00fdchlos\u0165, efekt\u00edvnos\u0165 a produktivitu. V s\u00fa\u010dasnej dobe m\u00f4\u017ee by\u0165 rezanie laserom ove\u013ea jednoduch\u0161ie a r\u00fdchlej\u0161ie ako kedyko\u013evek predt\u00fdm. Je pou\u017e\u00edvan\u00e9 v celej rade aplik\u00e1ci\u00ed a priemyseln\u00fdch odvetviach. Ako jeden z popredn\u00fdch svetov\u00fdch v\u00fdrobcov laserov\u00fdch syst\u00e9mov, Trotec [&hellip;]<\/p>\n","protected":false},"author":974,"featured_media":2957,"parent":5375,"menu_order":0,"comment_status":"closed","ping_status":"closed","template":"","meta":{"inline_featured_image":false,"_lmt_disableupdate":"","_lmt_disable":"","footnotes":""},"acf":[],"_links":{"self":[{"href":"https:\/\/www.megaflex.cz\/lasery\/sk\/wp-json\/wp\/v2\/pages\/5428"}],"collection":[{"href":"https:\/\/www.megaflex.cz\/lasery\/sk\/wp-json\/wp\/v2\/pages"}],"about":[{"href":"https:\/\/www.megaflex.cz\/lasery\/sk\/wp-json\/wp\/v2\/types\/page"}],"author":[{"embeddable":true,"href":"https:\/\/www.megaflex.cz\/lasery\/sk\/wp-json\/wp\/v2\/users\/974"}],"replies":[{"embeddable":true,"href":"https:\/\/www.megaflex.cz\/lasery\/sk\/wp-json\/wp\/v2\/comments?post=5428"}],"version-history":[{"count":10,"href":"https:\/\/www.megaflex.cz\/lasery\/sk\/wp-json\/wp\/v2\/pages\/5428\/revisions"}],"predecessor-version":[{"id":19285,"href":"https:\/\/www.megaflex.cz\/lasery\/sk\/wp-json\/wp\/v2\/pages\/5428\/revisions\/19285"}],"up":[{"embeddable":true,"href":"https:\/\/www.megaflex.cz\/lasery\/sk\/wp-json\/wp\/v2\/pages\/5375"}],"wp:featuredmedia":[{"embeddable":true,"href":"https:\/\/www.megaflex.cz\/lasery\/sk\/wp-json\/wp\/v2\/media\/2957"}],"wp:attachment":[{"href":"https:\/\/www.megaflex.cz\/lasery\/sk\/wp-json\/wp\/v2\/media?parent=5428"}],"curies":[{"name":"wp","href":"https:\/\/api.w.org\/{rel}","templated":true}]}}