{"id":5426,"date":"2018-11-21T20:56:14","date_gmt":"2018-11-21T20:56:14","guid":{"rendered":"http:\/\/www.megaflex.cz\/lasery\/sk\/?page_id=5426"},"modified":"2023-07-03T11:11:05","modified_gmt":"2023-07-03T09:11:05","slug":"laserove-gravirovanie","status":"publish","type":"page","link":"https:\/\/www.megaflex.cz\/lasery\/sk\/vedomosti\/laserove-gravirovanie\/","title":{"rendered":"Laserov\u00e9 grav\u00edrovanie"},"content":{"rendered":"\t\t<div data-elementor-type=\"wp-page\" data-elementor-id=\"5426\" class=\"elementor elementor-5426 elementor-1591\" data-elementor-post-type=\"page\">\n\t\t\t\t\t\t\t\t\t<section class=\"elementor-section elementor-top-section elementor-element elementor-element-6ba5d904 elementor-section-boxed elementor-section-height-default elementor-section-height-default\" data-id=\"6ba5d904\" data-element_type=\"section\">\n\t\t\t\t\t\t<div class=\"elementor-container elementor-column-gap-default\">\n\t\t\t\t\t<div class=\"elementor-column elementor-col-100 elementor-top-column elementor-element elementor-element-5125b01c\" data-id=\"5125b01c\" data-element_type=\"column\">\n\t\t\t<div class=\"elementor-widget-wrap elementor-element-populated\">\n\t\t\t\t\t\t\t\t<div class=\"elementor-element elementor-element-42476850 elementor-widget elementor-widget-image\" data-id=\"42476850\" data-element_type=\"widget\" data-widget_type=\"image.default\">\n\t\t\t\t<div class=\"elementor-widget-container\">\n\t\t\t<style>\/*! elementor - v3.17.0 - 25-10-2023 *\/\n.elementor-widget-image{text-align:center}.elementor-widget-image a{display:inline-block}.elementor-widget-image a img[src$=\".svg\"]{width:48px}.elementor-widget-image img{vertical-align:middle;display:inline-block}<\/style>\t\t\t\t\t\t\t\t\t\t\t\t<img loading=\"lazy\" decoding=\"async\" width=\"800\" height=\"320\" src=\"https:\/\/www.megaflex.cz\/lasery\/files\/2015\/06\/laser-engraving-1024x410.jpg\" class=\"attachment-large size-large wp-image-2962\" alt=\"\" srcset=\"https:\/\/www.megaflex.cz\/lasery\/files\/2015\/06\/laser-engraving-1024x410.jpg 1024w, https:\/\/www.megaflex.cz\/lasery\/files\/2015\/06\/laser-engraving-300x120.jpg 300w, https:\/\/www.megaflex.cz\/lasery\/files\/2015\/06\/laser-engraving.jpg 1300w\" sizes=\"(max-width: 800px) 100vw, 800px\" \/>\t\t\t\t\t\t\t\t\t\t\t\t\t\t\t<\/div>\n\t\t\t\t<\/div>\n\t\t\t\t<div class=\"elementor-element elementor-element-169f5df6 h2_style elementor-widget elementor-widget-text-editor\" data-id=\"169f5df6\" data-element_type=\"widget\" data-widget_type=\"text-editor.default\">\n\t\t\t\t<div class=\"elementor-widget-container\">\n\t\t\t<style>\/*! elementor - v3.17.0 - 25-10-2023 *\/\n.elementor-widget-text-editor.elementor-drop-cap-view-stacked .elementor-drop-cap{background-color:#69727d;color:#fff}.elementor-widget-text-editor.elementor-drop-cap-view-framed .elementor-drop-cap{color:#69727d;border:3px solid;background-color:transparent}.elementor-widget-text-editor:not(.elementor-drop-cap-view-default) .elementor-drop-cap{margin-top:8px}.elementor-widget-text-editor:not(.elementor-drop-cap-view-default) .elementor-drop-cap-letter{width:1em;height:1em}.elementor-widget-text-editor .elementor-drop-cap{float:left;text-align:center;line-height:1;font-size:50px}.elementor-widget-text-editor .elementor-drop-cap-letter{display:inline-block}<\/style>\t\t\t\t<h2>Bezpe\u010dn\u00fd sp\u00f4sob<\/h2><p>Laserov\u00e9 grav\u00edrovanie je bezkontaktn\u00fd proces. Pri grav\u00edrovan\u00ed netreba predmety upev\u0148ova\u0165. Laserov\u00e9 zariadenie ako tak\u00e9, je pre maxim\u00e1lnu bezpe\u010dnos\u0165 obsluhy ulo\u017een\u00e9 v uzavretom kryte. Na rozdiel od konven\u010dn\u00fdch mechanick\u00fdch grav\u00edrovac\u00edch zariaden\u00ed, laserov\u00e9 grav\u00edrovacie zariadenia Trotec nemaj\u00fa \u017eiadne mechanick\u00e9 diely, ktor\u00e9 by mohli porani\u0165 pou\u017e\u00edvate\u013ea.<\/p><h2>Ostr\u00e9 hrany a presn\u00e9 detaily<\/h2><p>Laserov\u00e9 grav\u00edrovanie umo\u017e\u0148uje vytv\u00e1ra\u0165 ve\u013emi \u010dist\u00e9 hrany a jemn\u00e9 detaily. V spojen\u00ed s ods\u00e1vac\u00edmi syst\u00e9mami je navy\u0161e zaisten\u00e9, \u017ee neza\u0165a\u017euj\u00fa \u017eivotn\u00e9 prostredie.<\/p><h2>Vysokor\u00fdchlostn\u00e9 grav\u00edrovanie<\/h2><p>Laserov\u00e9 grav\u00edrovacie zariadenia s pohyblivou hlavou Trotec Speedy pracuj\u00fa v porovnan\u00ed s ostatn\u00fdmi, a\u017e s takmer dvojn\u00e1sobnou maxim\u00e1lnou r\u00fdchlos\u0165ou a v\u00fdznamne zvy\u0161uj\u00fa produktivitu firmy.<\/p><h2>Jednoduch\u00e9 pou\u017e\u00edvanie<\/h2><p>Na\u0161e lasery s\u00fa vybaven\u00e9 intuit\u00edvnym a u\u017e\u00edvate\u013esky pr\u00edvetiv\u00fdm rozhran\u00edm, vhodn\u00fdm ako pre za\u010diato\u010dn\u00edkov tak i pre sk\u00fasen\u00fdch u\u017e\u00edvate\u013eov. Programov\u00e9 vybavenie podporuje \u0161tandardn\u00e9 grafick\u00e9 programy a pr\u00edprava \u00faloh pre laser je t\u00fdm ve\u013emi jednoduch\u00e1.<\/p><h2>Spo\u013eahliv\u00e9 a ziskov\u00e9<\/h2><p>Laserov\u00e9 grav\u00edrovacie zariadenia Trotec znamenaj\u00fa \u0161pi\u010dkov\u00fa kvalitu, spo\u013eahlivos\u0165 a v\u00fdkonnos\u0165. Na\u0161e najmodernej\u0161ie grav\u00edrovacie lasery v\u00e1m umo\u017enia r\u00fdchlo a \u013eahko dokon\u010di\u0165 aj tie najn\u00e1ro\u010dnej\u0161ie \u00falohy. So spr\u00e1vne zvolen\u00fdm laserov\u00fdm grav\u00edrovac\u00edm zariaden\u00edm m\u00f4\u017eete roz\u0161\u00edri\u0165 va\u0161u ponuku a z\u00edska\u0165 nov\u00fdch z\u00e1kazn\u00edkov. Stru\u010dne povedan\u00e9 : laserov\u00e9 grav\u00edrovacie zariadenie Trotec je bezpe\u010dn\u00e1 invest\u00edcia, ktor\u00e1 m\u00e1 r\u00fdchlu n\u00e1vratnos\u0165 a v dlhodobom horizonte znamen\u00e1 n\u00e1rast zisku firmy.<\/p><h2>Kontaktujte n\u00e1s<\/h2><p>Presved\u010dili sme v\u00e1s o v\u00fdhod\u00e1ch laserov\u00e9ho grav\u00edrovania ale chcete sa s nami poradi\u0165 e\u0161te predt\u00fdm, ne\u017e sa rozhodnete pre konkr\u00e9tne laserov\u00e9 zariadenie ? Kontaktujte n\u00e1s. Ve\u013emi radi v\u00e1m porad\u00edme a ur\u010dite n\u00e1jdeme spr\u00e1vne rie\u0161enie pre va\u0161e aplik\u00e1cie.<\/p><p><a href=\"https:\/\/www.megaflex.cz\/lasery\/sk\/lasery-stroje-pre-gravirovanie-rezanie-a-popis\/\">Tu kliknite pre v\u00fdber zariadenia<\/a><\/p><h2>\u00a0<\/h2>\t\t\t\t\t\t<\/div>\n\t\t\t\t<\/div>\n\t\t\t\t\t<\/div>\n\t\t<\/div>\n\t\t\t\t\t\t\t<\/div>\n\t\t<\/section>\n\t\t\t\t<section class=\"elementor-section elementor-top-section elementor-element elementor-element-dd9d293 elementor-hidden-tablet elementor-hidden-mobile elementor-section-boxed elementor-section-height-default elementor-section-height-default\" data-id=\"dd9d293\" data-element_type=\"section\">\n\t\t\t\t\t\t<div class=\"elementor-container elementor-column-gap-default\">\n\t\t\t\t\t<div class=\"elementor-column elementor-col-100 elementor-top-column elementor-element elementor-element-5e7e15c1\" data-id=\"5e7e15c1\" data-element_type=\"column\">\n\t\t\t<div class=\"elementor-widget-wrap elementor-element-populated\">\n\t\t\t\t\t\t\t\t<div class=\"elementor-element elementor-element-719a3fe6 elementor-widget elementor-widget-heading\" data-id=\"719a3fe6\" data-element_type=\"widget\" data-widget_type=\"heading.default\">\n\t\t\t\t<div class=\"elementor-widget-container\">\n\t\t\t<style>\/*! elementor - v3.17.0 - 25-10-2023 *\/\n.elementor-heading-title{padding:0;margin:0;line-height:1}.elementor-widget-heading .elementor-heading-title[class*=elementor-size-]>a{color:inherit;font-size:inherit;line-height:inherit}.elementor-widget-heading .elementor-heading-title.elementor-size-small{font-size:15px}.elementor-widget-heading .elementor-heading-title.elementor-size-medium{font-size:19px}.elementor-widget-heading .elementor-heading-title.elementor-size-large{font-size:29px}.elementor-widget-heading .elementor-heading-title.elementor-size-xl{font-size:39px}.elementor-widget-heading .elementor-heading-title.elementor-size-xxl{font-size:59px}<\/style><h3 class=\"elementor-heading-title elementor-size-default\">\u010eal\u0161ie vlastnosti<\/h3>\t\t<\/div>\n\t\t\t\t<\/div>\n\t\t\t\t<div class=\"elementor-element elementor-element-2b448480 elementor-hidden-mobile elementor-widget elementor-widget-jet-mega-menu\" data-id=\"2b448480\" data-element_type=\"widget\" data-widget_type=\"jet-mega-menu.default\">\n\t\t\t\t<div class=\"elementor-widget-container\">\n\t\t\t<div class=\"menu-vedomosti-container\"><div class=\"jet-menu-container\"><div class=\"jet-menu-inner\"><ul class=\"jet-menu jet-menu--animation-type-move-down jet-menu--roll-up\"><li id=\"jet-menu-item-17661\" class=\"jet-menu-item jet-menu-item-type-custom jet-menu-item-object-custom jet-has-roll-up jet-simple-menu-item jet-regular-item jet-menu-item-17661\"><a href=\"https:\/\/megaflex.cz\/lasery\/sk\/vedomosti\/porovnanie-dostupnych-typov-laserov\/\" class=\"top-level-link\" target=\"_blank\" rel=\"noopener\"><div class=\"jet-menu-item-wrapper\"><div class=\"jet-menu-title\">Porovnanie dostupn\u00fdch typov laserov<\/div><\/div><\/a><\/li>\n<li id=\"jet-menu-item-17662\" class=\"jet-menu-item jet-menu-item-type-custom jet-menu-item-object-custom jet-has-roll-up jet-simple-menu-item jet-regular-item jet-menu-item-17662\"><a href=\"https:\/\/megaflex.cz\/lasery\/sk\/vedomosti\/zaklady-laserovych-technologii\/\" class=\"top-level-link\" target=\"_blank\" rel=\"noopener\"><div class=\"jet-menu-item-wrapper\"><div class=\"jet-menu-title\">Z\u00e1klady laserov\u00fdch technol\u00f3gi\u00ed<\/div><\/div><\/a><\/li>\n<li id=\"jet-menu-item-17663\" class=\"jet-menu-item jet-menu-item-type-custom jet-menu-item-object-custom jet-has-roll-up jet-simple-menu-item jet-regular-item jet-menu-item-17663\"><a href=\"https:\/\/megaflex.cz\/lasery\/sk\/vedomosti\/laserove-gravirovanie\/\" class=\"top-level-link\" target=\"_blank\" rel=\"noopener\"><div class=\"jet-menu-item-wrapper\"><div class=\"jet-menu-title\">Laserov\u00e9 grav\u00edrovanie<\/div><\/div><\/a><\/li>\n<li id=\"jet-menu-item-17664\" class=\"jet-menu-item jet-menu-item-type-custom jet-menu-item-object-custom jet-has-roll-up jet-simple-menu-item jet-regular-item jet-menu-item-17664\"><a href=\"https:\/\/megaflex.cz\/lasery\/sk\/vedomosti\/laserove-znacenie\/\" class=\"top-level-link\" target=\"_blank\" rel=\"noopener\"><div class=\"jet-menu-item-wrapper\"><div class=\"jet-menu-title\">Laserov\u00e9 zna\u010denie<\/div><\/div><\/a><\/li>\n<li id=\"jet-menu-item-17665\" class=\"jet-menu-item jet-menu-item-type-custom jet-menu-item-object-custom jet-has-roll-up jet-simple-menu-item jet-regular-item jet-menu-item-17665\"><a href=\"https:\/\/megaflex.cz\/lasery\/sk\/vedomosti\/zaklady-laseroveho-rezania\/\" class=\"top-level-link\" target=\"_blank\" rel=\"noopener\"><div class=\"jet-menu-item-wrapper\"><div class=\"jet-menu-title\">Z\u00e1klady laserov\u00e9ho rezania<\/div><\/div><\/a><\/li>\n<li id=\"jet-menu-item-17666\" class=\"jet-menu-item jet-menu-item-type-custom jet-menu-item-object-custom jet-has-roll-up jet-simple-menu-item jet-regular-item jet-menu-item-17666\"><a href=\"https:\/\/megaflex.cz\/lasery\/sk\/vedomosti\/laserova-bezpecnost\/\" class=\"top-level-link\" target=\"_blank\" rel=\"noopener\"><div class=\"jet-menu-item-wrapper\"><div class=\"jet-menu-title\">Laserov\u00e1 bezpe\u010dnos\u0165<\/div><\/div><\/a><\/li>\n<\/ul><\/div><\/div><\/div>\t\t<\/div>\n\t\t\t\t<\/div>\n\t\t\t\t\t<\/div>\n\t\t<\/div>\n\t\t\t\t\t\t\t<\/div>\n\t\t<\/section>\n\t\t\t\t\t\t\t<\/div>\n\t\t","protected":false},"excerpt":{"rendered":"<p>Bezpe\u010dn\u00fd sp\u00f4sob Laserov\u00e9 grav\u00edrovanie je bezkontaktn\u00fd proces. Pri grav\u00edrovan\u00ed netreba predmety upev\u0148ova\u0165. Laserov\u00e9 zariadenie ako tak\u00e9, je pre maxim\u00e1lnu bezpe\u010dnos\u0165 obsluhy ulo\u017een\u00e9 v uzavretom kryte. Na rozdiel od konven\u010dn\u00fdch mechanick\u00fdch grav\u00edrovac\u00edch zariaden\u00ed, laserov\u00e9 grav\u00edrovacie zariadenia Trotec nemaj\u00fa \u017eiadne mechanick\u00e9 diely, ktor\u00e9 by mohli porani\u0165 pou\u017e\u00edvate\u013ea. Ostr\u00e9 hrany a presn\u00e9 detaily Laserov\u00e9 grav\u00edrovanie umo\u017e\u0148uje vytv\u00e1ra\u0165 ve\u013emi [&hellip;]<\/p>\n","protected":false},"author":974,"featured_media":2961,"parent":5375,"menu_order":0,"comment_status":"closed","ping_status":"closed","template":"","meta":{"inline_featured_image":false,"_lmt_disableupdate":"","_lmt_disable":"","footnotes":""},"acf":[],"_links":{"self":[{"href":"https:\/\/www.megaflex.cz\/lasery\/sk\/wp-json\/wp\/v2\/pages\/5426"}],"collection":[{"href":"https:\/\/www.megaflex.cz\/lasery\/sk\/wp-json\/wp\/v2\/pages"}],"about":[{"href":"https:\/\/www.megaflex.cz\/lasery\/sk\/wp-json\/wp\/v2\/types\/page"}],"author":[{"embeddable":true,"href":"https:\/\/www.megaflex.cz\/lasery\/sk\/wp-json\/wp\/v2\/users\/974"}],"replies":[{"embeddable":true,"href":"https:\/\/www.megaflex.cz\/lasery\/sk\/wp-json\/wp\/v2\/comments?post=5426"}],"version-history":[{"count":10,"href":"https:\/\/www.megaflex.cz\/lasery\/sk\/wp-json\/wp\/v2\/pages\/5426\/revisions"}],"predecessor-version":[{"id":19295,"href":"https:\/\/www.megaflex.cz\/lasery\/sk\/wp-json\/wp\/v2\/pages\/5426\/revisions\/19295"}],"up":[{"embeddable":true,"href":"https:\/\/www.megaflex.cz\/lasery\/sk\/wp-json\/wp\/v2\/pages\/5375"}],"wp:featuredmedia":[{"embeddable":true,"href":"https:\/\/www.megaflex.cz\/lasery\/sk\/wp-json\/wp\/v2\/media\/2961"}],"wp:attachment":[{"href":"https:\/\/www.megaflex.cz\/lasery\/sk\/wp-json\/wp\/v2\/media?parent=5426"}],"curies":[{"name":"wp","href":"https:\/\/api.w.org\/{rel}","templated":true}]}}