{"id":5417,"date":"2018-11-21T23:03:05","date_gmt":"2018-11-21T23:03:05","guid":{"rendered":"http:\/\/www.megaflex.cz\/lasery\/sk\/?page_id=5417"},"modified":"2023-07-03T11:14:12","modified_gmt":"2023-07-03T09:14:12","slug":"porovnanie-dostupnych-typov-laserov","status":"publish","type":"page","link":"https:\/\/www.megaflex.cz\/lasery\/sk\/vedomosti\/porovnanie-dostupnych-typov-laserov\/","title":{"rendered":"Porovnanie dostupn\u00fdch typov laserov"},"content":{"rendered":"\t\t<div data-elementor-type=\"wp-page\" data-elementor-id=\"5417\" class=\"elementor elementor-5417 elementor-1595\" data-elementor-post-type=\"page\">\n\t\t\t\t\t\t\t\t\t<section class=\"elementor-section elementor-top-section elementor-element elementor-element-4e6e11df elementor-section-boxed elementor-section-height-default elementor-section-height-default\" data-id=\"4e6e11df\" data-element_type=\"section\">\n\t\t\t\t\t\t<div class=\"elementor-container elementor-column-gap-default\">\n\t\t\t\t\t<div class=\"elementor-column elementor-col-100 elementor-top-column elementor-element elementor-element-35b05781\" data-id=\"35b05781\" data-element_type=\"column\">\n\t\t\t<div class=\"elementor-widget-wrap elementor-element-populated\">\n\t\t\t\t\t\t\t\t<div class=\"elementor-element elementor-element-7f9d9ddb elementor-widget elementor-widget-image\" data-id=\"7f9d9ddb\" data-element_type=\"widget\" data-widget_type=\"image.default\">\n\t\t\t\t<div class=\"elementor-widget-container\">\n\t\t\t<style>\/*! elementor - v3.17.0 - 25-10-2023 *\/\n.elementor-widget-image{text-align:center}.elementor-widget-image a{display:inline-block}.elementor-widget-image a img[src$=\".svg\"]{width:48px}.elementor-widget-image img{vertical-align:middle;display:inline-block}<\/style>\t\t\t\t\t\t\t\t\t\t\t\t<img loading=\"lazy\" decoding=\"async\" width=\"800\" height=\"320\" src=\"https:\/\/www.megaflex.cz\/lasery\/files\/2015\/06\/laser-types1-1024x410.jpg\" class=\"attachment-large size-large wp-image-10615\" alt=\"\" srcset=\"https:\/\/www.megaflex.cz\/lasery\/files\/2015\/06\/laser-types1-1024x410.jpg 1024w, https:\/\/www.megaflex.cz\/lasery\/files\/2015\/06\/laser-types1-300x120.jpg 300w, https:\/\/www.megaflex.cz\/lasery\/files\/2015\/06\/laser-types1.jpg 1300w\" sizes=\"(max-width: 800px) 100vw, 800px\" \/>\t\t\t\t\t\t\t\t\t\t\t\t\t\t\t<\/div>\n\t\t\t\t<\/div>\n\t\t\t\t<div class=\"elementor-element elementor-element-5874bd85 h2_style elementor-widget elementor-widget-text-editor\" data-id=\"5874bd85\" data-element_type=\"widget\" data-widget_type=\"text-editor.default\">\n\t\t\t\t<div class=\"elementor-widget-container\">\n\t\t\t<style>\/*! elementor - v3.17.0 - 25-10-2023 *\/\n.elementor-widget-text-editor.elementor-drop-cap-view-stacked .elementor-drop-cap{background-color:#69727d;color:#fff}.elementor-widget-text-editor.elementor-drop-cap-view-framed .elementor-drop-cap{color:#69727d;border:3px solid;background-color:transparent}.elementor-widget-text-editor:not(.elementor-drop-cap-view-default) .elementor-drop-cap{margin-top:8px}.elementor-widget-text-editor:not(.elementor-drop-cap-view-default) .elementor-drop-cap-letter{width:1em;height:1em}.elementor-widget-text-editor .elementor-drop-cap{float:left;text-align:center;line-height:1;font-size:50px}.elementor-widget-text-editor .elementor-drop-cap-letter{display:inline-block}<\/style>\t\t\t\t<h2>Dostupn\u00e9 typy laserov<\/h2><p>Dostupn\u00e9 laserov\u00e9 zariadenia v z\u00e1sade del\u00edme pod\u013ea pou\u017eit\u00e9ho laserov\u00e9ho zdroja. Predov\u0161etk\u00fdm to je CO2 laser, vl\u00e1knov\u00fd laser a vanad\u00e1tov\u00fd laser. Ka\u017ed\u00fd z nich m\u00e1 svoje v\u00fdhody aj nev\u00fdhody a s\u00fa viac \u010di menej vhodn\u00e9 pre r\u00f4zne materi\u00e1ly.<\/p><h2>CO2 lasery (plynov\u00e9 lasery)<\/h2><p>CO2 lasery s\u00fa plynov\u00e9 lasery, ktor\u00e9 s\u00fa zalo\u017een\u00e9 na princ\u00edpe zmesi plynov zalo\u017een\u00fdch na kysli\u010dn\u00edku uhli\u010ditom, ktor\u00fd je elektricky stimulovan\u00fd. S vlnovou d\u013a\u017ekou 10,6 mikrometrov s\u00fa vhodn\u00e9 predov\u0161etk\u00fdm pre pr\u00e1cu s nekovov\u00fdmi materi\u00e1lmi a v\u00e4\u010d\u0161inou plastov. CO2 lasery maj\u00fa relat\u00edvne vysok\u00fa \u00fa\u010dinnos\u0165 a ve\u013emi dobr\u00fa kvalitu laserov\u00e9ho zv\u00e4zku. Pre svoju univerz\u00e1lnos\u0165 s\u00fa najviac pou\u017e\u00edvan\u00e9.<\/p><p>S\u00fa vhodn\u00e9 pre tieto materi\u00e1ly : drevo, plexisklo, sklo, papier, textil, plasty, filmy, f\u00f3lie, ko\u017ea, kame\u0148<\/p><h2>Vl\u00e1knov\u00e9 lasery<\/h2><p>Vl\u00e1knov\u00e9 lasery patria do skupiny pevnol\u00e1tkov\u00fdch laserov. Akt\u00edvnym prostred\u00edm je dlh\u00e9 optick\u00e9 vl\u00e1kno dopovan\u00e9 yterbium. \u010cerpanie je z ve\u013ekoplo\u0161n\u00fdch laserov\u00fdch di\u00f3d s dlhou \u017eivotnos\u0165ou. S vlnovou d\u013a\u017ekou 1062 &#8211; 1064 mikrometrov, produkuj\u00fa vl\u00e1knov\u00e9 lasery laserov\u00fd zv\u00e4zok s priemerom a\u017e 7 mm, ktor\u00fd je mo\u017en\u00e9 zaostri\u0165 do ve\u013emi mal\u00e9ho bodu v ktorom je hustota energie a\u017e 100 kr\u00e1t vy\u0161\u0161ia ako v pr\u00edpade CO2 lasera s rovnak\u00fdm v\u00fdstupn\u00fdm v\u00fdkonom.<\/p><p>Vl\u00e1knov\u00e9 lasery s\u00fa optim\u00e1lne pre zna\u010denie kovov kalen\u00edm alebo grav\u00edrovan\u00edm a pre vysoko kontrastn\u00fd zna\u010denie plastov. Vl\u00e1knov\u00e9 lasery s\u00fa v\u0161eobecne bez\u00fadr\u017ebov\u00e9 a maj\u00fa ve\u013emi dlh\u00fa \u017eivotnos\u0165 najmenej 25 000 hod\u00edn.<\/p><p>S\u00fa vhodn\u00e9 pre tieto materi\u00e1ly : kovy, povlakovan\u00e9 kovy, plasty<\/p><h2>Nd:YAG, Nd:YVO4, lampov\u00e9 a diodov\u00e9 lasery<\/h2><p>Rovnako ako vl\u00e1knov\u00fd laser, lampov\u00e9 a di\u00f3dov\u00e9 lasery patria medzi pevnol\u00e1tkov\u00e9 lasery. Lampami \u010derpan\u00e9 lasery (LPSS laser) s\u00fa star\u0161ie, s\u00fa\u010dasn\u00e9 s\u00fa \u010derpan\u00e9 di\u00f3dami (DPSS). Najpou\u017e\u00edvanej\u0161\u00edmi typy laserov v tejto kateg\u00f3rii s\u00fa YAG (neodymium-dopredu ytrium aluminum garnet) a Nd: YVO4 (neodymium-dopredu ytrium orto-vanadate), nazvanej pod\u013ea YAG kry\u0161t\u00e1lu dopovan\u00e9ho i\u00f3ny neod\u00fdmu. Di\u00f3dov\u00e9 lasery maj\u00fa rovnak\u00fa vlnov\u00fa d\u013a\u017eku 1062 &#8211; 1064 mikrometrov ako vl\u00e1knov\u00e9 a s\u00fa teda vhodn\u00e9 pre zna\u010denie kovov a plastov.<\/p><p>Na rozdiel od vl\u00e1knov\u00fdch laserov, tieto typy laserov pou\u017e\u00edvaj\u00fa relat\u00edvne drah\u00e9 \u010derpacie di\u00f3dy, ktor\u00e9 podliehaj\u00fa opotrebovaniu. Musia sa vymeni\u0165 cca po 8000, max. 15000 hodin\u00e1ch prev\u00e1dzky. Samotn\u00fd kry\u0161t\u00e1l m\u00e1 tie\u017e krat\u0161iu \u017eivotnos\u0165, ne\u017e u vl\u00e1knov\u00e9ho lasera.<\/p><p>S\u00fa vhodn\u00e9 pre tieto materi\u00e1ly : kovy, povlakovan\u00e9 kovy, plasty, do istej miery tie\u017e keramika<\/p><p>\u00a0<\/p>\t\t\t\t\t\t<\/div>\n\t\t\t\t<\/div>\n\t\t\t\t\t<\/div>\n\t\t<\/div>\n\t\t\t\t\t\t\t<\/div>\n\t\t<\/section>\n\t\t\t\t<section class=\"elementor-section elementor-top-section elementor-element elementor-element-79e0e4a9 elementor-hidden-tablet elementor-hidden-mobile elementor-section-boxed elementor-section-height-default elementor-section-height-default\" data-id=\"79e0e4a9\" data-element_type=\"section\">\n\t\t\t\t\t\t<div class=\"elementor-container elementor-column-gap-default\">\n\t\t\t\t\t<div class=\"elementor-column elementor-col-100 elementor-top-column elementor-element elementor-element-29f0c1e7\" data-id=\"29f0c1e7\" data-element_type=\"column\">\n\t\t\t<div class=\"elementor-widget-wrap elementor-element-populated\">\n\t\t\t\t\t\t\t\t<div class=\"elementor-element elementor-element-3c81dc2d elementor-widget elementor-widget-heading\" data-id=\"3c81dc2d\" data-element_type=\"widget\" data-widget_type=\"heading.default\">\n\t\t\t\t<div class=\"elementor-widget-container\">\n\t\t\t<style>\/*! elementor - v3.17.0 - 25-10-2023 *\/\n.elementor-heading-title{padding:0;margin:0;line-height:1}.elementor-widget-heading .elementor-heading-title[class*=elementor-size-]>a{color:inherit;font-size:inherit;line-height:inherit}.elementor-widget-heading .elementor-heading-title.elementor-size-small{font-size:15px}.elementor-widget-heading .elementor-heading-title.elementor-size-medium{font-size:19px}.elementor-widget-heading .elementor-heading-title.elementor-size-large{font-size:29px}.elementor-widget-heading .elementor-heading-title.elementor-size-xl{font-size:39px}.elementor-widget-heading .elementor-heading-title.elementor-size-xxl{font-size:59px}<\/style><h3 class=\"elementor-heading-title elementor-size-default\">\u010eal\u0161ie vlastnosti<\/h3>\t\t<\/div>\n\t\t\t\t<\/div>\n\t\t\t\t<div class=\"elementor-element elementor-element-b56955a elementor-hidden-mobile elementor-widget elementor-widget-jet-mega-menu\" data-id=\"b56955a\" data-element_type=\"widget\" data-widget_type=\"jet-mega-menu.default\">\n\t\t\t\t<div class=\"elementor-widget-container\">\n\t\t\t<div class=\"menu-vedomosti-container\"><div class=\"jet-menu-container\"><div class=\"jet-menu-inner\"><ul class=\"jet-menu jet-menu--animation-type-move-down jet-menu--roll-up\"><li id=\"jet-menu-item-17661\" class=\"jet-menu-item jet-menu-item-type-custom jet-menu-item-object-custom jet-has-roll-up jet-simple-menu-item jet-regular-item jet-menu-item-17661\"><a href=\"https:\/\/megaflex.cz\/lasery\/sk\/vedomosti\/porovnanie-dostupnych-typov-laserov\/\" class=\"top-level-link\" target=\"_blank\" rel=\"noopener\"><div class=\"jet-menu-item-wrapper\"><div class=\"jet-menu-title\">Porovnanie dostupn\u00fdch typov laserov<\/div><\/div><\/a><\/li>\n<li id=\"jet-menu-item-17662\" class=\"jet-menu-item jet-menu-item-type-custom jet-menu-item-object-custom jet-has-roll-up jet-simple-menu-item jet-regular-item jet-menu-item-17662\"><a href=\"https:\/\/megaflex.cz\/lasery\/sk\/vedomosti\/zaklady-laserovych-technologii\/\" class=\"top-level-link\" target=\"_blank\" rel=\"noopener\"><div class=\"jet-menu-item-wrapper\"><div class=\"jet-menu-title\">Z\u00e1klady laserov\u00fdch technol\u00f3gi\u00ed<\/div><\/div><\/a><\/li>\n<li id=\"jet-menu-item-17663\" class=\"jet-menu-item jet-menu-item-type-custom jet-menu-item-object-custom jet-has-roll-up jet-simple-menu-item jet-regular-item jet-menu-item-17663\"><a href=\"https:\/\/megaflex.cz\/lasery\/sk\/vedomosti\/laserove-gravirovanie\/\" class=\"top-level-link\" target=\"_blank\" rel=\"noopener\"><div class=\"jet-menu-item-wrapper\"><div class=\"jet-menu-title\">Laserov\u00e9 grav\u00edrovanie<\/div><\/div><\/a><\/li>\n<li id=\"jet-menu-item-17664\" class=\"jet-menu-item jet-menu-item-type-custom jet-menu-item-object-custom jet-has-roll-up jet-simple-menu-item jet-regular-item jet-menu-item-17664\"><a href=\"https:\/\/megaflex.cz\/lasery\/sk\/vedomosti\/laserove-znacenie\/\" class=\"top-level-link\" target=\"_blank\" rel=\"noopener\"><div class=\"jet-menu-item-wrapper\"><div class=\"jet-menu-title\">Laserov\u00e9 zna\u010denie<\/div><\/div><\/a><\/li>\n<li id=\"jet-menu-item-17665\" class=\"jet-menu-item jet-menu-item-type-custom jet-menu-item-object-custom jet-has-roll-up jet-simple-menu-item jet-regular-item jet-menu-item-17665\"><a href=\"https:\/\/megaflex.cz\/lasery\/sk\/vedomosti\/zaklady-laseroveho-rezania\/\" class=\"top-level-link\" target=\"_blank\" rel=\"noopener\"><div class=\"jet-menu-item-wrapper\"><div class=\"jet-menu-title\">Z\u00e1klady laserov\u00e9ho rezania<\/div><\/div><\/a><\/li>\n<li id=\"jet-menu-item-17666\" class=\"jet-menu-item jet-menu-item-type-custom jet-menu-item-object-custom jet-has-roll-up jet-simple-menu-item jet-regular-item jet-menu-item-17666\"><a href=\"https:\/\/megaflex.cz\/lasery\/sk\/vedomosti\/laserova-bezpecnost\/\" class=\"top-level-link\" target=\"_blank\" rel=\"noopener\"><div class=\"jet-menu-item-wrapper\"><div class=\"jet-menu-title\">Laserov\u00e1 bezpe\u010dnos\u0165<\/div><\/div><\/a><\/li>\n<\/ul><\/div><\/div><\/div>\t\t<\/div>\n\t\t\t\t<\/div>\n\t\t\t\t\t<\/div>\n\t\t<\/div>\n\t\t\t\t\t\t\t<\/div>\n\t\t<\/section>\n\t\t\t\t\t\t\t<\/div>\n\t\t","protected":false},"excerpt":{"rendered":"<p>Dostupn\u00e9 typy laserov Dostupn\u00e9 laserov\u00e9 zariadenia v z\u00e1sade del\u00edme pod\u013ea pou\u017eit\u00e9ho laserov\u00e9ho zdroja. Predov\u0161etk\u00fdm to je CO2 laser, vl\u00e1knov\u00fd laser a vanad\u00e1tov\u00fd laser. Ka\u017ed\u00fd z nich m\u00e1 svoje v\u00fdhody aj nev\u00fdhody a s\u00fa viac \u010di menej vhodn\u00e9 pre r\u00f4zne materi\u00e1ly. CO2 lasery (plynov\u00e9 lasery) CO2 lasery s\u00fa plynov\u00e9 lasery, ktor\u00e9 s\u00fa zalo\u017een\u00e9 na princ\u00edpe zmesi [&hellip;]<\/p>\n","protected":false},"author":974,"featured_media":3018,"parent":5375,"menu_order":0,"comment_status":"closed","ping_status":"closed","template":"","meta":{"inline_featured_image":false,"_lmt_disableupdate":"","_lmt_disable":"","footnotes":""},"acf":[],"_links":{"self":[{"href":"https:\/\/www.megaflex.cz\/lasery\/sk\/wp-json\/wp\/v2\/pages\/5417"}],"collection":[{"href":"https:\/\/www.megaflex.cz\/lasery\/sk\/wp-json\/wp\/v2\/pages"}],"about":[{"href":"https:\/\/www.megaflex.cz\/lasery\/sk\/wp-json\/wp\/v2\/types\/page"}],"author":[{"embeddable":true,"href":"https:\/\/www.megaflex.cz\/lasery\/sk\/wp-json\/wp\/v2\/users\/974"}],"replies":[{"embeddable":true,"href":"https:\/\/www.megaflex.cz\/lasery\/sk\/wp-json\/wp\/v2\/comments?post=5417"}],"version-history":[{"count":9,"href":"https:\/\/www.megaflex.cz\/lasery\/sk\/wp-json\/wp\/v2\/pages\/5417\/revisions"}],"predecessor-version":[{"id":19302,"href":"https:\/\/www.megaflex.cz\/lasery\/sk\/wp-json\/wp\/v2\/pages\/5417\/revisions\/19302"}],"up":[{"embeddable":true,"href":"https:\/\/www.megaflex.cz\/lasery\/sk\/wp-json\/wp\/v2\/pages\/5375"}],"wp:featuredmedia":[{"embeddable":true,"href":"https:\/\/www.megaflex.cz\/lasery\/sk\/wp-json\/wp\/v2\/media\/3018"}],"wp:attachment":[{"href":"https:\/\/www.megaflex.cz\/lasery\/sk\/wp-json\/wp\/v2\/media?parent=5417"}],"curies":[{"name":"wp","href":"https:\/\/api.w.org\/{rel}","templated":true}]}}