{"id":5413,"date":"2018-11-21T23:46:49","date_gmt":"2018-11-21T23:46:49","guid":{"rendered":"http:\/\/www.megaflex.cz\/lasery\/sk\/?page_id=5413"},"modified":"2018-11-21T23:46:49","modified_gmt":"2018-11-21T23:46:49","slug":"volne-miesta","status":"publish","type":"page","link":"https:\/\/www.megaflex.cz\/lasery\/sk\/volne-miesta\/","title":{"rendered":"Vo\u013en\u00e9 miesta"},"content":{"rendered":"<p>Zauj\u00edmate sa o pracovn\u00fa poz\u00edciu v spolo\u010dnosti Megaflex ? Pozrite sa na na\u0161u ponuku zamestnania.<\/p>\n<h2>V s\u00fa\u010dasnosti nem\u00e1me \u017eiadne vo\u013en\u00e9 miesta<\/h2>\n<p>\u013dutujeme, m<span class=\"st\">oment\u00e1lne neh\u013ead\u00e1me zamestnancov na \u017eiadne pracovn\u00e9 poz\u00edcie<\/span>. Napriek tomu, ak by sa V\u00e1m p\u00e1\u010dilo pracova\u0165 v na\u0161ej spolo\u010dnosti, m\u00f4\u017eete n\u00e1m nez\u00e1v\u00e4zne posla\u0165 svoj CV. Dokumenty\u00a0 pros\u00edm\u00a0po\u0161lite na info@megaflex.cz.<\/p>\n","protected":false},"excerpt":{"rendered":"<p>Zauj\u00edmate sa o pracovn\u00fa poz\u00edciu v spolo\u010dnosti Megaflex ? Pozrite sa na na\u0161u ponuku zamestnania. V s\u00fa\u010dasnosti nem\u00e1me \u017eiadne vo\u013en\u00e9 miesta \u013dutujeme, moment\u00e1lne neh\u013ead\u00e1me zamestnancov na \u017eiadne pracovn\u00e9 poz\u00edcie. Napriek tomu, ak by sa V\u00e1m p\u00e1\u010dilo pracova\u0165 v na\u0161ej spolo\u010dnosti, m\u00f4\u017eete n\u00e1m nez\u00e1v\u00e4zne posla\u0165 svoj CV. Dokumenty\u00a0 pros\u00edm\u00a0po\u0161lite na info@megaflex.cz.<\/p>\n","protected":false},"author":974,"featured_media":0,"parent":0,"menu_order":0,"comment_status":"open","ping_status":"closed","template":"","meta":{"inline_featured_image":false,"_lmt_disableupdate":"","_lmt_disable":"","footnotes":""},"acf":[],"_links":{"self":[{"href":"https:\/\/www.megaflex.cz\/lasery\/sk\/wp-json\/wp\/v2\/pages\/5413"}],"collection":[{"href":"https:\/\/www.megaflex.cz\/lasery\/sk\/wp-json\/wp\/v2\/pages"}],"about":[{"href":"https:\/\/www.megaflex.cz\/lasery\/sk\/wp-json\/wp\/v2\/types\/page"}],"author":[{"embeddable":true,"href":"https:\/\/www.megaflex.cz\/lasery\/sk\/wp-json\/wp\/v2\/users\/974"}],"replies":[{"embeddable":true,"href":"https:\/\/www.megaflex.cz\/lasery\/sk\/wp-json\/wp\/v2\/comments?post=5413"}],"version-history":[{"count":2,"href":"https:\/\/www.megaflex.cz\/lasery\/sk\/wp-json\/wp\/v2\/pages\/5413\/revisions"}],"predecessor-version":[{"id":6205,"href":"https:\/\/www.megaflex.cz\/lasery\/sk\/wp-json\/wp\/v2\/pages\/5413\/revisions\/6205"}],"wp:attachment":[{"href":"https:\/\/www.megaflex.cz\/lasery\/sk\/wp-json\/wp\/v2\/media?parent=5413"}],"curies":[{"name":"wp","href":"https:\/\/api.w.org\/{rel}","templated":true}]}}