{"id":5407,"date":"2018-11-22T00:31:27","date_gmt":"2018-11-22T00:31:27","guid":{"rendered":"http:\/\/www.megaflex.cz\/lasery\/sk\/?page_id=5407"},"modified":"2023-08-16T12:19:23","modified_gmt":"2023-08-16T10:19:23","slug":"trotec-production-und-vertriebs-gmbh","status":"publish","type":"page","link":"https:\/\/www.megaflex.cz\/lasery\/sk\/trotec-production-und-vertriebs-gmbh\/","title":{"rendered":"Trotec Production und Vertriebs, GmbH"},"content":{"rendered":"\t\t<div data-elementor-type=\"wp-page\" data-elementor-id=\"5407\" class=\"elementor elementor-5407 elementor-1688\" data-elementor-post-type=\"page\">\n\t\t\t\t\t\t\t\t\t<section class=\"elementor-section elementor-top-section elementor-element elementor-element-635e639e elementor-section-boxed elementor-section-height-default elementor-section-height-default\" data-id=\"635e639e\" data-element_type=\"section\">\n\t\t\t\t\t\t<div class=\"elementor-container elementor-column-gap-default\">\n\t\t\t\t\t<div class=\"elementor-column elementor-col-100 elementor-top-column elementor-element elementor-element-17b3450d\" data-id=\"17b3450d\" data-element_type=\"column\">\n\t\t\t<div class=\"elementor-widget-wrap elementor-element-populated\">\n\t\t\t\t\t\t\t\t<div class=\"elementor-element elementor-element-2eb655c elementor-widget elementor-widget-heading\" data-id=\"2eb655c\" data-element_type=\"widget\" data-widget_type=\"heading.default\">\n\t\t\t\t<div class=\"elementor-widget-container\">\n\t\t\t<style>\/*! elementor - v3.17.0 - 25-10-2023 *\/\n.elementor-heading-title{padding:0;margin:0;line-height:1}.elementor-widget-heading .elementor-heading-title[class*=elementor-size-]>a{color:inherit;font-size:inherit;line-height:inherit}.elementor-widget-heading .elementor-heading-title.elementor-size-small{font-size:15px}.elementor-widget-heading .elementor-heading-title.elementor-size-medium{font-size:19px}.elementor-widget-heading .elementor-heading-title.elementor-size-large{font-size:29px}.elementor-widget-heading .elementor-heading-title.elementor-size-xl{font-size:39px}.elementor-widget-heading .elementor-heading-title.elementor-size-xxl{font-size:59px}<\/style><h1 class=\"elementor-heading-title elementor-size-default\"> Trotec Production und Vertriebs, GmbH<\/h1>\t\t<\/div>\n\t\t\t\t<\/div>\n\t\t\t\t<div class=\"elementor-element elementor-element-101b0e4 elementor-widget elementor-widget-text-editor\" data-id=\"101b0e4\" data-element_type=\"widget\" data-widget_type=\"text-editor.default\">\n\t\t\t\t<div class=\"elementor-widget-container\">\n\t\t\t<style>\/*! elementor - v3.17.0 - 25-10-2023 *\/\n.elementor-widget-text-editor.elementor-drop-cap-view-stacked .elementor-drop-cap{background-color:#69727d;color:#fff}.elementor-widget-text-editor.elementor-drop-cap-view-framed .elementor-drop-cap{color:#69727d;border:3px solid;background-color:transparent}.elementor-widget-text-editor:not(.elementor-drop-cap-view-default) .elementor-drop-cap{margin-top:8px}.elementor-widget-text-editor:not(.elementor-drop-cap-view-default) .elementor-drop-cap-letter{width:1em;height:1em}.elementor-widget-text-editor .elementor-drop-cap{float:left;text-align:center;line-height:1;font-size:50px}.elementor-widget-text-editor .elementor-drop-cap-letter{display:inline-block}<\/style>\t\t\t\tRak\u00faska spolo\u010dnos\u0165 <a href=\"http:\/\/www.trotec-laser.net\" target=\"_blank\" rel=\"noopener\">Trotec<\/a>\u00a0vznikla v roku 1997 z oddelenia v\u00fdvoja a v\u00fdskumu materskej firmy, spolo\u010dnosti Trodat, ktor\u00e1 je svetovou jednotkou vo v\u00fdrobe samofarbiacich pe\u010diatok. V roku 2012 osl\u00e1vila u\u017e 100. v\u00fdro\u010die svojej \u00faspe\u0161nej existencie.\r\nV priebehu rokov Trotec organicky r\u00e1stol a dnes je ur\u010dite inovat\u00edvnym l\u00eddrom svetov\u00e9ho trhu plo\u0161n\u00fdch laserov &#8211; samozrejme tie\u017e v\u010faka rozsiahlej svetovej obchodnej sieti Trodat Group a jej stabilite.\r\n\r\nCel\u00e1 skupina dnes generuje obrat cez 154 mili\u00f3nov euro a zamestn\u00e1va po celom svete okolo 1,150 \u013eud\u00ed v 30 pobo\u010dk\u00e1ch. V mnoh\u00fdch \u010fal\u0161\u00edch krajin\u00e1ch je Trotec zast\u00fapen\u00fd samostatnou firmou, ako pr\u00e1ve MEGAFLEX na \u010deskom a slovenskom trhu. Trotec exportuje viac ako 98% svojej v\u00fdroby.\r\n<h3>Andreas Penz (CEO)<\/h3>\r\nOd roku 2001 je riadite\u013eom TROTEC p\u00e1n Andreas Penz a je zodpovedn\u00fd za riadenie a strategick\u00fd rozvoj spolo\u010dnosti.\r\n<h3>Oliver Kronawittleithner (Vice President Sales)<\/h3>\r\nOliver Kronawittleithner zodpoved\u00e1 za glob\u00e1lne predajn\u00fa sie\u0165 spolo\u010dnosti.\r\n<h2>The Trodat Trotec Holding<\/h2>\r\nSkupina firiem, zn\u00e1ma ako Trodat Trotec Holding GmbH, operuje ako jednotka na trhu samofarbiacich pe\u010diatok pod menom Trodat a v laserovom biznisu je svetovo zn\u00e1ma pod zna\u010dkou Trotec ako v\u00fdrobca \u0161pi\u010dkov\u00fdch zariaden\u00ed pre laserov\u00e9 zna\u010denie, popis a rezanie.\r\n\r\nTrodat Trotec Holding GmbH je s\u00fakromn\u00e1 spolo\u010dnos\u0165, stopercentne vlastnen\u00e1 rodinou nad\u00e1ciou.\t\t\t\t\t\t<\/div>\n\t\t\t\t<\/div>\n\t\t\t\t\t<\/div>\n\t\t<\/div>\n\t\t\t\t\t\t\t<\/div>\n\t\t<\/section>\n\t\t\t\t\t\t\t<\/div>\n\t\t","protected":false},"excerpt":{"rendered":"<p>Trotec Production und Vertriebs, GmbH Rak\u00faska spolo\u010dnos\u0165 Trotec\u00a0vznikla v roku 1997 z oddelenia v\u00fdvoja a v\u00fdskumu materskej firmy, spolo\u010dnosti Trodat, ktor\u00e1 je svetovou jednotkou vo v\u00fdrobe samofarbiacich pe\u010diatok. V roku 2012 osl\u00e1vila u\u017e 100. v\u00fdro\u010die svojej \u00faspe\u0161nej existencie. V priebehu rokov Trotec organicky r\u00e1stol a dnes je ur\u010dite inovat\u00edvnym l\u00eddrom svetov\u00e9ho trhu plo\u0161n\u00fdch laserov &#8211; [&hellip;]<\/p>\n","protected":false},"author":974,"featured_media":0,"parent":0,"menu_order":0,"comment_status":"open","ping_status":"closed","template":"","meta":{"inline_featured_image":false,"_lmt_disableupdate":"","_lmt_disable":"","footnotes":""},"acf":[],"_links":{"self":[{"href":"https:\/\/www.megaflex.cz\/lasery\/sk\/wp-json\/wp\/v2\/pages\/5407"}],"collection":[{"href":"https:\/\/www.megaflex.cz\/lasery\/sk\/wp-json\/wp\/v2\/pages"}],"about":[{"href":"https:\/\/www.megaflex.cz\/lasery\/sk\/wp-json\/wp\/v2\/types\/page"}],"author":[{"embeddable":true,"href":"https:\/\/www.megaflex.cz\/lasery\/sk\/wp-json\/wp\/v2\/users\/974"}],"replies":[{"embeddable":true,"href":"https:\/\/www.megaflex.cz\/lasery\/sk\/wp-json\/wp\/v2\/comments?post=5407"}],"version-history":[{"count":5,"href":"https:\/\/www.megaflex.cz\/lasery\/sk\/wp-json\/wp\/v2\/pages\/5407\/revisions"}],"predecessor-version":[{"id":21050,"href":"https:\/\/www.megaflex.cz\/lasery\/sk\/wp-json\/wp\/v2\/pages\/5407\/revisions\/21050"}],"wp:attachment":[{"href":"https:\/\/www.megaflex.cz\/lasery\/sk\/wp-json\/wp\/v2\/media?parent=5407"}],"curies":[{"name":"wp","href":"https:\/\/api.w.org\/{rel}","templated":true}]}}