{"id":5381,"date":"2018-11-22T00:42:05","date_gmt":"2018-11-22T00:42:05","guid":{"rendered":"http:\/\/www.megaflex.cz\/lasery\/sk\/?page_id=5381"},"modified":"2018-11-22T00:42:05","modified_gmt":"2018-11-22T00:42:05","slug":"hladat-laser-podla-parametrov","status":"publish","type":"page","link":"https:\/\/www.megaflex.cz\/lasery\/sk\/hladat-laser-podla-parametrov\/","title":{"rendered":"H\u013eada\u0165 laser pod\u013ea parametrov"},"content":{"rendered":"<p>[mgflx_bigsearch]<\/p>\n","protected":false},"excerpt":{"rendered":"<p>[mgflx_bigsearch]<\/p>\n","protected":false},"author":974,"featured_media":0,"parent":0,"menu_order":0,"comment_status":"closed","ping_status":"closed","template":"","meta":{"inline_featured_image":false,"_lmt_disableupdate":"","_lmt_disable":"","footnotes":""},"acf":[],"_links":{"self":[{"href":"https:\/\/www.megaflex.cz\/lasery\/sk\/wp-json\/wp\/v2\/pages\/5381"}],"collection":[{"href":"https:\/\/www.megaflex.cz\/lasery\/sk\/wp-json\/wp\/v2\/pages"}],"about":[{"href":"https:\/\/www.megaflex.cz\/lasery\/sk\/wp-json\/wp\/v2\/types\/page"}],"author":[{"embeddable":true,"href":"https:\/\/www.megaflex.cz\/lasery\/sk\/wp-json\/wp\/v2\/users\/974"}],"replies":[{"embeddable":true,"href":"https:\/\/www.megaflex.cz\/lasery\/sk\/wp-json\/wp\/v2\/comments?post=5381"}],"version-history":[{"count":1,"href":"https:\/\/www.megaflex.cz\/lasery\/sk\/wp-json\/wp\/v2\/pages\/5381\/revisions"}],"predecessor-version":[{"id":5382,"href":"https:\/\/www.megaflex.cz\/lasery\/sk\/wp-json\/wp\/v2\/pages\/5381\/revisions\/5382"}],"wp:attachment":[{"href":"https:\/\/www.megaflex.cz\/lasery\/sk\/wp-json\/wp\/v2\/media?parent=5381"}],"curies":[{"name":"wp","href":"https:\/\/api.w.org\/{rel}","templated":true}]}}