{"id":5369,"date":"2018-11-22T00:40:47","date_gmt":"2018-11-22T00:40:47","guid":{"rendered":"http:\/\/www.megaflex.cz\/lasery\/sk\/?page_id=5369"},"modified":"2023-08-16T11:42:30","modified_gmt":"2023-08-16T09:42:30","slug":"skolenie-laserovej-bezpecnosti","status":"publish","type":"page","link":"https:\/\/www.megaflex.cz\/lasery\/sk\/skolenie-laserovej-bezpecnosti\/","title":{"rendered":"\u0160kolenie laserovej bezpe\u010dnosti"},"content":{"rendered":"\t\t<div data-elementor-type=\"wp-page\" data-elementor-id=\"5369\" class=\"elementor elementor-5369 elementor-3070\" data-elementor-post-type=\"page\">\n\t\t\t\t\t\t\t\t\t<section class=\"elementor-section elementor-top-section elementor-element elementor-element-7aa42e59 elementor-section-boxed elementor-section-height-default elementor-section-height-default\" data-id=\"7aa42e59\" data-element_type=\"section\">\n\t\t\t\t\t\t<div class=\"elementor-container elementor-column-gap-default\">\n\t\t\t\t\t<div class=\"elementor-column elementor-col-100 elementor-top-column elementor-element elementor-element-50d63c25\" data-id=\"50d63c25\" data-element_type=\"column\">\n\t\t\t<div class=\"elementor-widget-wrap elementor-element-populated\">\n\t\t\t\t\t\t\t\t<div class=\"elementor-element elementor-element-2d282b5e elementor-widget elementor-widget-heading\" data-id=\"2d282b5e\" data-element_type=\"widget\" data-widget_type=\"heading.default\">\n\t\t\t\t<div class=\"elementor-widget-container\">\n\t\t\t<style>\/*! elementor - v3.17.0 - 25-10-2023 *\/\n.elementor-heading-title{padding:0;margin:0;line-height:1}.elementor-widget-heading .elementor-heading-title[class*=elementor-size-]>a{color:inherit;font-size:inherit;line-height:inherit}.elementor-widget-heading .elementor-heading-title.elementor-size-small{font-size:15px}.elementor-widget-heading .elementor-heading-title.elementor-size-medium{font-size:19px}.elementor-widget-heading .elementor-heading-title.elementor-size-large{font-size:29px}.elementor-widget-heading .elementor-heading-title.elementor-size-xl{font-size:39px}.elementor-widget-heading .elementor-heading-title.elementor-size-xxl{font-size:59px}<\/style><h1 class=\"elementor-heading-title elementor-size-default\">\u0160kolenie laserovej bezpe\u010dnosti<\/h1>\t\t<\/div>\n\t\t\t\t<\/div>\n\t\t\t\t<div class=\"elementor-element elementor-element-20ba25fb elementor-widget elementor-widget-text-editor\" data-id=\"20ba25fb\" data-element_type=\"widget\" data-widget_type=\"text-editor.default\">\n\t\t\t\t<div class=\"elementor-widget-container\">\n\t\t\t<style>\/*! elementor - v3.17.0 - 25-10-2023 *\/\n.elementor-widget-text-editor.elementor-drop-cap-view-stacked .elementor-drop-cap{background-color:#69727d;color:#fff}.elementor-widget-text-editor.elementor-drop-cap-view-framed .elementor-drop-cap{color:#69727d;border:3px solid;background-color:transparent}.elementor-widget-text-editor:not(.elementor-drop-cap-view-default) .elementor-drop-cap{margin-top:8px}.elementor-widget-text-editor:not(.elementor-drop-cap-view-default) .elementor-drop-cap-letter{width:1em;height:1em}.elementor-widget-text-editor .elementor-drop-cap{float:left;text-align:center;line-height:1;font-size:50px}.elementor-widget-text-editor .elementor-drop-cap-letter{display:inline-block}<\/style>\t\t\t\tPoskytujeme \u0161kolenia laserovej bezpe\u010dnosti pre oper\u00e1torov laserov\u00fdch zna\u010diac\u00edch, grav\u00edrovac\u00edch a rezac\u00edch zariaden\u00ed a pre pracovn\u00edkov \u00fadr\u017eby. \u0160kolenie by malo prebieha\u0165 periodicky ka\u017ed\u00e9 1 &#8211; 2 roky. \u0160kolenie prebieha v s\u00falade s eur\u00f3pskymi normami STN EN 60825, Vyhl. 107\/2013 Zb, Vyhl. 106\/2010 Zb.\t\t\t\t\t\t<\/div>\n\t\t\t\t<\/div>\n\t\t\t\t\t<\/div>\n\t\t<\/div>\n\t\t\t\t\t\t\t<\/div>\n\t\t<\/section>\n\t\t\t\t<section class=\"elementor-section elementor-top-section elementor-element elementor-element-1fd76ce0 elementor-section-boxed elementor-section-height-default elementor-section-height-default\" data-id=\"1fd76ce0\" data-element_type=\"section\">\n\t\t\t\t\t\t<div class=\"elementor-container elementor-column-gap-default\">\n\t\t\t\t\t<div class=\"elementor-column elementor-col-50 elementor-top-column elementor-element elementor-element-24f7fb73\" data-id=\"24f7fb73\" data-element_type=\"column\">\n\t\t\t<div class=\"elementor-widget-wrap elementor-element-populated\">\n\t\t\t\t\t\t\t\t<div class=\"elementor-element elementor-element-26ab1c5b elementor-widget elementor-widget-image\" data-id=\"26ab1c5b\" data-element_type=\"widget\" data-widget_type=\"image.default\">\n\t\t\t\t<div class=\"elementor-widget-container\">\n\t\t\t<style>\/*! elementor - v3.17.0 - 25-10-2023 *\/\n.elementor-widget-image{text-align:center}.elementor-widget-image a{display:inline-block}.elementor-widget-image a img[src$=\".svg\"]{width:48px}.elementor-widget-image img{vertical-align:middle;display:inline-block}<\/style>\t\t\t\t\t\t\t\t\t\t\t\t<img loading=\"lazy\" decoding=\"async\" width=\"800\" height=\"424\" src=\"https:\/\/www.megaflex.cz\/lasery\/files\/2015\/08\/Megaflex-skoleni-laserove-bezpecnosti-1024x543.jpg\" class=\"attachment-large size-large wp-image-3696\" alt=\"\" srcset=\"https:\/\/www.megaflex.cz\/lasery\/files\/2015\/08\/Megaflex-skoleni-laserove-bezpecnosti-1024x543.jpg 1024w, https:\/\/www.megaflex.cz\/lasery\/files\/2015\/08\/Megaflex-skoleni-laserove-bezpecnosti-300x159.jpg 300w, https:\/\/www.megaflex.cz\/lasery\/files\/2015\/08\/Megaflex-skoleni-laserove-bezpecnosti.jpg 1300w\" sizes=\"(max-width: 800px) 100vw, 800px\" \/>\t\t\t\t\t\t\t\t\t\t\t\t\t\t\t<\/div>\n\t\t\t\t<\/div>\n\t\t\t\t\t<\/div>\n\t\t<\/div>\n\t\t\t\t<div class=\"elementor-column elementor-col-50 elementor-top-column elementor-element elementor-element-2f867ac6\" data-id=\"2f867ac6\" data-element_type=\"column\">\n\t\t\t<div class=\"elementor-widget-wrap elementor-element-populated\">\n\t\t\t\t\t\t\t\t<div class=\"elementor-element elementor-element-2fec6030 elementor-widget elementor-widget-text-editor\" data-id=\"2fec6030\" data-element_type=\"widget\" data-widget_type=\"text-editor.default\">\n\t\t\t\t<div class=\"elementor-widget-container\">\n\t\t\t\t\t\t\t<h3>Obsah \u0161kolenia :<\/h3><ol><li>Norma \u010cSN EN 60825-1 Bezpe\u010dnos\u0165 laserov\u00fdch zariaden\u00ed, \u010das\u0165 1 \u2013 Klasifik\u00e1cia zariaden\u00ed a po\u017eiadavky, \u010das\u0165 4 \u2013 Ochrann\u00e9 kryty laserov<\/li><li>Princ\u00edp lasera<\/li><li>Typy laserov<\/li><li>Vlastnosti laserov\u00e9ho l\u00fa\u010da<ul><li>koherentn\u00e9, n\u00edzka divergencia<\/li><li>monochromatick\u00fd<\/li><\/ul><\/li><li>P\u00f4sobenie laseru na \u013eudsk\u00fd organizmus<\/li><li>Pojmy AEL, MPL, HOHA, HOHD, ochrann\u00e1 skri\u0148a, servis, blokovac\u00ed syst\u00e9m<\/li><li>Klasifik\u00e1cia laserov do bezpe\u010dnostn\u00fdch tried<\/li><li>Vyu\u017eitie laserov<\/li><li>Ochrann\u00e9 kryty laserov<\/li><li>V\u00fdstra\u017en\u00e9 \u0161t\u00edtky<\/li><li>Z\u00e1sady bezpe\u010dnej pr\u00e1ce pri oprav\u00e1ch a \u00fadr\u017ebe laserov\u00fdch zariaden\u00ed<\/li><\/ol><p>Vy\u017eiadajte si podrobn\u00e9 inform\u00e1cie o \u0161kolen\u00ed na tel. \u010d\u00edsle +420 284 829 696 alebo si nap\u00ed\u0161te o ponuku na e-mail <a href=\"mailto:laser@megaflex.cz\">laser@megaflex.cz<\/a><\/p>\t\t\t\t\t\t<\/div>\n\t\t\t\t<\/div>\n\t\t\t\t\t<\/div>\n\t\t<\/div>\n\t\t\t\t\t\t\t<\/div>\n\t\t<\/section>\n\t\t\t\t\t\t\t<\/div>\n\t\t","protected":false},"excerpt":{"rendered":"<p>Poskytujeme \u0161kolenia laserovej bezpe\u010dnosti pre oper\u00e1torov laserov\u00fdch zna\u010diac\u00edch, grav\u00edrovac\u00edch a rezac\u00edch zariaden\u00ed a pre pracovn\u00edkov \u00fadr\u017eby. \u0160kolenie by malo prebieha\u0165 periodicky ka\u017ed\u00e9 1 &#8211; 2 roky. \u0160kolenie prebieha v s\u00falade s eur\u00f3pskymi normami STN EN 60825, Vyhl. 107\/2013 Zb, Vyhl. 106\/2010 Zb. Obsah \u0161kolenia : Norma \u010cSN EN 60825-1 Bezpe\u010dnos\u0165 laserov\u00fdch zariaden\u00ed, \u010das\u0165 1 \u2013 [&hellip;]<\/p>\n","protected":false},"author":974,"featured_media":3696,"parent":0,"menu_order":0,"comment_status":"closed","ping_status":"closed","template":"","meta":{"inline_featured_image":false,"_lmt_disableupdate":"","_lmt_disable":"","footnotes":""},"acf":[],"_links":{"self":[{"href":"https:\/\/www.megaflex.cz\/lasery\/sk\/wp-json\/wp\/v2\/pages\/5369"}],"collection":[{"href":"https:\/\/www.megaflex.cz\/lasery\/sk\/wp-json\/wp\/v2\/pages"}],"about":[{"href":"https:\/\/www.megaflex.cz\/lasery\/sk\/wp-json\/wp\/v2\/types\/page"}],"author":[{"embeddable":true,"href":"https:\/\/www.megaflex.cz\/lasery\/sk\/wp-json\/wp\/v2\/users\/974"}],"replies":[{"embeddable":true,"href":"https:\/\/www.megaflex.cz\/lasery\/sk\/wp-json\/wp\/v2\/comments?post=5369"}],"version-history":[{"count":6,"href":"https:\/\/www.megaflex.cz\/lasery\/sk\/wp-json\/wp\/v2\/pages\/5369\/revisions"}],"predecessor-version":[{"id":21012,"href":"https:\/\/www.megaflex.cz\/lasery\/sk\/wp-json\/wp\/v2\/pages\/5369\/revisions\/21012"}],"wp:featuredmedia":[{"embeddable":true,"href":"https:\/\/www.megaflex.cz\/lasery\/sk\/wp-json\/wp\/v2\/media\/3696"}],"wp:attachment":[{"href":"https:\/\/www.megaflex.cz\/lasery\/sk\/wp-json\/wp\/v2\/media?parent=5369"}],"curies":[{"name":"wp","href":"https:\/\/api.w.org\/{rel}","templated":true}]}}