{"id":4768,"date":"2018-11-22T01:18:35","date_gmt":"2018-11-22T01:18:35","guid":{"rendered":"http:\/\/www.megaflex.cz\/lasery\/sk\/?page_id=4768"},"modified":"2021-09-24T12:36:07","modified_gmt":"2021-09-24T12:36:07","slug":"prenajom-laserov-rayjet-50-c30w","status":"publish","type":"page","link":"https:\/\/www.megaflex.cz\/lasery\/sk\/prenajom-laserov-rayjet-50-c30w\/","title":{"rendered":"Pren\u00e1jom laserov Rayjet 50 C30W"},"content":{"rendered":"<h2>Lacn\u00e1, r\u00fdchla a \u013eahk\u00e1 cesta ako za\u010da\u0165 pou\u017e\u00edva\u0165 modern\u00e9 laserov\u00e9 zariadenie vo va\u0161ej firme<\/h2>\n<p>Mal\u00fdm a stredn\u00fdm firm\u00e1m pon\u00fakame jednoduch\u00fd, bezstarostn\u00fd a ve\u013emi lacn\u00fd sp\u00f4sob, ako z\u00edska\u0165 \u0161pi\u010dkov\u00e9 laserov\u00e9 zariadenie, vhodn\u00e9 pre v\u00fdrobu pe\u010diatok, digit\u00e1lny v\u00fdsek, grav\u00edrovanie a popis \u0161t\u00edtkov, grav\u00edrovanie a rezanie dreva, rezanie doskov\u00fdch materi\u00e1lov \u010di popis reklamn\u00fdch predmetov :<\/p>\n<h2>TROTEC Rayjet 50 s v\u00fdkonom 30W s ods\u00e1vac\u00edm zariaden\u00edm Atmos Compact<\/h2>\n<p><strong><span style=\"text-decoration: underline;\">\u0161tandardn\u00e9 pr\u00edslu\u0161enstvo :<\/span><\/strong><\/p>\n<p>ovl\u00e1dac\u00ed program Rayjet Commander<br \/>\nsoftv\u00e9rov\u00e9 \u200b\u200bzaostrovanie<br \/>\nlaserov\u00e9 ukazovadlo<br \/>\nelektronicky riaden\u00e1 os Z<br \/>\nelektronicky riaden\u00e9 ods\u00e1vacie zariadenie Atmos Compact<br \/>\n\u0161o\u0161ovka 2,0 &#8220;<br \/>\n\u0161kolenie obsluhy a \u00fadr\u017eby grav\u00edrky pri prevzat\u00ed zariadenia v spolo\u010dnosti MEGAFLEX<\/p>\n<p><span style=\"text-decoration: underline;\"><strong>volite\u013en\u00e9 polo\u017eky :<\/strong><\/span><\/p>\n<ul>\n<li>ofukovanie pracovnej plochy (odpor\u00fa\u010dan\u00e9) za dodato\u010dn\u00fd mesa\u010dn\u00fd n\u00e1jom 20,00 \u20ac<\/li>\n<li>rezac\u00ed st\u00f4l (odpor\u00fa\u010dan\u00e9 pre rezanie) za dodato\u010dn\u00fd mesa\u010dn\u00fd n\u00e1jom 8,00 \u20ac<\/li>\n<li>rota\u010dn\u00fd pr\u00edpravok s k\u00f3nusom pre grav\u00edrovanie valcov\u00fdch predmetov po obvode za dodato\u010dn\u00fd mesa\u010dn\u00fd n\u00e1jom 23,00 \u20ac<\/li>\n<li>z\u00e1lo\u017en\u00fd zdroj UPS (rie\u0161i nestabiln\u00e9 elektrick\u00e9 pripojenie) za dodato\u010dn\u00fd mesa\u010dn\u00fd n\u00e1jom 21,00 \u20ac<\/li>\n<li>odvoz k z\u00e1kazn\u00edkovi (vr\u00e1tane za\u0161kolenia) od s\u00eddla spolo\u010dnosti MEGAFLEX za cenu 0,60 \u20ac\/km<\/li>\n<\/ul>\n<p><strong>N\u00e1jom si m\u00f4\u017eete dojedna\u0165 na dobu ur\u010dit\u00fa v trvan\u00ed :<\/strong><\/p>\n<ul>\n<li>48 po sebe id\u00facich kalend\u00e1rnych mesiacov za 286,00 \u20ac\/mesa\u010dne<\/li>\n<li>12 po sebe id\u00facich kalend\u00e1rnych mesiacov za 409,00 \u20ac\/mesa\u010dne<\/li>\n<li>1 kalend\u00e1rny mesiac za 572,00 \u20ac<\/li>\n<\/ul>\n<p><em>V\u0161etky ceny s\u00fa uveden\u00e9 bez dane z pridanej hodnoty (DPH).<\/em><\/p>\n<p>Po skon\u010den\u00ed n\u00e1jmu sa m\u00f4\u017eete rozhodn\u00fa\u0165 pre nov\u00fd n\u00e1jom &#8211; alebo si stroj odk\u00fapi\u0165.<\/p>\n<p><strong>S\u00fa\u010das\u0165ou n\u00e1jmu je kompletn\u00fd a bezplatn\u00fd servis s garanciou funk\u010dnosti zariadenia do 3 dn\u00ed a samozrejme poistenie zariadenia.<\/strong><\/p>\n<p><strong>Vzorov\u00e1 zmluva na pren\u00e1jom zariadenia Rayjet 50<\/strong><\/p>\n\n<p><strong>V\u0161eobecn\u00e9 poistn\u00e9 podmienky pre poistenie elektroniky <\/strong><\/p>\n\n<p><strong>Doplnkov\u00e9 poistn\u00e9 podmienky k poistnej zmluve <\/strong><\/p>\n\n<p><strong>Osobitn\u00e9 poistn\u00e9 podmienky pre technick\u00e9 poistenie majetku <\/strong><\/p>\n\n<p>&nbsp;<\/p>\n<p>N\u00e1jomca m\u00e1 pr\u00e1vo zmluvu kedyko\u013evek vypoveda\u0165 aj bez uvedenia d\u00f4vodu v trojmesa\u010dnej lehote.<\/p>\n<p>Zariadenie je navrhnut\u00e9 a vyroben\u00e9 pre syst\u00e9m &#8222;Plug and Ray&#8220;, teda &#8222;Pripoj a Grav\u00edruj&#8220;. In\u0161tal\u00e1cia a spustenie nevy\u017eaduje \u017eiadne zvl\u00e1\u0161tne schopnosti alebo vedomosti a \u013eahko ich zvl\u00e1dne ka\u017ed\u00fd sk\u00fasenej\u0161\u00ed u\u017e\u00edvate\u013e po\u010d\u00edta\u010da. M\u00f4\u017eete si ho ale tie\u017e necha\u0165 in\u0161talova\u0165 od n\u00e1s.<\/p>\n<p><strong>Pre detail a pr\u00edpadn\u00e9 vyplnenie va\u0161ej zmluvy na pren\u00e1jom zariadenia n\u00e1s pros\u00edm <a href=\"http:\/\/www.megaflex.cz\/lasery\/sk\/kontakt\/\">kontaktujte<\/a>.<\/strong><\/p>\n<p>&nbsp;<\/p>\n","protected":false},"excerpt":{"rendered":"<p>Lacn\u00e1, r\u00fdchla a \u013eahk\u00e1 cesta ako za\u010da\u0165 pou\u017e\u00edva\u0165 modern\u00e9 laserov\u00e9 zariadenie vo va\u0161ej firme Mal\u00fdm a stredn\u00fdm firm\u00e1m pon\u00fakame jednoduch\u00fd, bezstarostn\u00fd a ve\u013emi lacn\u00fd sp\u00f4sob, ako z\u00edska\u0165 \u0161pi\u010dkov\u00e9 laserov\u00e9 zariadenie, vhodn\u00e9 pre v\u00fdrobu pe\u010diatok, digit\u00e1lny v\u00fdsek, grav\u00edrovanie a popis \u0161t\u00edtkov, grav\u00edrovanie a rezanie dreva, rezanie doskov\u00fdch materi\u00e1lov \u010di popis reklamn\u00fdch predmetov : TROTEC Rayjet 50 [&hellip;]<\/p>\n","protected":false},"author":974,"featured_media":0,"parent":0,"menu_order":0,"comment_status":"closed","ping_status":"closed","template":"","meta":{"inline_featured_image":false,"_lmt_disableupdate":"","_lmt_disable":"","footnotes":""},"acf":[],"_links":{"self":[{"href":"https:\/\/www.megaflex.cz\/lasery\/sk\/wp-json\/wp\/v2\/pages\/4768"}],"collection":[{"href":"https:\/\/www.megaflex.cz\/lasery\/sk\/wp-json\/wp\/v2\/pages"}],"about":[{"href":"https:\/\/www.megaflex.cz\/lasery\/sk\/wp-json\/wp\/v2\/types\/page"}],"author":[{"embeddable":true,"href":"https:\/\/www.megaflex.cz\/lasery\/sk\/wp-json\/wp\/v2\/users\/974"}],"replies":[{"embeddable":true,"href":"https:\/\/www.megaflex.cz\/lasery\/sk\/wp-json\/wp\/v2\/comments?post=4768"}],"version-history":[{"count":5,"href":"https:\/\/www.megaflex.cz\/lasery\/sk\/wp-json\/wp\/v2\/pages\/4768\/revisions"}],"predecessor-version":[{"id":8530,"href":"https:\/\/www.megaflex.cz\/lasery\/sk\/wp-json\/wp\/v2\/pages\/4768\/revisions\/8530"}],"wp:attachment":[{"href":"https:\/\/www.megaflex.cz\/lasery\/sk\/wp-json\/wp\/v2\/media?parent=4768"}],"curies":[{"name":"wp","href":"https:\/\/api.w.org\/{rel}","templated":true}]}}