{"id":8883,"date":"2022-10-04T12:06:57","date_gmt":"2022-10-04T10:06:57","guid":{"rendered":"http:\/\/www.megaflex.cz\/lasery\/en\/?page_id=8883"},"modified":"2024-12-19T17:41:23","modified_gmt":"2024-12-19T15:41:23","slug":"downloads","status":"publish","type":"page","link":"https:\/\/www.megaflex.cz\/lasery\/en\/downloads\/","title":{"rendered":"Downloads"},"content":{"rendered":"\t\t<div data-elementor-type=\"wp-page\" data-elementor-id=\"8883\" class=\"elementor elementor-8883 elementor-2743\" data-elementor-post-type=\"page\">\n\t\t\t\t\t\t\t<div class=\"elementor-element elementor-element-56db53b e-con-full e-flex e-con e-parent\" data-id=\"56db53b\" data-element_type=\"container\" data-settings=\"{&quot;content_width&quot;:&quot;full&quot;}\" data-core-v316-plus=\"true\">\n\t\t<div class=\"elementor-element elementor-element-0bfc262 e-con-full e-flex e-con e-child\" data-id=\"0bfc262\" data-element_type=\"container\" data-settings=\"{&quot;content_width&quot;:&quot;full&quot;}\">\n\t\t\t\t<div class=\"elementor-element elementor-element-2ac8ad6 elementor-widget elementor-widget-wp-widget-bcn_widget\" data-id=\"2ac8ad6\" data-element_type=\"widget\" data-widget_type=\"wp-widget-bcn_widget.default\">\n\t\t\t\t<div class=\"elementor-widget-container\">\n\t\t\t<div class=\"breadcrumbs\" vocab=\"https:\/\/schema.org\/\" typeof=\"BreadcrumbList\"><!-- Breadcrumb NavXT 7.4.1 -->\n<span property=\"itemListElement\" typeof=\"ListItem\"><a property=\"item\" typeof=\"WebPage\" href=\"https:\/\/www.megaflex.cz\/lasery\/en\/\" class=\"home\" aria-current=\"page\"><span property=\"name\"><i class=\"fas fa-home\"><\/i><\/span><\/a><meta property=\"position\" content=\"1\"><\/span><\/div>\t\t<\/div>\n\t\t\t\t<\/div>\n\t\t\t\t<\/div>\n\t\t\t\t<\/div>\n\t\t<div class=\"elementor-element elementor-element-20ba032 e-flex e-con-boxed e-con e-parent\" data-id=\"20ba032\" data-element_type=\"container\" data-settings=\"{&quot;background_background&quot;:&quot;classic&quot;,&quot;content_width&quot;:&quot;boxed&quot;}\" data-core-v316-plus=\"true\">\n\t\t\t\t\t<div class=\"e-con-inner\">\n\t\t<div class=\"elementor-element elementor-element-11f7395 e-flex e-con-boxed e-con e-child\" data-id=\"11f7395\" data-element_type=\"container\" data-settings=\"{&quot;content_width&quot;:&quot;boxed&quot;}\">\n\t\t\t\t\t<div class=\"e-con-inner\">\n\t\t\t\t<div class=\"elementor-element elementor-element-6cd9b69 elementor-widget elementor-widget-heading\" data-id=\"6cd9b69\" data-element_type=\"widget\" data-widget_type=\"heading.default\">\n\t\t\t\t<div class=\"elementor-widget-container\">\n\t\t\t<style>\/*! elementor - v3.17.0 - 25-10-2023 *\/\n.elementor-heading-title{padding:0;margin:0;line-height:1}.elementor-widget-heading .elementor-heading-title[class*=elementor-size-]>a{color:inherit;font-size:inherit;line-height:inherit}.elementor-widget-heading .elementor-heading-title.elementor-size-small{font-size:15px}.elementor-widget-heading .elementor-heading-title.elementor-size-medium{font-size:19px}.elementor-widget-heading .elementor-heading-title.elementor-size-large{font-size:29px}.elementor-widget-heading .elementor-heading-title.elementor-size-xl{font-size:39px}.elementor-widget-heading .elementor-heading-title.elementor-size-xxl{font-size:59px}<\/style><h1 class=\"elementor-heading-title elementor-size-default\">Downloads<\/h1>\t\t<\/div>\n\t\t\t\t<\/div>\n\t\t\t\t<div class=\"elementor-element elementor-element-791e07e elementor-widget elementor-widget-text-editor\" data-id=\"791e07e\" data-element_type=\"widget\" data-widget_type=\"text-editor.default\">\n\t\t\t\t<div class=\"elementor-widget-container\">\n\t\t\t<style>\/*! elementor - v3.17.0 - 25-10-2023 *\/\n.elementor-widget-text-editor.elementor-drop-cap-view-stacked .elementor-drop-cap{background-color:#69727d;color:#fff}.elementor-widget-text-editor.elementor-drop-cap-view-framed .elementor-drop-cap{color:#69727d;border:3px solid;background-color:transparent}.elementor-widget-text-editor:not(.elementor-drop-cap-view-default) .elementor-drop-cap{margin-top:8px}.elementor-widget-text-editor:not(.elementor-drop-cap-view-default) .elementor-drop-cap-letter{width:1em;height:1em}.elementor-widget-text-editor .elementor-drop-cap{float:left;text-align:center;line-height:1;font-size:50px}.elementor-widget-text-editor .elementor-drop-cap-letter{display:inline-block}<\/style>\t\t\t\t<p>Laser catalogs in a flip-through version are available in <a href=\"https:\/\/www.mega-blog.cz\/lasery\/katalogy-vsech-laseru-ve-flip-verzi-pro-pohodlny-pristup-a-listovani\/#post-24689\" target=\"_blank\" rel=\"noopener\">this article<\/a> on our blog.<\/p>\t\t\t\t\t\t<\/div>\n\t\t\t\t<\/div>\n\t\t\t\t<div class=\"elementor-element elementor-element-670d390 elementor-widget elementor-widget-shortcode\" data-id=\"670d390\" data-element_type=\"widget\" data-widget_type=\"shortcode.default\">\n\t\t\t\t<div class=\"elementor-widget-container\">\n\t\t\t\t\t<div class=\"elementor-shortcode\">\n\t    <div class='ds-container'>\n        <div class='filter-section'>\n          <form id='bigfilter' method='post'>\n          <div id='big-filter'>\n            <script>\n              var data = '';\n\n              function _walkData(x)\n              {\n                var s = '';\n                jQuery('#'+x+'-box input:checked').each(function () {\n                  if(s != '') s += ', ';\n                  s += jQuery(this).data('tit');\n                });\n\n                if(s == '') {\n                  jQuery('#'+x+'-box .props').html('Nen\u00ed d\u016fle\u017eit\u00e9...');\n                  jQuery('#'+x+'-box').removeClass('filled');\n                }\n                else {\n                  jQuery('#'+x+'-box .props').html(s);\n                  jQuery('#'+x+'-box').addClass('filled');\n                }\n              }\n\n              function walkData()\n              {\n                  _walkData('xlaser');\n                  _walkData('cat');\n                  _walkData('OS');\n                  _walkData('BIT');\n              }\n\n              function updateFilter()\n              {\n                walkData();\n                jQuery(\"#search-res\").data('ldr', new ajaxLoader(jQuery(\"#search-res\"), {classOveride : 'ajax_loader_def'}));\n                jQuery.pjax({url: \"?\" + jQuery('#bigfilter').serialize(), container: '#search-res'})\n                \n              }\n\n              jQuery(function() {\n                jQuery(document).on(\"pjax:timeout\", function() { return false; });\n                \n                jQuery('#big-filter input').change(function(){updateFilter();});\n                walkData();\n              });\n            <\/script>\n    \n        <div class='panel-group filter-box' id='accordion' role='tablist' aria-multiselectable='true'>\n          <div class='panel panel-default' id='cat-box'>\n            <div class='panel-heading' role='tab' id='heading1'>\n              <h4 class='panel-title'>\n                <a role='button' data-toggle='collapse' data-parent='#accordion' href='#collapse1' aria-expanded='true' aria-controls='collapse1'>\n                  Typ souboru: <span class='props'>Vyberte ...<\/span>\n                <\/a>\n              <\/h4>\n            <\/div>\n            <div id='collapse1' class='panel-collapse collapse in' role='tabpanel' aria-labelledby='heading1'>\n              <div class='panel-body'>\n    <ul><li class=\"readonly-rel\"><input type=\"checkbox\"  data-tit=\"Brochure\" name=\"cat[]\" id=\"cat-252\"  value=\"252\"><label for=\"cat-252\">Brochure <span class=\"cnt\">(16)<span><\/label><\/li><li class=\"readonly-rel\"><input type=\"checkbox\"  data-tit=\"Software\" name=\"cat[]\" id=\"cat-250\"  value=\"250\"><label for=\"cat-250\">Software <span class=\"cnt\">(1)<span><\/label><\/li><\/ul>\n              <\/div>\n            <\/div>\n          <\/div>\n        <\/div>\n      <div class='panel-group filter-box' id='accordion' role='tablist' aria-multiselectable='true'>\n        <div class='panel panel-default' id='xlaser-box'>\n          <div class='panel-heading' role='tab' id='heading2'>\n            <h4 class='panel-title'>\n              <a role='button' data-toggle='collapse' data-parent='#accordion' href='#collapse2' aria-expanded='true' aria-controls='collapse2'>\n                Ur\u010deno pro za\u0159\u00edzen\u00ed: <span class='props'>Vyberte ...<\/span>\n              <\/a>\n            <\/h4>\n          <\/div>\n          <div id='collapse2' class='panel-collapse collapse ' role='tabpanel' aria-labelledby='heading2'>\n            <div class='panel-body'>\n              <ul>\n            <\/ul>\n          <\/div>\n        <\/div>\n      <\/div>\n    <\/div>\n      <div class='panel-group filter-box' id='accordion' role='tablist' aria-multiselectable='true'>\n        <div class='panel panel-default' id='OS-box'>\n          <div class='panel-heading' role='tab' id='heading3'>\n            <h4 class='panel-title'>\n              <a role='button' data-toggle='collapse' data-parent='#accordion' href='#collapse3' aria-expanded='true' aria-controls='collapse3'>\n                Opera\u010dn\u00ed syst\u00e9m: <span class='props'>Vyberte ...<\/span>\n              <\/a>\n            <\/h4>\n          <\/div>\n          <div id='collapse3' class='panel-collapse collapse ' role='tabpanel' aria-labelledby='heading3'>\n            <div class='panel-body' >\n              <ul><li class=\"readonly-rel\"><input type=\"checkbox\"  data-tit=\"Win 10\" name=\"OS[]\" id=\"OS-12\"  value=\"12\"><label for=\"lasmat-12\">Win 10 <span class=\"cnt\">(1)<span><\/label><\/li>\n              <\/ul>\n            <\/div>\n          <\/div>\n        <\/div>\n      <\/div>\n      <div class='panel-group filter-box' id='accordion' role='tablist' aria-multiselectable='true'>\n    \n        <div class='panel panel-default'  id='BIT-box'>\n          <div class='panel-heading' role='tab' id='heading4'>\n            <h4 class='panel-title'>\n              <a role='button' data-toggle='collapse' data-parent='#accordion' href='#collapse4' aria-expanded='true' aria-controls='collapse4'>\n                Bity opera\u010dn\u00edho syst\u00e9mu: <span class='props'>Vyberte ...<\/span>\n              <\/a>\n            <\/h4>\n          <\/div>\n          <div id='collapse4' class='panel-collapse collapse' role='tabpanel' aria-labelledby='heading4'>\n            <div class='panel-body'>\n    <ul>\n          <li class=\"readonly-rel\"><input type=\"checkbox\"  data-tit=\"32\" name=\"BIT[]\" id=\"BIT-15\" value=\"15\">\n            <label for=\"BIT-15\">32 <span class=\"cnt\">(1)<span><\/label>\n          <\/li>\n          <li class=\"readonly-rel\"><input type=\"checkbox\"  data-tit=\"64\" name=\"BIT[]\" id=\"BIT-16\" value=\"16\">\n            <label for=\"BIT-16\">64 <span class=\"cnt\">(1)<span><\/label>\n          <\/li><\/ul>\n          <\/div>\n        <\/div>\n      <\/div>\n    <\/div>\n    <\/form>\n\n\t\t <\/div>\n      <div id='content-section'>\n        <div id='search-res' class=''>\n        <\/div>\n      <\/div><\/div><div class='row ds-content-section'><div class='col-xs-12 search-res-nothing2'>Za\u010dn\u011bte volbou parametr\u016f ve vyhled\u00e1vac\u00edm formul\u00e1\u0159i<\/div><\/div><\/div>\n\t\t\t\t<\/div>\n\t\t\t\t<\/div>\n\t\t\t\t\t<\/div>\n\t\t\t\t<\/div>\n\t\t\t\t\t<\/div>\n\t\t\t\t<\/div>\n\t\t\t\t\t\t\t<\/div>\n\t\t","protected":false},"excerpt":{"rendered":"<p>Downloads Laser catalogs in a flip-through version are available in this article on our blog.<\/p>\n","protected":false},"author":9,"featured_media":0,"parent":0,"menu_order":0,"comment_status":"open","ping_status":"closed","template":"elementor_header_footer","meta":{"inline_featured_image":false,"_lmt_disableupdate":"no","_lmt_disable":"","footnotes":""},"acf":[],"_links":{"self":[{"href":"https:\/\/www.megaflex.cz\/lasery\/en\/wp-json\/wp\/v2\/pages\/8883"}],"collection":[{"href":"https:\/\/www.megaflex.cz\/lasery\/en\/wp-json\/wp\/v2\/pages"}],"about":[{"href":"https:\/\/www.megaflex.cz\/lasery\/en\/wp-json\/wp\/v2\/types\/page"}],"author":[{"embeddable":true,"href":"https:\/\/www.megaflex.cz\/lasery\/en\/wp-json\/wp\/v2\/users\/9"}],"replies":[{"embeddable":true,"href":"https:\/\/www.megaflex.cz\/lasery\/en\/wp-json\/wp\/v2\/comments?post=8883"}],"version-history":[{"count":11,"href":"https:\/\/www.megaflex.cz\/lasery\/en\/wp-json\/wp\/v2\/pages\/8883\/revisions"}],"predecessor-version":[{"id":24287,"href":"https:\/\/www.megaflex.cz\/lasery\/en\/wp-json\/wp\/v2\/pages\/8883\/revisions\/24287"}],"wp:attachment":[{"href":"https:\/\/www.megaflex.cz\/lasery\/en\/wp-json\/wp\/v2\/media?parent=8883"}],"curies":[{"name":"wp","href":"https:\/\/api.w.org\/{rel}","templated":true}]}}